{"id":14,"date":"2024-05-28T09:19:34","date_gmt":"2024-05-28T09:19:34","guid":{"rendered":"https:\/\/cyprusbosch.com\/index.php\/cart\/"},"modified":"2024-05-28T09:19:34","modified_gmt":"2024-05-28T09:19:34","slug":"cart","status":"publish","type":"page","link":"https:\/\/cyprusbosch.com\/en\/cart\/","title":{"rendered":"Cart"},"content":{"rendered":"<div data-block-name=\"woocommerce\/cart\" class=\"wp-block-woocommerce-cart alignwide is-loading\">\n<div data-block-name=\"woocommerce\/filled-cart-block\" class=\"wp-block-woocommerce-filled-cart-block\">\n<div data-block-name=\"woocommerce\/cart-items-block\" class=\"wp-block-woocommerce-cart-items-block\">\n<div data-block-name=\"woocommerce\/cart-line-items-block\" class=\"wp-block-woocommerce-cart-line-items-block\"><\/div>\n\n\n\n<div data-block-name=\"woocommerce\/cart-cross-sells-block\" class=\"wp-block-woocommerce-cart-cross-sells-block\">\n<h2 class=\"wp-block-heading has-large-font-size\">You may be interested in\u2026<\/h2>\n\n\n\n<div data-block-name=\"woocommerce\/cart-cross-sells-products-block\" class=\"wp-block-woocommerce-cart-cross-sells-products-block\"><\/div>\n<\/div>\n<\/div>\n\n\n\n<div data-block-name=\"woocommerce\/cart-totals-block\" class=\"wp-block-woocommerce-cart-totals-block\">\n<div data-block-name=\"woocommerce\/cart-order-summary-block\" class=\"wp-block-woocommerce-cart-order-summary-block\">\n<div data-block-name=\"woocommerce\/cart-order-summary-heading-block\" class=\"wp-block-woocommerce-cart-order-summary-heading-block\"><\/div><div data-block-name=\"woocommerce\/cart-order-summary-coupon-form-block\" class=\"wp-block-woocommerce-cart-order-summary-coupon-form-block\"><\/div><div data-block-name=\"woocommerce\/cart-order-summary-totals-block\" class=\"wp-block-woocommerce-cart-order-summary-totals-block\">\n<div data-block-name=\"woocommerce\/cart-order-summary-subtotal-block\" class=\"wp-block-woocommerce-cart-order-summary-subtotal-block\"><\/div>\n<div data-block-name=\"woocommerce\/cart-order-summary-discount-block\" class=\"wp-block-woocommerce-cart-order-summary-discount-block\"><\/div>\n<div data-block-name=\"woocommerce\/cart-order-summary-fee-block\" class=\"wp-block-woocommerce-cart-order-summary-fee-block\"><\/div>\n<div data-block-name=\"woocommerce\/cart-order-summary-shipping-block\" class=\"wp-block-woocommerce-cart-order-summary-shipping-block\"><\/div>\n<div data-block-name=\"woocommerce\/cart-order-summary-taxes-block\" class=\"wp-block-woocommerce-cart-order-summary-taxes-block\"><\/div><\/div>\n<\/div>\n\n\n\n<div data-block-name=\"woocommerce\/cart-express-payment-block\" class=\"wp-block-woocommerce-cart-express-payment-block\"><\/div>\n\n\n\n<div data-block-name=\"woocommerce\/proceed-to-checkout-block\" class=\"wp-block-woocommerce-proceed-to-checkout-block\"><\/div>\n\n\n\n<div data-block-name=\"woocommerce\/cart-accepted-payment-methods-block\" class=\"wp-block-woocommerce-cart-accepted-payment-methods-block\"><\/div>\n<\/div>\n<\/div>\n\n\n\n<div data-block-name=\"woocommerce\/empty-cart-block\" class=\"wp-block-woocommerce-empty-cart-block\">\n<h2 class=\"wp-block-heading has-text-align-center with-empty-cart-icon wc-block-cart__empty-cart__title\">Your cart is currently empty!<\/h2>\n\n\n\n<hr class=\"wp-block-separator has-alpha-channel-opacity is-style-dots\"\/>\n\n\n\n<h2 class=\"wp-block-heading has-text-align-center\">New in store<\/h2>\n\n\n<div data-block-name=\"woocommerce\/product-new\" data-columns=\"4\" data-rows=\"1\" class=\"wc-block-grid wp-block-product-new wp-block-woocommerce-product-new wc-block-product-new has-4-columns\"><ul class=\"wc-block-grid__products\"><li class=\"wc-block-grid__product add-to-wishlist-after_add_to_cart\"><a href=\"https:\/\/cyprusbosch.com\/en\/product\/serie-2-gomme-aspirator-53-cm-antrasit\/\" class=\"wc-block-grid__product-link\">\n\t\t\t\t\t\n\t\t\t\t\t<div class=\"wc-block-grid__product-image\"><img fetchpriority=\"high\" decoding=\"async\" width=\"400\" height=\"400\" src=\"https:\/\/cyprusbosch.com\/wp-content\/uploads\/2025\/03\/MCSA02659997_DLN53AA70_Canopy_Bosch_PGA3_def-400x400.webp\" class=\"attachment-woocommerce_thumbnail size-woocommerce_thumbnail\" alt=\"Serie | 2 G\u00f6mme Aspirat\u00f6r 53 cm Antrasit\" srcset=\"https:\/\/cyprusbosch.com\/wp-content\/uploads\/2025\/03\/MCSA02659997_DLN53AA70_Canopy_Bosch_PGA3_def-400x400.webp 400w, https:\/\/cyprusbosch.com\/wp-content\/uploads\/2025\/03\/MCSA02659997_DLN53AA70_Canopy_Bosch_PGA3_def-150x150.webp 150w, https:\/\/cyprusbosch.com\/wp-content\/uploads\/2025\/03\/MCSA02659997_DLN53AA70_Canopy_Bosch_PGA3_def-180x180.webp 180w, https:\/\/cyprusbosch.com\/wp-content\/uploads\/2025\/03\/MCSA02659997_DLN53AA70_Canopy_Bosch_PGA3_def-46x46.webp 46w, https:\/\/cyprusbosch.com\/wp-content\/uploads\/2025\/03\/MCSA02659997_DLN53AA70_Canopy_Bosch_PGA3_def-100x100.webp 100w, https:\/\/cyprusbosch.com\/wp-content\/uploads\/2025\/03\/MCSA02659997_DLN53AA70_Canopy_Bosch_PGA3_def-54x54.webp 54w, https:\/\/cyprusbosch.com\/wp-content\/uploads\/2025\/03\/MCSA02659997_DLN53AA70_Canopy_Bosch_PGA3_def-310x310.webp 310w, https:\/\/cyprusbosch.com\/wp-content\/uploads\/2025\/03\/MCSA02659997_DLN53AA70_Canopy_Bosch_PGA3_def-80x80.webp 80w\" sizes=\"(max-width: 400px) 100vw, 400px\" \/><\/div>\n\t\t\t\t\t<div class=\"wc-block-grid__product-title\">Serie | 2 G\u00f6mme Aspirat\u00f6r 53 cm Antrasit<\/div>\n\t\t\t\t<\/a>\n\t\t\t\t<div class=\"wc-block-grid__product-price price\"><\/div>\n\t\t\t\t\n\t\t\t\t<div class=\"wp-block-button wc-block-grid__product-add-to-cart\"><a href=\"https:\/\/cyprusbosch.com\/en\/product\/serie-2-gomme-aspirator-53-cm-antrasit\/\" aria-label=\"Read more about \u201cSerie | 2 G\u00f6mme Aspirat\u00f6r 53 cm Antrasit\u201d\" data-quantity=\"1\" data-product_id=\"9952\" data-product_sku=\"DLN53AA70\" data-price=\"0\" rel=\"nofollow\" class=\"wp-block-button__link  add_to_cart_button\" data-no-translation=\"\" data-trp-gettext=\"\" data-no-translation-aria-label=\"\">Read more<\/a><\/div>\n\t\t\t\n<div\n\tclass=\"yith-wcwl-add-to-wishlist add-to-wishlist-9952 yith-wcwl-add-to-wishlist--link-style wishlist-fragment on-first-load\"\n\tdata-fragment-ref=\"9952\"\n\tdata-fragment-options=\"{&quot;base_url&quot;:&quot;&quot;,&quot;product_id&quot;:9952,&quot;parent_product_id&quot;:0,&quot;product_type&quot;:&quot;simple&quot;,&quot;is_single&quot;:false,&quot;in_default_wishlist&quot;:false,&quot;show_view&quot;:false,&quot;browse_wishlist_text&quot;:&quot;Browse wishlist&quot;,&quot;already_in_wishslist_text&quot;:&quot;The product is already in your wishlist!&quot;,&quot;product_added_text&quot;:&quot;Product added!&quot;,&quot;available_multi_wishlist&quot;:false,&quot;disable_wishlist&quot;:false,&quot;show_count&quot;:false,&quot;ajax_loading&quot;:false,&quot;loop_position&quot;:&quot;after_add_to_cart&quot;,&quot;item&quot;:&quot;add_to_wishlist&quot;}\"\n>\n\t\t\t\n\t\t\t<!-- ADD TO WISHLIST -->\n\t\t\t\n<div class=\"yith-wcwl-add-button\">\n\t\t<a\n\t\thref=\"?add_to_wishlist=9952&#038;_wpnonce=4723c8adbd\"\n\t\tclass=\"add_to_wishlist single_add_to_wishlist\"\n\t\tdata-product-id=\"9952\"\n\t\tdata-product-type=\"simple\"\n\t\tdata-original-product-id=\"0\"\n\t\tdata-title=\"&lt;span class=&quot;ts-tooltip button-tooltip&quot; data-title=&quot;Add to wishlist&quot;&gt;Wishlist&lt;\/span&gt;\"\n\t\trel=\"nofollow\"\n\t>\n\t\t<svg id=\"yith-wcwl-icon-heart-outline\" class=\"yith-wcwl-icon-svg\" fill=\"none\" stroke-width=\"1.5\" stroke=\"currentColor\" viewbox=\"0 0 24 24\" xmlns=\"http:\/\/www.w3.org\/2000\/svg\">\n  <path stroke-linecap=\"round\" stroke-linejoin=\"round\" d=\"M21 8.25c0-2.485-2.099-4.5-4.688-4.5-1.935 0-3.597 1.126-4.312 2.733-.715-1.607-2.377-2.733-4.313-2.733C5.1 3.75 3 5.765 3 8.25c0 7.22 9 12 9 12s9-4.78 9-12Z\"><\/path>\n<\/svg>\t\t<span><span class=\"ts-tooltip button-tooltip\" data-title=\"Add to wishlist\">Wishlist<\/span><\/span>\n\t<\/a>\n<\/div>\n\n\t\t\t<!-- COUNT TEXT -->\n\t\t\t\n\t\t\t<\/div>\n<\/li><li class=\"wc-block-grid__product add-to-wishlist-after_add_to_cart\"><a href=\"https:\/\/cyprusbosch.com\/en\/product\/serie-2-teleskopik-aspirator-60-cm-gumus-metalik\/\" class=\"wc-block-grid__product-link\">\n\t\t\t\t\t\n\t\t\t\t\t<div class=\"wc-block-grid__product-image\"><img decoding=\"async\" width=\"400\" height=\"400\" src=\"https:\/\/cyprusbosch.com\/wp-content\/uploads\/2025\/03\/Bosch-web-sitesi-8-400x400.png\" class=\"attachment-woocommerce_thumbnail size-woocommerce_thumbnail\" alt=\"Serie | 2 Teleskopik Aspirat\u00f6r 60 cm G\u00fcm\u00fc\u015f Metalik\" srcset=\"https:\/\/cyprusbosch.com\/wp-content\/uploads\/2025\/03\/Bosch-web-sitesi-8-400x400.png 400w, https:\/\/cyprusbosch.com\/wp-content\/uploads\/2025\/03\/Bosch-web-sitesi-8-300x300.png 300w, https:\/\/cyprusbosch.com\/wp-content\/uploads\/2025\/03\/Bosch-web-sitesi-8-1024x1024.png 1024w, https:\/\/cyprusbosch.com\/wp-content\/uploads\/2025\/03\/Bosch-web-sitesi-8-150x150.png 150w, https:\/\/cyprusbosch.com\/wp-content\/uploads\/2025\/03\/Bosch-web-sitesi-8-768x768.png 768w, https:\/\/cyprusbosch.com\/wp-content\/uploads\/2025\/03\/Bosch-web-sitesi-8-180x180.png 180w, https:\/\/cyprusbosch.com\/wp-content\/uploads\/2025\/03\/Bosch-web-sitesi-8-12x12.png 12w, https:\/\/cyprusbosch.com\/wp-content\/uploads\/2025\/03\/Bosch-web-sitesi-8-46x46.png 46w, https:\/\/cyprusbosch.com\/wp-content\/uploads\/2025\/03\/Bosch-web-sitesi-8-1000x1000.png 1000w, https:\/\/cyprusbosch.com\/wp-content\/uploads\/2025\/03\/Bosch-web-sitesi-8-100x100.png 100w, https:\/\/cyprusbosch.com\/wp-content\/uploads\/2025\/03\/Bosch-web-sitesi-8-54x54.png 54w, https:\/\/cyprusbosch.com\/wp-content\/uploads\/2025\/03\/Bosch-web-sitesi-8-310x310.png 310w, https:\/\/cyprusbosch.com\/wp-content\/uploads\/2025\/03\/Bosch-web-sitesi-8-80x80.png 80w, https:\/\/cyprusbosch.com\/wp-content\/uploads\/2025\/03\/Bosch-web-sitesi-8.png 1080w\" sizes=\"(max-width: 400px) 100vw, 400px\" \/><\/div>\n\t\t\t\t\t<div class=\"wc-block-grid__product-title\">Serie | 2 Teleskopik Aspirat\u00f6r 60 cm G\u00fcm\u00fc\u015f Metalik<\/div>\n\t\t\t\t<\/a>\n\t\t\t\t<div class=\"wc-block-grid__product-price price\"><\/div>\n\t\t\t\t\n\t\t\t\t<div class=\"wp-block-button wc-block-grid__product-add-to-cart\"><a href=\"https:\/\/cyprusbosch.com\/en\/product\/serie-2-teleskopik-aspirator-60-cm-gumus-metalik\/\" aria-label=\"Read more about \u201cSerie | 2 Teleskopik Aspirat\u00f6r 60 cm G\u00fcm\u00fc\u015f Metalik\u201d\" data-quantity=\"1\" data-product_id=\"9949\" data-product_sku=\"DFT63CA50Q\" data-price=\"0\" rel=\"nofollow\" class=\"wp-block-button__link  add_to_cart_button\" data-no-translation=\"\" data-trp-gettext=\"\" data-no-translation-aria-label=\"\">Read more<\/a><\/div>\n\t\t\t\n<div\n\tclass=\"yith-wcwl-add-to-wishlist add-to-wishlist-9949 yith-wcwl-add-to-wishlist--link-style wishlist-fragment on-first-load\"\n\tdata-fragment-ref=\"9949\"\n\tdata-fragment-options=\"{&quot;base_url&quot;:&quot;&quot;,&quot;product_id&quot;:9949,&quot;parent_product_id&quot;:0,&quot;product_type&quot;:&quot;simple&quot;,&quot;is_single&quot;:false,&quot;in_default_wishlist&quot;:false,&quot;show_view&quot;:false,&quot;browse_wishlist_text&quot;:&quot;Browse wishlist&quot;,&quot;already_in_wishslist_text&quot;:&quot;The product is already in your wishlist!&quot;,&quot;product_added_text&quot;:&quot;Product added!&quot;,&quot;available_multi_wishlist&quot;:false,&quot;disable_wishlist&quot;:false,&quot;show_count&quot;:false,&quot;ajax_loading&quot;:false,&quot;loop_position&quot;:&quot;after_add_to_cart&quot;,&quot;item&quot;:&quot;add_to_wishlist&quot;}\"\n>\n\t\t\t\n\t\t\t<!-- ADD TO WISHLIST -->\n\t\t\t\n<div class=\"yith-wcwl-add-button\">\n\t\t<a\n\t\thref=\"?add_to_wishlist=9949&#038;_wpnonce=4723c8adbd\"\n\t\tclass=\"add_to_wishlist single_add_to_wishlist\"\n\t\tdata-product-id=\"9949\"\n\t\tdata-product-type=\"simple\"\n\t\tdata-original-product-id=\"0\"\n\t\tdata-title=\"&lt;span class=&quot;ts-tooltip button-tooltip&quot; data-title=&quot;Add to wishlist&quot;&gt;Wishlist&lt;\/span&gt;\"\n\t\trel=\"nofollow\"\n\t>\n\t\t<svg id=\"yith-wcwl-icon-heart-outline\" class=\"yith-wcwl-icon-svg\" fill=\"none\" stroke-width=\"1.5\" stroke=\"currentColor\" viewbox=\"0 0 24 24\" xmlns=\"http:\/\/www.w3.org\/2000\/svg\">\n  <path stroke-linecap=\"round\" stroke-linejoin=\"round\" d=\"M21 8.25c0-2.485-2.099-4.5-4.688-4.5-1.935 0-3.597 1.126-4.312 2.733-.715-1.607-2.377-2.733-4.313-2.733C5.1 3.75 3 5.765 3 8.25c0 7.22 9 12 9 12s9-4.78 9-12Z\"><\/path>\n<\/svg>\t\t<span><span class=\"ts-tooltip button-tooltip\" data-title=\"Add to wishlist\">Wishlist<\/span><\/span>\n\t<\/a>\n<\/div>\n\n\t\t\t<!-- COUNT TEXT -->\n\t\t\t\n\t\t\t<\/div>\n<\/li><li class=\"wc-block-grid__product add-to-wishlist-after_add_to_cart\"><a href=\"https:\/\/cyprusbosch.com\/en\/product\/serie-2-teleskopik-aspirator-60-cm-beyaz\/\" class=\"wc-block-grid__product-link\">\n\t\t\t\t\t\n\t\t\t\t\t<div class=\"wc-block-grid__product-image\"><img decoding=\"async\" width=\"400\" height=\"400\" src=\"https:\/\/cyprusbosch.com\/wp-content\/uploads\/2025\/03\/Bosch-web-sitesi-7-400x400.png\" class=\"attachment-woocommerce_thumbnail size-woocommerce_thumbnail\" alt=\"Serie | 2 Teleskopik Aspirat\u00f6r 60 cm Beyaz\" srcset=\"https:\/\/cyprusbosch.com\/wp-content\/uploads\/2025\/03\/Bosch-web-sitesi-7-400x400.png 400w, https:\/\/cyprusbosch.com\/wp-content\/uploads\/2025\/03\/Bosch-web-sitesi-7-300x300.png 300w, https:\/\/cyprusbosch.com\/wp-content\/uploads\/2025\/03\/Bosch-web-sitesi-7-1024x1024.png 1024w, https:\/\/cyprusbosch.com\/wp-content\/uploads\/2025\/03\/Bosch-web-sitesi-7-150x150.png 150w, https:\/\/cyprusbosch.com\/wp-content\/uploads\/2025\/03\/Bosch-web-sitesi-7-768x768.png 768w, https:\/\/cyprusbosch.com\/wp-content\/uploads\/2025\/03\/Bosch-web-sitesi-7-180x180.png 180w, https:\/\/cyprusbosch.com\/wp-content\/uploads\/2025\/03\/Bosch-web-sitesi-7-12x12.png 12w, https:\/\/cyprusbosch.com\/wp-content\/uploads\/2025\/03\/Bosch-web-sitesi-7-46x46.png 46w, https:\/\/cyprusbosch.com\/wp-content\/uploads\/2025\/03\/Bosch-web-sitesi-7-1000x1000.png 1000w, https:\/\/cyprusbosch.com\/wp-content\/uploads\/2025\/03\/Bosch-web-sitesi-7-100x100.png 100w, https:\/\/cyprusbosch.com\/wp-content\/uploads\/2025\/03\/Bosch-web-sitesi-7-54x54.png 54w, https:\/\/cyprusbosch.com\/wp-content\/uploads\/2025\/03\/Bosch-web-sitesi-7-310x310.png 310w, https:\/\/cyprusbosch.com\/wp-content\/uploads\/2025\/03\/Bosch-web-sitesi-7-80x80.png 80w, https:\/\/cyprusbosch.com\/wp-content\/uploads\/2025\/03\/Bosch-web-sitesi-7.png 1080w\" sizes=\"(max-width: 400px) 100vw, 400px\" \/><\/div>\n\t\t\t\t\t<div class=\"wc-block-grid__product-title\">Serie | 2 Teleskopik Aspirat\u00f6r 60 cm Beyaz<\/div>\n\t\t\t\t<\/a>\n\t\t\t\t<div class=\"wc-block-grid__product-price price\"><\/div>\n\t\t\t\t\n\t\t\t\t<div class=\"wp-block-button wc-block-grid__product-add-to-cart\"><a href=\"https:\/\/cyprusbosch.com\/en\/product\/serie-2-teleskopik-aspirator-60-cm-beyaz\/\" aria-label=\"Read more about \u201cSerie | 2 Teleskopik Aspirat\u00f6r 60 cm Beyaz\u201d\" data-quantity=\"1\" data-product_id=\"9946\" data-product_sku=\"DFT63CA20Q\" data-price=\"0\" rel=\"nofollow\" class=\"wp-block-button__link  add_to_cart_button\" data-no-translation=\"\" data-trp-gettext=\"\" data-no-translation-aria-label=\"\">Read more<\/a><\/div>\n\t\t\t\n<div\n\tclass=\"yith-wcwl-add-to-wishlist add-to-wishlist-9946 yith-wcwl-add-to-wishlist--link-style wishlist-fragment on-first-load\"\n\tdata-fragment-ref=\"9946\"\n\tdata-fragment-options=\"{&quot;base_url&quot;:&quot;&quot;,&quot;product_id&quot;:9946,&quot;parent_product_id&quot;:0,&quot;product_type&quot;:&quot;simple&quot;,&quot;is_single&quot;:false,&quot;in_default_wishlist&quot;:false,&quot;show_view&quot;:false,&quot;browse_wishlist_text&quot;:&quot;Browse wishlist&quot;,&quot;already_in_wishslist_text&quot;:&quot;The product is already in your wishlist!&quot;,&quot;product_added_text&quot;:&quot;Product added!&quot;,&quot;available_multi_wishlist&quot;:false,&quot;disable_wishlist&quot;:false,&quot;show_count&quot;:false,&quot;ajax_loading&quot;:false,&quot;loop_position&quot;:&quot;after_add_to_cart&quot;,&quot;item&quot;:&quot;add_to_wishlist&quot;}\"\n>\n\t\t\t\n\t\t\t<!-- ADD TO WISHLIST -->\n\t\t\t\n<div class=\"yith-wcwl-add-button\">\n\t\t<a\n\t\thref=\"?add_to_wishlist=9946&#038;_wpnonce=4723c8adbd\"\n\t\tclass=\"add_to_wishlist single_add_to_wishlist\"\n\t\tdata-product-id=\"9946\"\n\t\tdata-product-type=\"simple\"\n\t\tdata-original-product-id=\"0\"\n\t\tdata-title=\"&lt;span class=&quot;ts-tooltip button-tooltip&quot; data-title=&quot;Add to wishlist&quot;&gt;Wishlist&lt;\/span&gt;\"\n\t\trel=\"nofollow\"\n\t>\n\t\t<svg id=\"yith-wcwl-icon-heart-outline\" class=\"yith-wcwl-icon-svg\" fill=\"none\" stroke-width=\"1.5\" stroke=\"currentColor\" viewbox=\"0 0 24 24\" xmlns=\"http:\/\/www.w3.org\/2000\/svg\">\n  <path stroke-linecap=\"round\" stroke-linejoin=\"round\" d=\"M21 8.25c0-2.485-2.099-4.5-4.688-4.5-1.935 0-3.597 1.126-4.312 2.733-.715-1.607-2.377-2.733-4.313-2.733C5.1 3.75 3 5.765 3 8.25c0 7.22 9 12 9 12s9-4.78 9-12Z\"><\/path>\n<\/svg>\t\t<span><span class=\"ts-tooltip button-tooltip\" data-title=\"Add to wishlist\">Wishlist<\/span><\/span>\n\t<\/a>\n<\/div>\n\n\t\t\t<!-- COUNT TEXT -->\n\t\t\t\n\t\t\t<\/div>\n<\/li><li class=\"wc-block-grid__product add-to-wishlist-after_add_to_cart\"><a href=\"https:\/\/cyprusbosch.com\/en\/product\/serie-8-sicak-tutma-cekmecesi-60-x-14-cm-siyah\/\" class=\"wc-block-grid__product-link\">\n\t\t\t\t\t\n\t\t\t\t\t<div class=\"wc-block-grid__product-image\"><img loading=\"lazy\" decoding=\"async\" width=\"400\" height=\"400\" src=\"https:\/\/cyprusbosch.com\/wp-content\/uploads\/2025\/03\/23560897_BIC7101B1A_PGA4_def-400x400.webp\" class=\"attachment-woocommerce_thumbnail size-woocommerce_thumbnail\" alt=\"Serie 8 | S\u0131cak Tutma \u00c7ekmecesi 60 x 14 cm Siyah\" srcset=\"https:\/\/cyprusbosch.com\/wp-content\/uploads\/2025\/03\/23560897_BIC7101B1A_PGA4_def-400x400.webp 400w, https:\/\/cyprusbosch.com\/wp-content\/uploads\/2025\/03\/23560897_BIC7101B1A_PGA4_def-150x150.webp 150w, https:\/\/cyprusbosch.com\/wp-content\/uploads\/2025\/03\/23560897_BIC7101B1A_PGA4_def-180x180.webp 180w, https:\/\/cyprusbosch.com\/wp-content\/uploads\/2025\/03\/23560897_BIC7101B1A_PGA4_def-46x46.webp 46w, https:\/\/cyprusbosch.com\/wp-content\/uploads\/2025\/03\/23560897_BIC7101B1A_PGA4_def-100x100.webp 100w, https:\/\/cyprusbosch.com\/wp-content\/uploads\/2025\/03\/23560897_BIC7101B1A_PGA4_def-54x54.webp 54w, https:\/\/cyprusbosch.com\/wp-content\/uploads\/2025\/03\/23560897_BIC7101B1A_PGA4_def-310x310.webp 310w, https:\/\/cyprusbosch.com\/wp-content\/uploads\/2025\/03\/23560897_BIC7101B1A_PGA4_def-80x80.webp 80w\" sizes=\"(max-width: 400px) 100vw, 400px\" \/><\/div>\n\t\t\t\t\t<div class=\"wc-block-grid__product-title\">Serie 8 | S\u0131cak Tutma \u00c7ekmecesi 60 x 14 cm Siyah<\/div>\n\t\t\t\t<\/a>\n\t\t\t\t<div class=\"wc-block-grid__product-price price\"><\/div>\n\t\t\t\t\n\t\t\t\t<div class=\"wp-block-button wc-block-grid__product-add-to-cart\"><a href=\"https:\/\/cyprusbosch.com\/en\/product\/serie-8-sicak-tutma-cekmecesi-60-x-14-cm-siyah\/\" aria-label=\"Read more about \u201cSerie 8 | S\u0131cak Tutma \u00c7ekmecesi 60 x 14 cm Siyah\u201d\" data-quantity=\"1\" data-product_id=\"9932\" data-product_sku=\"BIC7101B1\" data-price=\"0\" rel=\"nofollow\" class=\"wp-block-button__link  add_to_cart_button\" data-no-translation=\"\" data-trp-gettext=\"\" data-no-translation-aria-label=\"\">Read more<\/a><\/div>\n\t\t\t\n<div\n\tclass=\"yith-wcwl-add-to-wishlist add-to-wishlist-9932 yith-wcwl-add-to-wishlist--link-style wishlist-fragment on-first-load\"\n\tdata-fragment-ref=\"9932\"\n\tdata-fragment-options=\"{&quot;base_url&quot;:&quot;&quot;,&quot;product_id&quot;:9932,&quot;parent_product_id&quot;:0,&quot;product_type&quot;:&quot;simple&quot;,&quot;is_single&quot;:false,&quot;in_default_wishlist&quot;:false,&quot;show_view&quot;:false,&quot;browse_wishlist_text&quot;:&quot;Browse wishlist&quot;,&quot;already_in_wishslist_text&quot;:&quot;The product is already in your wishlist!&quot;,&quot;product_added_text&quot;:&quot;Product added!&quot;,&quot;available_multi_wishlist&quot;:false,&quot;disable_wishlist&quot;:false,&quot;show_count&quot;:false,&quot;ajax_loading&quot;:false,&quot;loop_position&quot;:&quot;after_add_to_cart&quot;,&quot;item&quot;:&quot;add_to_wishlist&quot;}\"\n>\n\t\t\t\n\t\t\t<!-- ADD TO WISHLIST -->\n\t\t\t\n<div class=\"yith-wcwl-add-button\">\n\t\t<a\n\t\thref=\"?add_to_wishlist=9932&#038;_wpnonce=4723c8adbd\"\n\t\tclass=\"add_to_wishlist single_add_to_wishlist\"\n\t\tdata-product-id=\"9932\"\n\t\tdata-product-type=\"simple\"\n\t\tdata-original-product-id=\"0\"\n\t\tdata-title=\"&lt;span class=&quot;ts-tooltip button-tooltip&quot; data-title=&quot;Add to wishlist&quot;&gt;Wishlist&lt;\/span&gt;\"\n\t\trel=\"nofollow\"\n\t>\n\t\t<svg id=\"yith-wcwl-icon-heart-outline\" class=\"yith-wcwl-icon-svg\" fill=\"none\" stroke-width=\"1.5\" stroke=\"currentColor\" viewbox=\"0 0 24 24\" xmlns=\"http:\/\/www.w3.org\/2000\/svg\">\n  <path stroke-linecap=\"round\" stroke-linejoin=\"round\" d=\"M21 8.25c0-2.485-2.099-4.5-4.688-4.5-1.935 0-3.597 1.126-4.312 2.733-.715-1.607-2.377-2.733-4.313-2.733C5.1 3.75 3 5.765 3 8.25c0 7.22 9 12 9 12s9-4.78 9-12Z\"><\/path>\n<\/svg>\t\t<span><span class=\"ts-tooltip button-tooltip\" data-title=\"Add to wishlist\">Wishlist<\/span><\/span>\n\t<\/a>\n<\/div>\n\n\t\t\t<!-- COUNT TEXT -->\n\t\t\t\n\t\t\t<\/div>\n<\/li><\/ul><\/div><\/div>\n<\/div>","protected":false},"excerpt":{"rendered":"","protected":false},"author":1,"featured_media":0,"parent":0,"menu_order":0,"comment_status":"closed","ping_status":"closed","template":"","meta":{"om_disable_all_campaigns":false,"_monsterinsights_skip_tracking":false,"_monsterinsights_sitenote_active":false,"_monsterinsights_sitenote_note":"","_monsterinsights_sitenote_category":0,"_joinchat":[],"footnotes":""},"class_list":["post-14","page","type-page","status-publish","hentry"],"aioseo_notices":[],"_links":{"self":[{"href":"https:\/\/cyprusbosch.com\/en\/wp-json\/wp\/v2\/pages\/14","targetHints":{"allow":["GET"]}}],"collection":[{"href":"https:\/\/cyprusbosch.com\/en\/wp-json\/wp\/v2\/pages"}],"about":[{"href":"https:\/\/cyprusbosch.com\/en\/wp-json\/wp\/v2\/types\/page"}],"author":[{"embeddable":true,"href":"https:\/\/cyprusbosch.com\/en\/wp-json\/wp\/v2\/users\/1"}],"replies":[{"embeddable":true,"href":"https:\/\/cyprusbosch.com\/en\/wp-json\/wp\/v2\/comments?post=14"}],"version-history":[{"count":0,"href":"https:\/\/cyprusbosch.com\/en\/wp-json\/wp\/v2\/pages\/14\/revisions"}],"wp:attachment":[{"href":"https:\/\/cyprusbosch.com\/en\/wp-json\/wp\/v2\/media?parent=14"}],"curies":[{"name":"wp","href":"https:\/\/api.w.org\/{rel}","templated":true}]}}