{"id":7195,"date":"2023-12-21T08:45:36","date_gmt":"2023-12-21T01:45:36","guid":{"rendered":"https:\/\/cyprusbosch.com\/?page_id=7195"},"modified":"2025-01-31T14:05:10","modified_gmt":"2025-01-31T14:05:10","slug":"about","status":"publish","type":"page","link":"https:\/\/cyprusbosch.com\/en\/about\/","title":{"rendered":"About"},"content":{"rendered":"<div data-elementor-type=\"wp-page\" data-elementor-id=\"7195\" class=\"elementor elementor-7195\">\n\t\t\t\t<div class=\"elementor-element elementor-element-44b1f25 e-flex e-con-boxed e-con e-parent\" data-id=\"44b1f25\" data-element_type=\"container\">\n\t\t\t\t\t<div class=\"e-con-inner\">\n\t\t<div class=\"elementor-element elementor-element-b6d1572 e-flex e-con-boxed e-con e-child\" data-id=\"b6d1572\" data-element_type=\"container\" data-settings=\"{&quot;background_background&quot;:&quot;classic&quot;}\">\n\t\t\t\t\t<div class=\"e-con-inner\">\n\t\t\t\t<div class=\"elementor-element elementor-element-946adef elementor-widget__width-inherit elementor-widget elementor-widget-text-editor\" data-id=\"946adef\" data-element_type=\"widget\" data-widget_type=\"text-editor.default\">\n\t\t\t\t<div class=\"elementor-widget-container\">\n\t\t\t\t\t\t\t\t\t<p>Semson Ltd &#8211; 2004 Y\u0131l\u0131ndan beri hizmetinizde<\/p>\t\t\t\t\t\t\t\t<\/div>\n\t\t\t\t<\/div>\n\t\t\t\t<div class=\"elementor-element elementor-element-710644f elementor-widget__width-inherit elementor-widget elementor-widget-heading\" data-id=\"710644f\" data-element_type=\"widget\" data-widget_type=\"heading.default\">\n\t\t\t\t<div class=\"elementor-widget-container\">\n\t\t\t\t\t<h2 class=\"elementor-heading-title elementor-size-default\">G\u00fc\u00e7l\u00fc Markalar\u0131n <br>G\u00fcvenilir Temsilcisi<\/h2>\t\t\t\t<\/div>\n\t\t\t\t<\/div>\n\t\t\t\t<div class=\"elementor-element elementor-element-14dddad elementor-widget elementor-widget-counter\" data-id=\"14dddad\" data-element_type=\"widget\" data-widget_type=\"counter.default\">\n\t\t\t\t<div class=\"elementor-widget-container\">\n\t\t\t\t\t\t\t<div class=\"elementor-counter\">\n\t\t\t<div class=\"elementor-counter-title\">Ayr\u0131cal\u0131kl\u0131 M\u00fc\u015fteri<\/div>\t\t\t<div class=\"elementor-counter-number-wrapper\">\n\t\t\t\t<span class=\"elementor-counter-number-prefix\"><\/span>\n\t\t\t\t<span class=\"elementor-counter-number\" data-duration=\"600\" data-to-value=\"6\" data-from-value=\"0\" data-delimiter=\",\">0<\/span>\n\t\t\t\t<span class=\"elementor-counter-number-suffix\">K+<\/span>\n\t\t\t<\/div>\n\t\t<\/div>\n\t\t\t\t\t\t<\/div>\n\t\t\t\t<\/div>\n\t\t\t\t<div class=\"elementor-element elementor-element-36281c9 elementor-widget elementor-widget-counter\" data-id=\"36281c9\" data-element_type=\"widget\" data-widget_type=\"counter.default\">\n\t\t\t\t<div class=\"elementor-widget-container\">\n\t\t\t\t\t\t\t<div class=\"elementor-counter\">\n\t\t\t<div class=\"elementor-counter-title\">Farkl\u0131 \u00dcr\u00fcn<\/div>\t\t\t<div class=\"elementor-counter-number-wrapper\">\n\t\t\t\t<span class=\"elementor-counter-number-prefix\"><\/span>\n\t\t\t\t<span class=\"elementor-counter-number\" data-duration=\"800\" data-to-value=\"8\" data-from-value=\"0\" data-delimiter=\",\">0<\/span>\n\t\t\t\t<span class=\"elementor-counter-number-suffix\">K+<\/span>\n\t\t\t<\/div>\n\t\t<\/div>\n\t\t\t\t\t\t<\/div>\n\t\t\t\t<\/div>\n\t\t\t\t\t<\/div>\n\t\t\t\t<\/div>\n\t\t\t\t\t<\/div>\n\t\t\t\t<\/div>\n\t\t<div class=\"elementor-element elementor-element-8569208 e-flex e-con-boxed e-con e-parent\" data-id=\"8569208\" data-element_type=\"container\">\n\t\t\t\t\t<div class=\"e-con-inner\">\n\t\t<div class=\"elementor-element elementor-element-fb56b79 e-con-full e-flex e-con e-child\" data-id=\"fb56b79\" data-element_type=\"container\">\n\t\t\t\t<div class=\"elementor-element elementor-element-629b9ad elementor-widget elementor-widget-heading\" data-id=\"629b9ad\" data-element_type=\"widget\" data-widget_type=\"heading.default\">\n\t\t\t\t<div class=\"elementor-widget-container\">\n\t\t\t\t\t<h3 class=\"elementor-heading-title elementor-size-default\">Hikayemiz<\/h3>\t\t\t\t<\/div>\n\t\t\t\t<\/div>\n\t\t\t\t<div class=\"elementor-element elementor-element-79eca91 elementor-widget elementor-widget-text-editor\" data-id=\"79eca91\" data-element_type=\"widget\" data-widget_type=\"text-editor.default\">\n\t\t\t\t<div class=\"elementor-widget-container\">\n\t\t\t\t\t\t\t\t\t<p>Semson Ltd olarak 2004 y\u0131l\u0131nda kurulduk ve o g\u00fcnden beri azimli \u00e7a\u015f\u0131lmalar\u0131m\u0131z sonucunda Bosch beyaz e\u015fya K\u0131br\u0131s ana distrib\u00fct\u00f6r\u00fc olduk. Bug\u00fcn faliyetlerimizin genel merkezi Girne sat\u0131\u015f ma\u011fazas\u0131 olup b\u00fcnyemizde bulundurdu\u011fumuz di\u011fer medikal ve e\u015fya sekt\u00f6r\u00fcnde b\u00fcy\u00fcmeye ve ilerlemeye do\u011fru devam ediyoruz.<\/p>\t\t\t\t\t\t\t\t<\/div>\n\t\t\t\t<\/div>\n\t\t\t\t<\/div>\n\t\t<div class=\"elementor-element elementor-element-17d20f5 e-con-full e-flex e-con e-child\" data-id=\"17d20f5\" data-element_type=\"container\">\n\t\t\t\t<div class=\"elementor-element elementor-element-3822e77 elementor-widget elementor-widget-heading\" data-id=\"3822e77\" data-element_type=\"widget\" data-widget_type=\"heading.default\">\n\t\t\t\t<div class=\"elementor-widget-container\">\n\t\t\t\t\t<h3 class=\"elementor-heading-title elementor-size-default\">Vizyonumuz<\/h3>\t\t\t\t<\/div>\n\t\t\t\t<\/div>\n\t\t\t\t<div class=\"elementor-element elementor-element-00a19a5 elementor-widget elementor-widget-text-editor\" data-id=\"00a19a5\" data-element_type=\"widget\" data-widget_type=\"text-editor.default\">\n\t\t\t\t<div class=\"elementor-widget-container\">\n\t\t\t\t\t\t\t\t\t<p>Kaliteli, yenilik\u00e7i ve farkl\u0131 \u00fcr\u00fcnleri, farkl\u0131 ekonomik yap\u0131larda, t\u00fcketici ile bulu\u015fturup, m\u00fc\u015fterilerimizin kendilerini iyi hissedece\u011fi, keyifle \u00fcr\u00fcnlerimizi kullanaca\u011f\u0131, piyasan\u0131n en be\u011fenilen ve tercih edilen tedarik\u00e7i firmalar\u0131ndan olmak.<\/p>\t\t\t\t\t\t\t\t<\/div>\n\t\t\t\t<\/div>\n\t\t\t\t<\/div>\n\t\t<div class=\"elementor-element elementor-element-4000f6e e-con-full e-flex e-con e-child\" data-id=\"4000f6e\" data-element_type=\"container\">\n\t\t\t\t<div class=\"elementor-element elementor-element-6949ee3 elementor-widget elementor-widget-heading\" data-id=\"6949ee3\" data-element_type=\"widget\" data-widget_type=\"heading.default\">\n\t\t\t\t<div class=\"elementor-widget-container\">\n\t\t\t\t\t<h3 class=\"elementor-heading-title elementor-size-default\">Misyonumuz<\/h3>\t\t\t\t<\/div>\n\t\t\t\t<\/div>\n\t\t\t\t<div class=\"elementor-element elementor-element-4df9fec elementor-widget elementor-widget-text-editor\" data-id=\"4df9fec\" data-element_type=\"widget\" data-widget_type=\"text-editor.default\">\n\t\t\t\t<div class=\"elementor-widget-container\">\n\t\t\t\t\t\t\t\t\t<p>Do\u011fru, kalite-fiyat oran\u0131n\u0131 sa\u011flayarak, geni\u015f \u00fcr\u00fcn yelpazesi ile t\u00fcketici beklentisini her y\u00f6nden kar\u015f\u0131lamak ve h\u0131zl\u0131, g\u00fcvenilir servis a\u011f\u0131 ile hizmet vermek.<\/p>\t\t\t\t\t\t\t\t<\/div>\n\t\t\t\t<\/div>\n\t\t\t\t<\/div>\n\t\t\t\t\t<\/div>\n\t\t\t\t<\/div>\n\t\t<div class=\"elementor-element elementor-element-6b57dafa e-flex e-con-boxed e-con e-parent\" data-id=\"6b57dafa\" data-element_type=\"container\" data-settings=\"{&quot;background_background&quot;:&quot;classic&quot;}\">\n\t\t\t\t\t<div class=\"e-con-inner\">\n\t\t<div class=\"elementor-element elementor-element-4ff8b799 e-con-full e-flex e-con e-child\" data-id=\"4ff8b799\" data-element_type=\"container\">\n\t\t\t\t<div class=\"elementor-element elementor-element-6c9da55 elementor-position-left elementor-view-default elementor-mobile-position-top elementor-widget elementor-widget-icon-box\" data-id=\"6c9da55\" data-element_type=\"widget\" data-widget_type=\"icon-box.default\">\n\t\t\t\t<div class=\"elementor-widget-container\">\n\t\t\t\t\t\t\t<div class=\"elementor-icon-box-wrapper\">\n\n\t\t\t\t\t\t<div class=\"elementor-icon-box-icon\">\n\t\t\t\t<span  class=\"elementor-icon\">\n\t\t\t\t<i aria-hidden=\"true\" class=\"tb-icon tb-icon-truck-delivery\"><\/i>\t\t\t\t<\/span>\n\t\t\t<\/div>\n\t\t\t\n\t\t\t\t\t\t<div class=\"elementor-icon-box-content\">\n\n\t\t\t\t\t\t\t\t\t<h3 class=\"elementor-icon-box-title\">\n\t\t\t\t\t\t<span  >\n\t\t\t\t\t\t\t\u00dcCRETS\u0130Z KURULUM\t\t\t\t\t\t<\/span>\n\t\t\t\t\t<\/h3>\n\t\t\t\t\n\t\t\t\t\t\t\t\t\t<p class=\"elementor-icon-box-description\">\n\t\t\t\t\t\t\u00dcr\u00fcnleriniz g\u00fcvenilir ve h\u0131zl\u0131 \u015fekilde kap\u0131n\u0131zda\t\t\t\t\t<\/p>\n\t\t\t\t\n\t\t\t<\/div>\n\t\t\t\n\t\t<\/div>\n\t\t\t\t\t\t<\/div>\n\t\t\t\t<\/div>\n\t\t\t\t<\/div>\n\t\t<div class=\"elementor-element elementor-element-5aa82647 e-con-full e-flex e-con e-child\" data-id=\"5aa82647\" data-element_type=\"container\">\n\t\t\t\t<div class=\"elementor-element elementor-element-10d1cdbb elementor-position-left elementor-view-default elementor-mobile-position-top elementor-widget elementor-widget-icon-box\" data-id=\"10d1cdbb\" data-element_type=\"widget\" data-widget_type=\"icon-box.default\">\n\t\t\t\t<div class=\"elementor-widget-container\">\n\t\t\t\t\t\t\t<div class=\"elementor-icon-box-wrapper\">\n\n\t\t\t\t\t\t<div class=\"elementor-icon-box-icon\">\n\t\t\t\t<span  class=\"elementor-icon\">\n\t\t\t\t<i aria-hidden=\"true\" class=\"tb-icon tb-icon-thumb-up\"><\/i>\t\t\t\t<\/span>\n\t\t\t<\/div>\n\t\t\t\n\t\t\t\t\t\t<div class=\"elementor-icon-box-content\">\n\n\t\t\t\t\t\t\t\t\t<h3 class=\"elementor-icon-box-title\">\n\t\t\t\t\t\t<span  >\n\t\t\t\t\t\t\tMEMNUN\u0130YET\t\t\t\t\t\t<\/span>\n\t\t\t\t\t<\/h3>\n\t\t\t\t\n\t\t\t\t\t\t\t\t\t<p class=\"elementor-icon-box-description\">\n\t\t\t\t\t\tY\u00fcksek m\u00fc\u015fteri menuniyeti \t\t\t\t\t<\/p>\n\t\t\t\t\n\t\t\t<\/div>\n\t\t\t\n\t\t<\/div>\n\t\t\t\t\t\t<\/div>\n\t\t\t\t<\/div>\n\t\t\t\t<\/div>\n\t\t<div class=\"elementor-element elementor-element-4d5d3ed5 e-con-full e-flex e-con e-child\" data-id=\"4d5d3ed5\" data-element_type=\"container\">\n\t\t\t\t<div class=\"elementor-element elementor-element-42ac1d44 elementor-position-left elementor-view-default elementor-mobile-position-top elementor-widget elementor-widget-icon-box\" data-id=\"42ac1d44\" data-element_type=\"widget\" data-widget_type=\"icon-box.default\">\n\t\t\t\t<div class=\"elementor-widget-container\">\n\t\t\t\t\t\t\t<div class=\"elementor-icon-box-wrapper\">\n\n\t\t\t\t\t\t<div class=\"elementor-icon-box-icon\">\n\t\t\t\t<span  class=\"elementor-icon\">\n\t\t\t\t<i aria-hidden=\"true\" class=\"tb-icon tb-icon-headset\"><\/i>\t\t\t\t<\/span>\n\t\t\t<\/div>\n\t\t\t\n\t\t\t\t\t\t<div class=\"elementor-icon-box-content\">\n\n\t\t\t\t\t\t\t\t\t<h3 class=\"elementor-icon-box-title\">\n\t\t\t\t\t\t<span  >\n\t\t\t\t\t\t\tGEL\u0130\u015eM\u0130\u015e DESTEK\t\t\t\t\t\t<\/span>\n\t\t\t\t\t<\/h3>\n\t\t\t\t\n\t\t\t\t\t\t\t\t\t<p class=\"elementor-icon-box-description\">\n\t\t\t\t\t\tSat\u0131\u015f ve sat\u0131\u015f sonras\u0131 teknik destek hizmeti\t\t\t\t\t<\/p>\n\t\t\t\t\n\t\t\t<\/div>\n\t\t\t\n\t\t<\/div>\n\t\t\t\t\t\t<\/div>\n\t\t\t\t<\/div>\n\t\t\t\t<\/div>\n\t\t<div class=\"elementor-element elementor-element-3d4810fd e-con-full e-flex e-con e-child\" data-id=\"3d4810fd\" data-element_type=\"container\">\n\t\t\t\t<div class=\"elementor-element elementor-element-2228a42c elementor-position-left elementor-view-default elementor-mobile-position-top elementor-widget elementor-widget-icon-box\" data-id=\"2228a42c\" data-element_type=\"widget\" data-widget_type=\"icon-box.default\">\n\t\t\t\t<div class=\"elementor-widget-container\">\n\t\t\t\t\t\t\t<div class=\"elementor-icon-box-wrapper\">\n\n\t\t\t\t\t\t<div class=\"elementor-icon-box-icon\">\n\t\t\t\t<span  class=\"elementor-icon\">\n\t\t\t\t<i aria-hidden=\"true\" class=\"tb-icon tb-icon-cpu\"><\/i>\t\t\t\t<\/span>\n\t\t\t<\/div>\n\t\t\t\n\t\t\t\t\t\t<div class=\"elementor-icon-box-content\">\n\n\t\t\t\t\t\t\t\t\t<h3 class=\"elementor-icon-box-title\">\n\t\t\t\t\t\t<span  >\n\t\t\t\t\t\t\tSON TEKNOLOJ\u0130\t\t\t\t\t\t<\/span>\n\t\t\t\t\t<\/h3>\n\t\t\t\t\n\t\t\t\t\t\t\t\t\t<p class=\"elementor-icon-box-description\">\n\t\t\t\t\t\tYeni teknolojiler ile daha verimli \u00fcr\u00fcnler\t\t\t\t\t<\/p>\n\t\t\t\t\n\t\t\t<\/div>\n\t\t\t\n\t\t<\/div>\n\t\t\t\t\t\t<\/div>\n\t\t\t\t<\/div>\n\t\t\t\t<\/div>\n\t\t\t\t\t<\/div>\n\t\t\t\t<\/div>\n\t\t<div class=\"elementor-element elementor-element-214a120 e-flex e-con-boxed e-con e-parent\" data-id=\"214a120\" data-element_type=\"container\">\n\t\t\t\t\t<div class=\"e-con-inner\">\n\t\t<div class=\"elementor-element elementor-element-f05eb0f e-con-full e-flex e-con e-child\" data-id=\"f05eb0f\" data-element_type=\"container\">\n\t\t\t\t<div class=\"elementor-element elementor-element-a459a7a elementor-widget elementor-widget-spacer\" data-id=\"a459a7a\" data-element_type=\"widget\" data-widget_type=\"spacer.default\">\n\t\t\t\t<div class=\"elementor-widget-container\">\n\t\t\t\t\t\t\t<div class=\"elementor-spacer\">\n\t\t\t<div class=\"elementor-spacer-inner\"><\/div>\n\t\t<\/div>\n\t\t\t\t\t\t<\/div>\n\t\t\t\t<\/div>\n\t\t\t\t<div class=\"elementor-element elementor-element-e458b22 elementor-widget elementor-widget-text-editor\" data-id=\"e458b22\" data-element_type=\"widget\" data-widget_type=\"text-editor.default\">\n\t\t\t\t<div class=\"elementor-widget-container\">\n\t\t\t\t\t\t\t\t\t<p>Semson G\u00fcvencesiyle<\/p>\t\t\t\t\t\t\t\t<\/div>\n\t\t\t\t<\/div>\n\t\t\t\t<div class=\"elementor-element elementor-element-1aee084 elementor-widget__width-initial elementor-widget elementor-widget-heading\" data-id=\"1aee084\" data-element_type=\"widget\" data-widget_type=\"heading.default\">\n\t\t\t\t<div class=\"elementor-widget-container\">\n\t\t\t\t\t<h3 class=\"elementor-heading-title elementor-size-default\">Bosch Ev Aletleri<\/h3>\t\t\t\t<\/div>\n\t\t\t\t<\/div>\n\t\t\t\t<div class=\"elementor-element elementor-element-deab882 elementor-widget__width-initial elementor-widget elementor-widget-text-editor\" data-id=\"deab882\" data-element_type=\"widget\" data-widget_type=\"text-editor.default\">\n\t\t\t\t<div class=\"elementor-widget-container\">\n\t\t\t\t\t\t\t\t\t<p>Y\u00fcksek kalite standartlar\u0131n\u0131n temsilcisi olan Bosch, ev aletlerinde inovatif ve y\u00fcksek kaliteli \u00fcr\u00fcnler arayanlar\u0131n en \u00f6n s\u0131rada tuttu\u011fu markad\u0131r. Bu \u00f6zelli\u011fi g\u00f6z \u00f6n\u00fcnde bulunduruldu\u011funda Bosch Semson en yeni trendleri deneyimleme \u00f6zelli\u011fi sunan \u00f6zel showroomlar\u0131 ile ayr\u0131cal\u0131kl\u0131 m\u00fc\u015fterilerine Bosch \u00fcr\u00fcnlerini deneyimleme \u015fans\u0131 sunar.<\/p>\t\t\t\t\t\t\t\t<\/div>\n\t\t\t\t<\/div>\n\t\t\t\t<\/div>\n\t\t<div class=\"elementor-element elementor-element-f67b764 e-con-full e-flex e-con e-child\" data-id=\"f67b764\" data-element_type=\"container\">\n\t\t\t\t<div class=\"elementor-element elementor-element-dcffdbd elementor-widget elementor-widget-spacer\" data-id=\"dcffdbd\" data-element_type=\"widget\" data-widget_type=\"spacer.default\">\n\t\t\t\t<div class=\"elementor-widget-container\">\n\t\t\t\t\t\t\t<div class=\"elementor-spacer\">\n\t\t\t<div class=\"elementor-spacer-inner\"><\/div>\n\t\t<\/div>\n\t\t\t\t\t\t<\/div>\n\t\t\t\t<\/div>\n\t\t\t\t<div class=\"elementor-element elementor-element-294e6cb elementor-widget elementor-widget-image\" data-id=\"294e6cb\" data-element_type=\"widget\" data-widget_type=\"image.default\">\n\t\t\t\t<div class=\"elementor-widget-container\">\n\t\t\t\t\t\t\t\t\t\t\t\t\t\t\t<img fetchpriority=\"high\" decoding=\"async\" width=\"600\" height=\"400\" src=\"https:\/\/cyprusbosch.com\/wp-content\/uploads\/2024\/06\/boch.jpg\" class=\"attachment-full size-full wp-image-7681\" alt=\"\" srcset=\"https:\/\/cyprusbosch.com\/wp-content\/uploads\/2024\/06\/boch.jpg 600w, https:\/\/cyprusbosch.com\/wp-content\/uploads\/2024\/06\/boch-300x200.jpg 300w\" sizes=\"(max-width: 600px) 100vw, 600px\" \/>\t\t\t\t\t\t\t\t\t\t\t\t\t\t\t<\/div>\n\t\t\t\t<\/div>\n\t\t\t\t<\/div>\n\t\t\t\t\t<\/div>\n\t\t\t\t<\/div>\n\t\t<div class=\"elementor-element elementor-element-70e8695 e-flex e-con-boxed e-con e-parent\" data-id=\"70e8695\" data-element_type=\"container\">\n\t\t\t\t\t<div class=\"e-con-inner\">\n\t\t\t\t<div class=\"elementor-element elementor-element-58ac674 elementor-widget elementor-widget-spacer\" data-id=\"58ac674\" data-element_type=\"widget\" data-widget_type=\"spacer.default\">\n\t\t\t\t<div class=\"elementor-widget-container\">\n\t\t\t\t\t\t\t<div class=\"elementor-spacer\">\n\t\t\t<div class=\"elementor-spacer-inner\"><\/div>\n\t\t<\/div>\n\t\t\t\t\t\t<\/div>\n\t\t\t\t<\/div>\n\t\t\t\t\t<\/div>\n\t\t\t\t<\/div>\n\t\t\t\t<\/div>","protected":false},"excerpt":{"rendered":"<p>Semson Ltd &#8211; 2004 Y\u0131l\u0131ndan beri hizmetinizde G\u00fc\u00e7l\u00fc Markalar\u0131n G\u00fcvenilir Temsilcisi Ayr\u0131cal\u0131kl\u0131 M\u00fc\u015fteri 0 K+ Farkl\u0131 \u00dcr\u00fcn 0 K+ Hikayemiz Semson Ltd olarak 2004 y\u0131l\u0131nda kurulduk ve o g\u00fcnden beri azimli \u00e7a\u015f\u0131lmalar\u0131m\u0131z sonucunda Bosch beyaz e\u015fya K\u0131br\u0131s ana distrib\u00fct\u00f6r\u00fc olduk. Bug\u00fcn faliyetlerimizin genel merkezi Girne sat\u0131\u015f ma\u011fazas\u0131 olup b\u00fcnyemizde bulundurdu\u011fumuz di\u011fer medikal ve e\u015fya sekt\u00f6r\u00fcnde [&hellip;]<\/p>","protected":false},"author":1,"featured_media":0,"parent":0,"menu_order":0,"comment_status":"closed","ping_status":"closed","template":"","meta":{"om_disable_all_campaigns":false,"_monsterinsights_skip_tracking":false,"_monsterinsights_sitenote_active":false,"_monsterinsights_sitenote_note":"","_monsterinsights_sitenote_category":0,"_joinchat":[],"footnotes":""},"class_list":["post-7195","page","type-page","status-publish","hentry"],"aioseo_notices":[],"_links":{"self":[{"href":"https:\/\/cyprusbosch.com\/en\/wp-json\/wp\/v2\/pages\/7195","targetHints":{"allow":["GET"]}}],"collection":[{"href":"https:\/\/cyprusbosch.com\/en\/wp-json\/wp\/v2\/pages"}],"about":[{"href":"https:\/\/cyprusbosch.com\/en\/wp-json\/wp\/v2\/types\/page"}],"author":[{"embeddable":true,"href":"https:\/\/cyprusbosch.com\/en\/wp-json\/wp\/v2\/users\/1"}],"replies":[{"embeddable":true,"href":"https:\/\/cyprusbosch.com\/en\/wp-json\/wp\/v2\/comments?post=7195"}],"version-history":[{"count":34,"href":"https:\/\/cyprusbosch.com\/en\/wp-json\/wp\/v2\/pages\/7195\/revisions"}],"predecessor-version":[{"id":8318,"href":"https:\/\/cyprusbosch.com\/en\/wp-json\/wp\/v2\/pages\/7195\/revisions\/8318"}],"wp:attachment":[{"href":"https:\/\/cyprusbosch.com\/en\/wp-json\/wp\/v2\/media?parent=7195"}],"curies":[{"name":"wp","href":"https:\/\/api.w.org\/{rel}","templated":true}]}}