{"id":7771,"date":"2024-06-09T15:31:43","date_gmt":"2024-06-09T15:31:43","guid":{"rendered":"https:\/\/cyprusbosch.com\/?post_type=product&#038;p=7771"},"modified":"2024-06-18T08:23:11","modified_gmt":"2024-06-18T08:23:11","slug":"serie-2-alttan-donduruculu-buzdolabi-186-x-60-cm-inox-gorunumlu","status":"publish","type":"product","link":"https:\/\/cyprusbosch.com\/en\/product\/serie-2-alttan-donduruculu-buzdolabi-186-x-60-cm-inox-gorunumlu\/","title":{"rendered":"Serie 2 Alttan Donduruculu Buzdolab\u0131 186 x 60 cm Inox G\u00f6r\u00fcn\u00fcml\u00fc"},"content":{"rendered":"<p><strong>Genel \u00d6zellikler<\/strong><\/p>\n<div class=\"technical-info-item js-technical-info-item\">\n<p class=\"technical-info-item-heading js-search-text\"><strong>Renk<\/strong><\/p>\n<p class=\"technical-info-item-content js-search-text\">Inox G\u00f6r\u00fcn\u00fcml\u00fc<\/p>\n<\/div>\n<div class=\"technical-info-item js-technical-info-item\">\n<p class=\"technical-info-item-heading js-search-text\"><strong>Kap\u0131 y\u00f6n\u00fc<\/strong><\/p>\n<p class=\"technical-info-item-content js-search-text\">Sa\u011f, de\u011fi\u015ftirilebilir<\/p>\n<\/div>\n<div class=\"technical-info-item js-technical-info-item\">\n<p class=\"technical-info-item-heading js-search-text\"><strong>Kap\u0131 kolu tipi<\/strong><\/p>\n<p class=\"technical-info-item-content js-search-text\">Entegre kap\u0131 kolu<\/p>\n<\/div>\n<div class=\"technical-info-item js-technical-info-item\">\n<p class=\"technical-info-item-heading js-search-text\"><strong>Kullanma \u015fekli<\/strong><\/p>\n<p class=\"technical-info-item-content js-search-text\">Derin dondurucu s\u0131cakl\u0131k g\u00f6stergesi, Dondurucu uyar\u0131 fonksiyonu, Kap\u0131 a\u00e7\u0131k kald\u0131\u011f\u0131nda uyar\u0131 sinyali, S\u00fcper dondurma fonksiyonu, Uyar\u0131 sinyali ar\u0131zas\u0131<\/p>\n<\/div>\n<div class=\"technical-info-item js-technical-info-item\">\n<p class=\"technical-info-item-heading js-search-text\"><strong>Enerji verimlilik s\u0131n\u0131f\u0131<sup class=\"js-footnote-reference-number\">1<\/sup><\/strong><\/p>\n<p class=\"technical-info-item-content js-search-text\">E<\/p>\n<\/div>\n<div class=\"technical-info-item js-technical-info-item\">\n<p class=\"technical-info-item-heading js-search-text\"><strong>Y\u0131ll\u0131k ortalama enerji t\u00fcketimi<sup class=\"js-footnote-reference-number\">3<\/sup><\/strong><\/p>\n<p class=\"technical-info-item-content js-search-text\">239 kWh\/y\u0131l<\/p>\n<\/div>\n<div class=\"technical-info-item js-technical-info-item\">\n<p class=\"technical-info-item-heading js-search-text\"><strong>Ses seviyesi<\/strong><\/p>\n<p class=\"technical-info-item-content js-search-text\">42 dB(A) re 1 pW<\/p>\n<\/div>\n<div class=\"technical-info-item js-technical-info-item\">\n<p class=\"technical-info-item-heading js-search-text\"><strong>Ses seviyesi s\u0131n\u0131f\u0131<\/strong><\/p>\n<p class=\"technical-info-item-content js-search-text\">D<\/p>\n<\/div>\n<div class=\"technical-info-item js-technical-info-item\">\n<p class=\"technical-info-item-heading js-search-text\"><strong>So\u011futucu b\u00f6l\u00fcm\u00fc kapasitesi<\/strong><\/p>\n<p class=\"technical-info-item-content js-search-text\">216 litre<\/p>\n<\/div>\n<div class=\"technical-info-item js-technical-info-item\">\n<p class=\"technical-info-item-heading js-search-text\"><strong>Derin dondurucu b\u00f6l\u00fcm\u00fc kapasitesi<\/strong><\/p>\n<p class=\"technical-info-item-content js-search-text\">89 litre<\/p>\n<\/div>\n<div class=\"technical-info-item js-technical-info-item\">\n<p class=\"technical-info-item-heading js-search-text\"><strong>Entegre aksesuarlar<\/strong><\/p>\n<p class=\"technical-info-item-content js-search-text\">3 x Yumurtal\u0131k<\/p>\n<\/div>","protected":false},"excerpt":{"rendered":"<p>Genel \u00d6zellikler Renk Inox G\u00f6r\u00fcn\u00fcml\u00fc Kap\u0131 y\u00f6n\u00fc Sa\u011f, de\u011fi\u015ftirilebilir Kap\u0131 kolu tipi Entegre kap\u0131 kolu Kullanma \u015fekli Derin dondurucu s\u0131cakl\u0131k g\u00f6stergesi, Dondurucu uyar\u0131 fonksiyonu, Kap\u0131 a\u00e7\u0131k kald\u0131\u011f\u0131nda uyar\u0131 sinyali, S\u00fcper dondurma fonksiyonu, Uyar\u0131 sinyali ar\u0131zas\u0131 Enerji verimlilik s\u0131n\u0131f\u01311 E Y\u0131ll\u0131k ortalama enerji t\u00fcketimi3 239 kWh\/y\u0131l Ses seviyesi 42 dB(A) re 1 pW Ses seviyesi s\u0131n\u0131f\u0131 [&hellip;]<\/p>","protected":false},"featured_media":7801,"comment_status":"open","ping_status":"closed","template":"","meta":{"om_disable_all_campaigns":false,"_monsterinsights_skip_tracking":false,"_monsterinsights_sitenote_active":false,"_monsterinsights_sitenote_note":"","_monsterinsights_sitenote_category":0,"_joinchat":[]},"product_brand":[],"product_cat":[183,185],"product_tag":[215],"class_list":{"0":"post-7771","1":"product","2":"type-product","3":"status-publish","4":"has-post-thumbnail","6":"product_cat-buzdolabi","7":"product_cat-solo-buzdolabi","8":"product_tag-buz-dolaplari-derin-dondurucular","10":"first","11":"instock","12":"virtual","13":"sold-individually","14":"product-type-simple","15":"add-to-wishlist-after_add_to_cart"},"aioseo_notices":[],"_links":{"self":[{"href":"https:\/\/cyprusbosch.com\/en\/wp-json\/wp\/v2\/product\/7771","targetHints":{"allow":["GET"]}}],"collection":[{"href":"https:\/\/cyprusbosch.com\/en\/wp-json\/wp\/v2\/product"}],"about":[{"href":"https:\/\/cyprusbosch.com\/en\/wp-json\/wp\/v2\/types\/product"}],"replies":[{"embeddable":true,"href":"https:\/\/cyprusbosch.com\/en\/wp-json\/wp\/v2\/comments?post=7771"}],"wp:featuredmedia":[{"embeddable":true,"href":"https:\/\/cyprusbosch.com\/en\/wp-json\/wp\/v2\/media\/7801"}],"wp:attachment":[{"href":"https:\/\/cyprusbosch.com\/en\/wp-json\/wp\/v2\/media?parent=7771"}],"wp:term":[{"taxonomy":"product_brand","embeddable":true,"href":"https:\/\/cyprusbosch.com\/en\/wp-json\/wp\/v2\/product_brand?post=7771"},{"taxonomy":"product_cat","embeddable":true,"href":"https:\/\/cyprusbosch.com\/en\/wp-json\/wp\/v2\/product_cat?post=7771"},{"taxonomy":"product_tag","embeddable":true,"href":"https:\/\/cyprusbosch.com\/en\/wp-json\/wp\/v2\/product_tag?post=7771"}],"curies":[{"name":"wp","href":"https:\/\/api.w.org\/{rel}","templated":true}]}}