{"id":7818,"date":"2024-06-30T14:17:11","date_gmt":"2024-06-30T14:17:11","guid":{"rendered":"https:\/\/cyprusbosch.com\/?post_type=product&#038;p=7818"},"modified":"2024-06-30T14:17:11","modified_gmt":"2024-06-30T14:17:11","slug":"serie-4-solo-bulasik-makinesi-60-cm-beyaz","status":"publish","type":"product","link":"https:\/\/cyprusbosch.com\/en\/product\/serie-4-solo-bulasik-makinesi-60-cm-beyaz\/","title":{"rendered":"Serie 4 Solo Bula\u015f\u0131k Makinesi 60 cm Beyaz"},"content":{"rendered":"<div class=\"technical-info-item js-technical-info-item\">\n<p class=\"technical-info-item-heading js-search-text\"><strong>\u00dcr\u00fcn Tipi:\u00a0<\/strong>Solo<\/p>\n<\/div>\n<div class=\"technical-info-item js-technical-info-item\">\n<p class=\"technical-info-item-heading js-search-text\"><strong>Montaj tipi:\u00a0<\/strong>Solo veya tezgah alt\u0131na yerle\u015ftirilebilir<\/p>\n<\/div>\n<div class=\"technical-info-item js-technical-info-item\">\n<p class=\"technical-info-item-heading js-search-text\"><strong>\u00dcretim yeri:\u00a0<\/strong>TR<\/p>\n<\/div>\n<div class=\"technical-info-item js-technical-info-item\">\n<p class=\"technical-info-item-heading js-search-text\"><strong>Renk:\u00a0<\/strong>Beyaz<\/p>\n<\/div>\n<div class=\"technical-info-item js-technical-info-item\">\n<p class=\"technical-info-item-heading js-search-text\"><strong>Kontrol Panel Rengi:\u00a0<\/strong>Beyaz<\/p>\n<\/div>\n<div class=\"technical-info-item js-technical-info-item\">\n<p class=\"technical-info-item-heading js-search-text\"><strong>\u00c7\u0131kar\u0131labilir \u00fcst kapak:\u00a0<\/strong>Evet<\/p>\n<\/div>\n<div class=\"technical-info-item js-technical-info-item\">\n<p class=\"technical-info-item-heading js-search-text\"><strong>VarioHinge:\u00a0<\/strong>hay\u0131r<\/p>\n<\/div>\n<div class=\"technical-info-item js-technical-info-item\">\n<p class=\"technical-info-item-heading js-search-text\"><strong>Ayarlanabilir taban:\u00a0<\/strong>Hay\u0131r<\/p>\n<\/div>\n<div class=\"technical-info-item js-technical-info-item\">\n<p class=\"technical-info-item-heading js-search-text\"><strong>Enerji verimlilik s\u0131n\u0131f\u0131:\u00a0<\/strong>D<\/p>\n<\/div>\n<div class=\"technical-info-item js-technical-info-item\">\n<p class=\"technical-info-item-heading js-search-text\"><strong>Temizlik performans endeksi:\u00a0<\/strong>1,121<\/p>\n<\/div>\n<div class=\"technical-info-item js-technical-info-item\">\n<p class=\"technical-info-item-heading js-search-text\"><strong>Kurutma performans endeksi:\u00a0<\/strong>1,061<\/p>\n<\/div>\n<div class=\"technical-info-item js-technical-info-item\">\n<p class=\"technical-info-item-heading js-search-text\"><strong>Ses seviyesi:\u00a0<\/strong>48 dB(A) re 1pW<\/p>\n<\/div>\n<div class=\"technical-info-item js-technical-info-item\">\n<p class=\"technical-info-item-heading js-search-text\"><strong>Bardak koruma tekni\u011fi:\u00a0<\/strong>Evet<\/p>\n<\/div>\n<div class=\"technical-info-item js-technical-info-item\">\n<p class=\"technical-info-item-heading js-search-text\"><strong>Ses seviyesi s\u0131n\u0131f\u0131:\u00a0<\/strong>C<\/p>\n<\/div>\n<div class=\"technical-info-item js-technical-info-item\">\n<p class=\"technical-info-item-heading js-search-text\"><strong>Eko programda devir ba\u015f\u0131na d\u00fc\u015fen enerji t\u00fcketimi:\u00a0<\/strong>0,836 kWh<\/p>\n<\/div>\n<div class=\"technical-info-item js-technical-info-item\">\n<p class=\"technical-info-item-heading js-search-text\"><b>Su t\u00fcketimi:<\/b>\u00a09,5 litre<\/p>\n<\/div>\n<div class=\"technical-info-item js-technical-info-item\">\n<p class=\"technical-info-item-heading js-search-text\"><b>Program s\u00fcresi:\u00a0<\/b>4:55 h<\/p>\n<\/div>\n<div class=\"technical-info-item js-technical-info-item\">\n<p class=\"technical-info-item-heading js-search-text\"><b>Eko program\u0131 100 devirdeki enerji t\u00fcketimi:\u00a0<\/b>84 kWh<\/p>\n<\/div>\n<div class=\"technical-info-item js-technical-info-item\">\n<p class=\"technical-info-item-heading js-search-text\"><b>Kapasite:\u00a0<\/b>13<\/p>\n<\/div>\n<div class=\"technical-info-item js-technical-info-item\">\n<p class=\"technical-info-item-heading js-search-text\"><b>Bekleme modunda g\u00fc\u00e7 t\u00fcketimi:\u00a0<\/b>0,10 W<\/p>\n<\/div>\n<div class=\"technical-info-item js-technical-info-item\">\n<p class=\"technical-info-item-heading js-search-text\"><strong>Programlar:\u00a0<\/strong>Eko, H\u0131zl\u0131, Yo\u011fun<\/p>\n<\/div>\n<div class=\"technical-info-item js-technical-info-item\">\n<p class=\"technical-info-item-heading js-search-text\"><strong>Ek fonksiyonlar:\u00a0<\/strong>Ekstra Hijyen, Yar\u0131m Y\u00fck<\/p>\n<\/div>\n<div class=\"technical-info-item js-technical-info-item\">\n<p class=\"technical-info-item-heading js-search-text\"><strong>Kullanma \u015fekli:\u00a0<\/strong>dokunmatik tu\u015flar, Tu\u015flar<\/p>\n<\/div>\n<div class=\"technical-info-item js-technical-info-item\">\n<p class=\"technical-info-item-heading js-search-text\"><strong>AquaStop:\u00a0<\/strong>hay\u0131r<\/p>\n<\/div>\n<div class=\"technical-info-item js-technical-info-item\">\n<div class=\"technical-info-item js-technical-info-item\">\n<p class=\"technical-info-item-heading js-search-text\"><strong>Kurutma sistemi:\u00a0<\/strong>Kendi s\u0131cakl\u0131\u011f\u0131 ile<\/p>\n<\/div>\n<div class=\"technical-info-item js-technical-info-item\">\n<p class=\"technical-info-item-heading js-search-text\"><strong>Otomatik program:<\/strong>\u00a0hay\u0131r<\/p>\n<\/div>\n<div class=\"technical-info-item js-technical-info-item\">\n<p class=\"technical-info-item-heading js-search-text\"><strong>Kalan s\u00fcre g\u00f6stergesi:<\/strong>\u00a0Evet<\/p>\n<\/div>\n<div class=\"technical-info-item js-technical-info-item\">\n<p class=\"technical-info-item-heading js-search-text\"><strong>\u00dcst sepet ayarlanabilir:<\/strong>\u00a0Rackmatik 3 kademeli<\/p>\n<\/div>\n<div class=\"technical-info-item js-technical-info-item\">\n<p class=\"technical-info-item-heading js-search-text\"><strong>3. \u00e7ekmece:<\/strong>\u00a0Yok<\/p>\n<\/div>\n<div class=\"technical-info-item js-technical-info-item\">\n<p class=\"technical-info-item-heading js-search-text\"><strong>\u00c7atal B\u0131\u00e7ak Yerle\u015ftirme:<\/strong>\u00a0Alt rafta \u00e7atal-b\u0131\u00e7ak sepeti<\/p>\n<\/div>\n<div class=\"technical-info-item js-technical-info-item\">\n<p class=\"technical-info-item-heading js-search-text\"><strong>Rackmatic:<\/strong>\u00a0Evet<\/p>\n<\/div>\n<div class=\"technical-info-item js-technical-info-item\">\n<p class=\"technical-info-item-heading js-search-text\"><strong>Entegre aksesuarlar:<\/strong>\u00a0Hay\u0131r<\/p>\n<\/div>\n<div class=\"technical-info-item js-technical-info-item\">\n<p class=\"technical-info-item-heading js-search-text\"><strong>Su yuma\u015fat\u0131c\u0131:<\/strong>\u00a0Evet<\/p>\n<\/div>\n<div class=\"technical-info-item js-technical-info-item\">\n<p class=\"technical-info-item-heading js-search-text\"><strong>Su g\u00fcvenlik sistemi:\u00a0<\/strong>kapal\u0131 sistem<\/p>\n<\/div>\n<\/div>","protected":false},"excerpt":{"rendered":"<p>\u00dcr\u00fcn Tipi:\u00a0Solo Montaj tipi:\u00a0Solo veya tezgah alt\u0131na yerle\u015ftirilebilir \u00dcretim yeri:\u00a0TR Renk:\u00a0Beyaz Kontrol Panel Rengi:\u00a0Beyaz \u00c7\u0131kar\u0131labilir \u00fcst kapak:\u00a0Evet VarioHinge:\u00a0hay\u0131r Ayarlanabilir taban:\u00a0Hay\u0131r Enerji verimlilik s\u0131n\u0131f\u0131:\u00a0D Temizlik performans endeksi:\u00a01,121 Kurutma performans endeksi:\u00a01,061 Ses seviyesi:\u00a048 dB(A) re 1pW Bardak koruma tekni\u011fi:\u00a0Evet Ses seviyesi s\u0131n\u0131f\u0131:\u00a0C Eko programda devir ba\u015f\u0131na d\u00fc\u015fen enerji t\u00fcketimi:\u00a00,836 kWh Su t\u00fcketimi:\u00a09,5 litre Program s\u00fcresi:\u00a04:55 h Eko [&hellip;]<\/p>","protected":false},"featured_media":7834,"comment_status":"open","ping_status":"closed","template":"","meta":{"om_disable_all_campaigns":false,"_monsterinsights_skip_tracking":false,"_monsterinsights_sitenote_active":false,"_monsterinsights_sitenote_note":"","_monsterinsights_sitenote_category":0,"_joinchat":[]},"product_brand":[],"product_cat":[190,191],"product_tag":[217],"class_list":{"0":"post-7818","1":"product","2":"type-product","3":"status-publish","4":"has-post-thumbnail","6":"product_cat-bulasik-makineleri","7":"product_cat-solo-bulasik-makineleri","8":"product_tag-bulasik-makineleri","10":"first","11":"instock","12":"shipping-taxable","13":"product-type-simple","14":"add-to-wishlist-after_add_to_cart"},"aioseo_notices":[],"_links":{"self":[{"href":"https:\/\/cyprusbosch.com\/en\/wp-json\/wp\/v2\/product\/7818","targetHints":{"allow":["GET"]}}],"collection":[{"href":"https:\/\/cyprusbosch.com\/en\/wp-json\/wp\/v2\/product"}],"about":[{"href":"https:\/\/cyprusbosch.com\/en\/wp-json\/wp\/v2\/types\/product"}],"replies":[{"embeddable":true,"href":"https:\/\/cyprusbosch.com\/en\/wp-json\/wp\/v2\/comments?post=7818"}],"wp:featuredmedia":[{"embeddable":true,"href":"https:\/\/cyprusbosch.com\/en\/wp-json\/wp\/v2\/media\/7834"}],"wp:attachment":[{"href":"https:\/\/cyprusbosch.com\/en\/wp-json\/wp\/v2\/media?parent=7818"}],"wp:term":[{"taxonomy":"product_brand","embeddable":true,"href":"https:\/\/cyprusbosch.com\/en\/wp-json\/wp\/v2\/product_brand?post=7818"},{"taxonomy":"product_cat","embeddable":true,"href":"https:\/\/cyprusbosch.com\/en\/wp-json\/wp\/v2\/product_cat?post=7818"},{"taxonomy":"product_tag","embeddable":true,"href":"https:\/\/cyprusbosch.com\/en\/wp-json\/wp\/v2\/product_tag?post=7818"}],"curies":[{"name":"wp","href":"https:\/\/api.w.org\/{rel}","templated":true}]}}