{"id":7819,"date":"2024-06-30T14:05:14","date_gmt":"2024-06-30T14:05:14","guid":{"rendered":"https:\/\/cyprusbosch.com\/?post_type=product&#038;p=7819"},"modified":"2024-06-30T14:05:14","modified_gmt":"2024-06-30T14:05:14","slug":"serie-4-ustten-donduruculu-buzdolabi-186-x-70-cm-beyaz","status":"publish","type":"product","link":"https:\/\/cyprusbosch.com\/en\/product\/serie-4-ustten-donduruculu-buzdolabi-186-x-70-cm-beyaz\/","title":{"rendered":"Serie 4 &#8211; \u00dcstten Donduruculu Buzdolab\u0131 186 x 70 cm Beyaz"},"content":{"rendered":"<div class=\"technical-info-sub-heading-wrap js-technical-info-sub-heading-wrap\">\n<h2 class=\"a-heading technical-info-sub-heading\">Genel \u00d6zellikler<\/h2>\n<\/div>\n<div class=\"technical-info-item-wrap js-technical-info-item-wrap\">\n<div class=\"technical-info-item js-technical-info-item\">\n<p class=\"technical-info-item-heading js-search-text\"><strong>Renk: <\/strong>Beyaz<\/p>\n<\/div>\n<div class=\"technical-info-item js-technical-info-item\">\n<p class=\"technical-info-item-heading js-search-text\"><strong>Kap\u0131 y\u00f6n\u00fc: <\/strong>Di\u011fer<\/p>\n<\/div>\n<div class=\"technical-info-item js-technical-info-item\">\n<p class=\"technical-info-item-heading js-search-text\"><strong>Kap\u0131 kolu tipi: <\/strong>entegre dikey tutamak<\/p>\n<\/div>\n<div class=\"technical-info-item js-technical-info-item\">\n<p class=\"technical-info-item-heading js-search-text\"><strong>Kullanma \u015fekli: <\/strong>Kap\u0131 a\u00e7\u0131k kald\u0131\u011f\u0131nda uyar\u0131 sinyali, S\u00fcper dondurma fonksiyonu<\/p>\n<\/div>\n<div class=\"technical-info-item js-technical-info-item\">\n<p class=\"technical-info-item-heading js-search-text\"><strong>Enerji verimlilik s\u0131n\u0131f\u0131<sup class=\"js-footnote-reference-number\">1: <\/sup><\/strong>E<\/p>\n<\/div>\n<div class=\"technical-info-item js-technical-info-item\">\n<p class=\"technical-info-item-heading js-search-text\"><strong>Y\u0131ll\u0131k ortalama enerji t\u00fcketimi<sup class=\"js-footnote-reference-number\">3: <\/sup><\/strong>268 kWh\/y\u0131l<\/p>\n<\/div>\n<div class=\"technical-info-item js-technical-info-item\">\n<p class=\"technical-info-item-heading js-search-text\"><strong>Ses seviyesi: <\/strong>41 dB(A) re 1pW<\/p>\n<\/div>\n<div class=\"technical-info-item js-technical-info-item\">\n<p class=\"technical-info-item-heading js-search-text\"><strong>Ses seviyesi s\u0131n\u0131f\u0131: <\/strong>C<\/p>\n<\/div>\n<div class=\"technical-info-item js-technical-info-item\">\n<p class=\"technical-info-item-heading js-search-text\"><strong>So\u011futucu b\u00f6l\u00fcm\u00fc kapasitesi: <\/strong>335 litre<\/p>\n<\/div>\n<div class=\"technical-info-item js-technical-info-item\">\n<p class=\"technical-info-item-heading js-search-text\"><strong>Derin dondurucu b\u00f6l\u00fcm\u00fc kapasitesi: <\/strong>118 litre<\/p>\n<\/div>\n<div class=\"technical-info-item js-technical-info-item\">\n<p class=\"technical-info-item-heading js-search-text\"><strong>Entegre aksesuarlar: <\/strong>3 x Yumurtal\u0131k<\/p>\n<\/div>\n<\/div>","protected":false},"excerpt":{"rendered":"<p>Genel \u00d6zellikler Renk: Beyaz Kap\u0131 y\u00f6n\u00fc: Di\u011fer Kap\u0131 kolu tipi: entegre dikey tutamak Kullanma \u015fekli: Kap\u0131 a\u00e7\u0131k kald\u0131\u011f\u0131nda uyar\u0131 sinyali, S\u00fcper dondurma fonksiyonu Enerji verimlilik s\u0131n\u0131f\u01311: E Y\u0131ll\u0131k ortalama enerji t\u00fcketimi3: 268 kWh\/y\u0131l Ses seviyesi: 41 dB(A) re 1pW Ses seviyesi s\u0131n\u0131f\u0131: C So\u011futucu b\u00f6l\u00fcm\u00fc kapasitesi: 335 litre Derin dondurucu b\u00f6l\u00fcm\u00fc kapasitesi: 118 litre Entegre [&hellip;]<\/p>","protected":false},"featured_media":7820,"comment_status":"open","ping_status":"closed","template":"","meta":{"om_disable_all_campaigns":false,"_monsterinsights_skip_tracking":false,"_monsterinsights_sitenote_active":false,"_monsterinsights_sitenote_note":"","_monsterinsights_sitenote_category":0,"_joinchat":[]},"product_brand":[],"product_cat":[183,185],"product_tag":[215],"class_list":{"0":"post-7819","1":"product","2":"type-product","3":"status-publish","4":"has-post-thumbnail","6":"product_cat-buzdolabi","7":"product_cat-solo-buzdolabi","8":"product_tag-buz-dolaplari-derin-dondurucular","10":"first","11":"instock","12":"shipping-taxable","13":"product-type-simple","14":"add-to-wishlist-after_add_to_cart"},"aioseo_notices":[],"_links":{"self":[{"href":"https:\/\/cyprusbosch.com\/en\/wp-json\/wp\/v2\/product\/7819","targetHints":{"allow":["GET"]}}],"collection":[{"href":"https:\/\/cyprusbosch.com\/en\/wp-json\/wp\/v2\/product"}],"about":[{"href":"https:\/\/cyprusbosch.com\/en\/wp-json\/wp\/v2\/types\/product"}],"replies":[{"embeddable":true,"href":"https:\/\/cyprusbosch.com\/en\/wp-json\/wp\/v2\/comments?post=7819"}],"wp:featuredmedia":[{"embeddable":true,"href":"https:\/\/cyprusbosch.com\/en\/wp-json\/wp\/v2\/media\/7820"}],"wp:attachment":[{"href":"https:\/\/cyprusbosch.com\/en\/wp-json\/wp\/v2\/media?parent=7819"}],"wp:term":[{"taxonomy":"product_brand","embeddable":true,"href":"https:\/\/cyprusbosch.com\/en\/wp-json\/wp\/v2\/product_brand?post=7819"},{"taxonomy":"product_cat","embeddable":true,"href":"https:\/\/cyprusbosch.com\/en\/wp-json\/wp\/v2\/product_cat?post=7819"},{"taxonomy":"product_tag","embeddable":true,"href":"https:\/\/cyprusbosch.com\/en\/wp-json\/wp\/v2\/product_tag?post=7819"}],"curies":[{"name":"wp","href":"https:\/\/api.w.org\/{rel}","templated":true}]}}