{"id":7841,"date":"2024-06-30T14:26:10","date_gmt":"2024-06-30T14:26:10","guid":{"rendered":"https:\/\/cyprusbosch.com\/?post_type=product&#038;p=7841"},"modified":"2024-06-30T14:26:10","modified_gmt":"2024-06-30T14:26:10","slug":"serie-4-ustten-donduruculu-buzdolabi-186-x-70-cm-inox-gorunumlu","status":"publish","type":"product","link":"https:\/\/cyprusbosch.com\/en\/product\/serie-4-ustten-donduruculu-buzdolabi-186-x-70-cm-inox-gorunumlu\/","title":{"rendered":"Serie 4 \u00dcstten Donduruculu Buzdolab\u0131 186 x 70 cm Inox G\u00f6r\u00fcn\u00fcml\u00fc"},"content":{"rendered":"<div class=\"technical-info-sub-heading-wrap js-technical-info-sub-heading-wrap\">\n<h2 class=\"a-heading technical-info-sub-heading\">Genel \u00d6zellikler<\/h2>\n<\/div>\n<div class=\"technical-info-item-wrap js-technical-info-item-wrap\">\n<div class=\"technical-info-item js-technical-info-item\">\n<p class=\"technical-info-item-heading js-search-text\"><strong>Renk:<\/strong> Inox G\u00f6r\u00fcn\u00fcml\u00fc<\/p>\n<\/div>\n<div class=\"technical-info-item js-technical-info-item\">\n<p class=\"technical-info-item-heading js-search-text\"><strong>Kap\u0131 y\u00f6n\u00fc:<\/strong> Di\u011fer<\/p>\n<\/div>\n<div class=\"technical-info-item js-technical-info-item\">\n<p class=\"technical-info-item-heading js-search-text\"><strong>Kap\u0131 kolu tipi:<\/strong> entegre dikey tutamak<\/p>\n<\/div>\n<div class=\"technical-info-item js-technical-info-item\">\n<p class=\"technical-info-item-heading js-search-text\"><strong>Kullanma \u015fekli:<\/strong> Kap\u0131 a\u00e7\u0131k kald\u0131\u011f\u0131nda uyar\u0131 sinyali, S\u00fcper dondurma fonksiyonu<\/p>\n<\/div>\n<div class=\"technical-info-item js-technical-info-item\">\n<p class=\"technical-info-item-heading js-search-text\"><strong>Enerji verimlilik s\u0131n\u0131f\u0131<sup class=\"js-footnote-reference-number\">1: <\/sup><\/strong>E<\/p>\n<\/div>\n<div class=\"technical-info-item js-technical-info-item\">\n<p class=\"technical-info-item-heading js-search-text\"><strong>Y\u0131ll\u0131k ortalama enerji t\u00fcketimi:<\/strong> 268 kWh\/y\u0131l<\/p>\n<\/div>\n<div class=\"technical-info-item js-technical-info-item\">\n<p class=\"technical-info-item-heading js-search-text\"><strong>Ses seviyesi:<\/strong> 41 dB(A) re 1pW<\/p>\n<\/div>\n<div class=\"technical-info-item js-technical-info-item\">\n<p class=\"technical-info-item-heading js-search-text\"><strong>Ses seviyesi s\u0131n\u0131f\u0131:<\/strong> C<\/p>\n<\/div>\n<div class=\"technical-info-item js-technical-info-item\">\n<p class=\"technical-info-item-heading js-search-text\"><strong>So\u011futucu b\u00f6l\u00fcm\u00fc kapasitesi:<\/strong> 335 litre<\/p>\n<\/div>\n<div class=\"technical-info-item js-technical-info-item\">\n<p class=\"technical-info-item-heading js-search-text\"><strong>Derin dondurucu b\u00f6l\u00fcm\u00fc kapasitesi:<\/strong> 118 litre<\/p>\n<\/div>\n<div class=\"technical-info-item js-technical-info-item\">\n<p class=\"technical-info-item-heading js-search-text\"><strong>Entegre aksesuarlar:<\/strong> 3 x Yumurtal\u0131k<\/p>\n<\/div>\n<\/div>","protected":false},"excerpt":{"rendered":"<p>Genel \u00d6zellikler Renk: Inox G\u00f6r\u00fcn\u00fcml\u00fc Kap\u0131 y\u00f6n\u00fc: Di\u011fer Kap\u0131 kolu tipi: entegre dikey tutamak Kullanma \u015fekli: Kap\u0131 a\u00e7\u0131k kald\u0131\u011f\u0131nda uyar\u0131 sinyali, S\u00fcper dondurma fonksiyonu Enerji verimlilik s\u0131n\u0131f\u01311: E Y\u0131ll\u0131k ortalama enerji t\u00fcketimi: 268 kWh\/y\u0131l Ses seviyesi: 41 dB(A) re 1pW Ses seviyesi s\u0131n\u0131f\u0131: C So\u011futucu b\u00f6l\u00fcm\u00fc kapasitesi: 335 litre Derin dondurucu b\u00f6l\u00fcm\u00fc kapasitesi: 118 litre [&hellip;]<\/p>","protected":false},"featured_media":7843,"comment_status":"open","ping_status":"closed","template":"","meta":{"om_disable_all_campaigns":false,"_monsterinsights_skip_tracking":false,"_monsterinsights_sitenote_active":false,"_monsterinsights_sitenote_note":"","_monsterinsights_sitenote_category":0,"_joinchat":[]},"product_brand":[],"product_cat":[183,185],"product_tag":[],"class_list":{"0":"post-7841","1":"product","2":"type-product","3":"status-publish","4":"has-post-thumbnail","6":"product_cat-buzdolabi","7":"product_cat-solo-buzdolabi","9":"first","10":"instock","11":"shipping-taxable","12":"product-type-simple","13":"add-to-wishlist-after_add_to_cart"},"aioseo_notices":[],"_links":{"self":[{"href":"https:\/\/cyprusbosch.com\/en\/wp-json\/wp\/v2\/product\/7841","targetHints":{"allow":["GET"]}}],"collection":[{"href":"https:\/\/cyprusbosch.com\/en\/wp-json\/wp\/v2\/product"}],"about":[{"href":"https:\/\/cyprusbosch.com\/en\/wp-json\/wp\/v2\/types\/product"}],"replies":[{"embeddable":true,"href":"https:\/\/cyprusbosch.com\/en\/wp-json\/wp\/v2\/comments?post=7841"}],"wp:featuredmedia":[{"embeddable":true,"href":"https:\/\/cyprusbosch.com\/en\/wp-json\/wp\/v2\/media\/7843"}],"wp:attachment":[{"href":"https:\/\/cyprusbosch.com\/en\/wp-json\/wp\/v2\/media?parent=7841"}],"wp:term":[{"taxonomy":"product_brand","embeddable":true,"href":"https:\/\/cyprusbosch.com\/en\/wp-json\/wp\/v2\/product_brand?post=7841"},{"taxonomy":"product_cat","embeddable":true,"href":"https:\/\/cyprusbosch.com\/en\/wp-json\/wp\/v2\/product_cat?post=7841"},{"taxonomy":"product_tag","embeddable":true,"href":"https:\/\/cyprusbosch.com\/en\/wp-json\/wp\/v2\/product_tag?post=7841"}],"curies":[{"name":"wp","href":"https:\/\/api.w.org\/{rel}","templated":true}]}}