{"id":7842,"date":"2024-06-30T14:35:30","date_gmt":"2024-06-30T14:35:30","guid":{"rendered":"https:\/\/cyprusbosch.com\/?post_type=product&#038;p=7842"},"modified":"2024-06-30T14:35:30","modified_gmt":"2024-06-30T14:35:30","slug":"serie-6-solo-bulasik-makinesi-60-cm-kolay-temizlenebilir-inox","status":"publish","type":"product","link":"https:\/\/cyprusbosch.com\/en\/product\/serie-6-solo-bulasik-makinesi-60-cm-kolay-temizlenebilir-inox\/","title":{"rendered":"Serie 6 Solo Bula\u015f\u0131k Makinesi 60 cm Kolay temizlenebilir Inox"},"content":{"rendered":"<div class=\"technical-info-item js-technical-info-item\">\n<p class=\"technical-info-item-heading js-search-text\"><strong>\u00dcr\u00fcn Tipi:<\/strong>\u00a0Solo<\/p>\n<\/div>\n<div class=\"technical-info-item js-technical-info-item\">\n<p class=\"technical-info-item-heading js-search-text\"><strong>Montaj tipi:\u00a0<\/strong>Solo veya tezgah alt\u0131na yerle\u015ftirilebilir<\/p>\n<\/div>\n<div class=\"technical-info-item js-technical-info-item\">\n<p class=\"technical-info-item-heading js-search-text\"><strong>\u00dcretim yeri:\u00a0<\/strong>TR<\/p>\n<\/div>\n<div class=\"technical-info-item js-technical-info-item\">\n<p class=\"technical-info-item-heading js-search-text\"><strong>Renk:\u00a0<\/strong>F\u0131r\u00e7alanm\u0131\u015f \u00e7elik parmak izi tutmaz<\/p>\n<\/div>\n<div class=\"technical-info-item js-technical-info-item\">\n<p class=\"technical-info-item-heading js-search-text\"><strong>Kontrol Panel Rengi:\u00a0<\/strong>Paslanmaz \u00e7elik renk, lake<\/p>\n<\/div>\n<div class=\"technical-info-item js-technical-info-item\">\n<p class=\"technical-info-item-heading js-search-text\"><strong>\u00c7\u0131kar\u0131labilir \u00fcst kapak:\u00a0<\/strong>Evet<\/p>\n<\/div>\n<div class=\"technical-info-item js-technical-info-item\">\n<p class=\"technical-info-item-heading js-search-text\"><strong>VarioHinge:\u00a0<\/strong>hay\u0131r<\/p>\n<\/div>\n<div class=\"technical-info-item js-technical-info-item\">\n<p class=\"technical-info-item-heading js-search-text\"><strong>Ayarlanabilir taban:\u00a0<\/strong>Hay\u0131r<\/p>\n<\/div>\n<div class=\"technical-info-item js-technical-info-item\">\n<p class=\"technical-info-item-heading js-search-text\"><strong>Enerji verimlilik s\u0131n\u0131f\u0131<sup class=\"js-footnote-reference-number\">2 :\u00a0<\/sup><\/strong>D<\/p>\n<\/div>\n<div class=\"technical-info-item js-technical-info-item\">\n<p class=\"technical-info-item-heading js-search-text\"><strong>Temizlik performans endeksi:<\/strong>\u00a01,121<\/p>\n<\/div>\n<div class=\"technical-info-item js-technical-info-item\">\n<p class=\"technical-info-item-heading js-search-text\"><strong>Kurutma performans endeksi:\u00a0<\/strong>1,061<\/p>\n<\/div>\n<div class=\"technical-info-item js-technical-info-item\">\n<p class=\"technical-info-item-heading js-search-text\"><strong>Ses seviyesi:\u00a0<\/strong>44 dB(A) re 1pW<\/p>\n<\/div>\n<div class=\"technical-info-item js-technical-info-item\">\n<p class=\"technical-info-item-heading js-search-text\"><strong>Bardak koruma tekni\u011fi:\u00a0<\/strong>Evet<\/p>\n<\/div>\n<div class=\"technical-info-item js-technical-info-item\">\n<p class=\"technical-info-item-heading js-search-text\"><strong>Ses seviyesi s\u0131n\u0131f\u0131<\/strong>:\u00a0B<\/p>\n<\/div>\n<div class=\"technical-info-item js-technical-info-item\">\n<p class=\"technical-info-item-heading js-search-text\"><strong>Eko programda devir ba\u015f\u0131na d\u00fc\u015fen enerji t\u00fcketimi:<\/strong>\u00a00,836 kWh<\/p>\n<\/div>\n<div class=\"technical-info-item js-technical-info-item\">\n<p class=\"technical-info-item-heading js-search-text\"><strong>Su t\u00fcketimi:\u00a0<\/strong>6,7 litre<\/p>\n<\/div>\n<div class=\"technical-info-item js-technical-info-item\">\n<p class=\"technical-info-item-heading js-search-text\"><strong>Program s\u00fcresi<sup class=\"js-footnote-reference-number\">3:\u00a0<\/sup><\/strong>4:35 h<\/p>\n<\/div>\n<div class=\"technical-info-item js-technical-info-item\">\n<p class=\"technical-info-item-heading js-search-text\"><strong>Eko program\u0131 100 devirdeki enerji t\u00fcketimi<sup class=\"js-footnote-reference-number\">4 :\u00a0<\/sup><\/strong>84 kWh<\/p>\n<\/div>\n<div class=\"technical-info-item js-technical-info-item\">\n<p class=\"technical-info-item-heading js-search-text\"><strong>Kapasite:\u00a0<\/strong>13<\/p>\n<\/div>\n<div class=\"technical-info-item js-technical-info-item\">\n<p class=\"technical-info-item-heading js-search-text\"><strong>Bekleme modunda g\u00fc\u00e7 t\u00fcketimi:\u00a0<\/strong>0,50 W<\/p>\n<\/div>\n<div class=\"technical-info-item js-technical-info-item\">\n<p class=\"technical-info-item-heading js-search-text\"><strong>Programlar:\u00a0<\/strong>Auto 45-65\u00b0C, Eko, Glass (Cam) 40\u00b0C, H\u0131zl\u0131 45\u00b0C program, H\u0131zl\u0131 65\u00b0C, \u00d6n y\u0131kama, \u00d6zel Program, Yo\u011fun<\/p>\n<\/div>\n<div class=\"technical-info-item js-technical-info-item\">\n<p class=\"technical-info-item-heading js-search-text\"><strong>Ek fonksiyonlar:\u00a0<\/strong>EfficientDry &#8211; Kurutma asistan\u0131, Ekstra Durulama, Ekstra Hijyen, Home Connect, Machine Care (Makine Bak\u0131m\u0131), S\u0131cak \u00d6n Y\u0131kama<\/p>\n<\/div>\n<div class=\"technical-info-item js-technical-info-item\">\n<p class=\"technical-info-item-heading js-search-text\"><strong>Kullanma \u015fekli:\u00a0<\/strong>dokunmatik tu\u015flar<\/p>\n<\/div>\n<div class=\"technical-info-item js-technical-info-item\">\n<p class=\"technical-info-item-heading js-search-text\"><strong>AquaStop: <\/strong>hay\u0131r<\/p>\n<p><i class=\"icon icon-info-circle\" data-layer-id=\"technical-item-Dishwashers_Gen_TR-15910053\"><\/i><\/div>\n<div class=\"technical-info-item js-technical-info-item\">\n<p class=\"technical-info-item-heading js-search-text\"><strong>Kurutma sistemi:\u00a0<\/strong>Natural Dry<\/p>\n<\/div>\n<div class=\"technical-info-item js-technical-info-item\">\n<p class=\"technical-info-item-heading js-search-text\"><strong>Otomatik program:<\/strong> Evet<\/p>\n<\/div>\n<div class=\"technical-info-item js-technical-info-item\">\n<p class=\"technical-info-item-heading js-search-text\"><strong>Kalan s\u00fcre g\u00f6stergesi:\u00a0<\/strong>Evet<\/p>\n<\/div>\n<div class=\"technical-info-item js-technical-info-item\">\n<p class=\"technical-info-item-heading js-search-text\"><strong>\u00dcst sepet ayarlanabilir:\u00a0<\/strong>Rackmatik 3 kademeli<\/p>\n<\/div>\n<div class=\"technical-info-item js-technical-info-item\">\n<p class=\"technical-info-item-heading js-search-text\"><strong>3. \u00e7ekmece:<\/strong>\u00a0VarioDrawer<\/p>\n<\/div>\n<div class=\"technical-info-item js-technical-info-item\">\n<p class=\"technical-info-item-heading js-search-text\"><strong>\u00c7atal B\u0131\u00e7ak Yerle\u015ftirme:\u00a0<\/strong>VarioDrawer 3.\u00e7ekmece<\/p>\n<\/div>\n<div class=\"technical-info-item js-technical-info-item\">\n<p class=\"technical-info-item-heading js-search-text\"><strong>Rackmatic:<\/strong>\u00a0Evet<\/p>\n<\/div>\n<div class=\"technical-info-item js-technical-info-item\">\n<p class=\"technical-info-item-heading js-search-text\"><strong>Su yuma\u015fat\u0131c\u0131:\u00a0<\/strong>Evet<\/p>\n<\/div>\n<div class=\"technical-info-item js-technical-info-item\">\n<p class=\"technical-info-item-heading js-search-text\"><strong>Su g\u00fcvenlik sistemi:\u00a0<\/strong>kapal\u0131 sistem<\/p>\n<\/div>","protected":false},"excerpt":{"rendered":"<p>\u00dcr\u00fcn Tipi:\u00a0Solo Montaj tipi:\u00a0Solo veya tezgah alt\u0131na yerle\u015ftirilebilir \u00dcretim yeri:\u00a0TR Renk:\u00a0F\u0131r\u00e7alanm\u0131\u015f \u00e7elik parmak izi tutmaz Kontrol Panel Rengi:\u00a0Paslanmaz \u00e7elik renk, lake \u00c7\u0131kar\u0131labilir \u00fcst kapak:\u00a0Evet VarioHinge:\u00a0hay\u0131r Ayarlanabilir taban:\u00a0Hay\u0131r Enerji verimlilik s\u0131n\u0131f\u01312 :\u00a0D Temizlik performans endeksi:\u00a01,121 Kurutma performans endeksi:\u00a01,061 Ses seviyesi:\u00a044 dB(A) re 1pW Bardak koruma tekni\u011fi:\u00a0Evet Ses seviyesi s\u0131n\u0131f\u0131:\u00a0B Eko programda devir ba\u015f\u0131na d\u00fc\u015fen enerji t\u00fcketimi:\u00a00,836 [&hellip;]<\/p>","protected":false},"featured_media":7849,"comment_status":"open","ping_status":"closed","template":"","meta":{"om_disable_all_campaigns":false,"_monsterinsights_skip_tracking":false,"_monsterinsights_sitenote_active":false,"_monsterinsights_sitenote_note":"","_monsterinsights_sitenote_category":0,"_joinchat":[]},"product_brand":[],"product_cat":[190,191],"product_tag":[217],"class_list":{"0":"post-7842","1":"product","2":"type-product","3":"status-publish","4":"has-post-thumbnail","6":"product_cat-bulasik-makineleri","7":"product_cat-solo-bulasik-makineleri","8":"product_tag-bulasik-makineleri","10":"first","11":"instock","12":"shipping-taxable","13":"product-type-simple","14":"add-to-wishlist-after_add_to_cart"},"aioseo_notices":[],"_links":{"self":[{"href":"https:\/\/cyprusbosch.com\/en\/wp-json\/wp\/v2\/product\/7842","targetHints":{"allow":["GET"]}}],"collection":[{"href":"https:\/\/cyprusbosch.com\/en\/wp-json\/wp\/v2\/product"}],"about":[{"href":"https:\/\/cyprusbosch.com\/en\/wp-json\/wp\/v2\/types\/product"}],"replies":[{"embeddable":true,"href":"https:\/\/cyprusbosch.com\/en\/wp-json\/wp\/v2\/comments?post=7842"}],"wp:featuredmedia":[{"embeddable":true,"href":"https:\/\/cyprusbosch.com\/en\/wp-json\/wp\/v2\/media\/7849"}],"wp:attachment":[{"href":"https:\/\/cyprusbosch.com\/en\/wp-json\/wp\/v2\/media?parent=7842"}],"wp:term":[{"taxonomy":"product_brand","embeddable":true,"href":"https:\/\/cyprusbosch.com\/en\/wp-json\/wp\/v2\/product_brand?post=7842"},{"taxonomy":"product_cat","embeddable":true,"href":"https:\/\/cyprusbosch.com\/en\/wp-json\/wp\/v2\/product_cat?post=7842"},{"taxonomy":"product_tag","embeddable":true,"href":"https:\/\/cyprusbosch.com\/en\/wp-json\/wp\/v2\/product_tag?post=7842"}],"curies":[{"name":"wp","href":"https:\/\/api.w.org\/{rel}","templated":true}]}}