{"id":7863,"date":"2024-06-30T14:54:49","date_gmt":"2024-06-30T14:54:49","guid":{"rendered":"https:\/\/cyprusbosch.com\/?post_type=product&#038;p=7863"},"modified":"2024-06-30T14:54:49","modified_gmt":"2024-06-30T14:54:49","slug":"serie-6-sarjli-supurge-unlimited-beyaz","status":"publish","type":"product","link":"https:\/\/cyprusbosch.com\/en\/product\/serie-6-sarjli-supurge-unlimited-beyaz\/","title":{"rendered":"Serie 6 \u015earjl\u0131 S\u00fcp\u00fcrge Unlimited Beyaz"},"content":{"rendered":"<div class=\"technical-info-item js-technical-info-item\">\n<h1 class=\"technical-info-item-heading js-search-text\">Genel \u00d6zellikler<\/h1>\n<p class=\"technical-info-item-heading js-search-text\"><strong>T\u00fcr:<\/strong> Unlimited<\/p>\n<\/div>\n<div class=\"technical-info-item js-technical-info-item\">\n<p class=\"technical-info-item-heading js-search-text\"><strong>\u00d6zel ama\u00e7:<\/strong> G\u00fcnl\u00fck ihtiya\u00e7lar i\u00e7in<\/p>\n<\/div>\n<div class=\"technical-info-item js-technical-info-item\">\n<p class=\"technical-info-item-heading js-search-text\"><strong>Renk:<\/strong> Beyaz<\/p>\n<\/div>\n<div class=\"technical-info-item js-technical-info-item\">\n<p class=\"technical-info-item-heading js-search-text\"><strong>\u0130\u00e7 \u00dcnite \u00d6l\u00e7\u00fcler (Y\u00fckseklik x Geni\u015flik x Derinlik):<\/strong> 1234 x 252 x 204 mm<\/p>\n<\/div>\n<div class=\"technical-info-item js-technical-info-item\">\n<p class=\"technical-info-item-heading js-search-text\"><strong>Net A\u011f\u0131rl\u0131k:<\/strong> 3,0 kg<\/p>\n<\/div>","protected":false},"excerpt":{"rendered":"<p>Genel \u00d6zellikler T\u00fcr: Unlimited \u00d6zel ama\u00e7: G\u00fcnl\u00fck ihtiya\u00e7lar i\u00e7in Renk: Beyaz \u0130\u00e7 \u00dcnite \u00d6l\u00e7\u00fcler (Y\u00fckseklik x Geni\u015flik x Derinlik): 1234 x 252 x 204 mm Net A\u011f\u0131rl\u0131k: 3,0 kg<\/p>","protected":false},"featured_media":7864,"comment_status":"open","ping_status":"closed","template":"","meta":{"om_disable_all_campaigns":false,"_monsterinsights_skip_tracking":false,"_monsterinsights_sitenote_active":false,"_monsterinsights_sitenote_note":"","_monsterinsights_sitenote_category":0,"_joinchat":[]},"product_brand":[],"product_cat":[199],"product_tag":[220],"class_list":{"0":"post-7863","1":"product","2":"type-product","3":"status-publish","4":"has-post-thumbnail","6":"product_cat-elektrikli-supurgeler","7":"product_tag-elektrikli-supurgeler","9":"first","10":"instock","11":"shipping-taxable","12":"product-type-simple","13":"add-to-wishlist-after_add_to_cart"},"aioseo_notices":[],"_links":{"self":[{"href":"https:\/\/cyprusbosch.com\/en\/wp-json\/wp\/v2\/product\/7863","targetHints":{"allow":["GET"]}}],"collection":[{"href":"https:\/\/cyprusbosch.com\/en\/wp-json\/wp\/v2\/product"}],"about":[{"href":"https:\/\/cyprusbosch.com\/en\/wp-json\/wp\/v2\/types\/product"}],"replies":[{"embeddable":true,"href":"https:\/\/cyprusbosch.com\/en\/wp-json\/wp\/v2\/comments?post=7863"}],"wp:featuredmedia":[{"embeddable":true,"href":"https:\/\/cyprusbosch.com\/en\/wp-json\/wp\/v2\/media\/7864"}],"wp:attachment":[{"href":"https:\/\/cyprusbosch.com\/en\/wp-json\/wp\/v2\/media?parent=7863"}],"wp:term":[{"taxonomy":"product_brand","embeddable":true,"href":"https:\/\/cyprusbosch.com\/en\/wp-json\/wp\/v2\/product_brand?post=7863"},{"taxonomy":"product_cat","embeddable":true,"href":"https:\/\/cyprusbosch.com\/en\/wp-json\/wp\/v2\/product_cat?post=7863"},{"taxonomy":"product_tag","embeddable":true,"href":"https:\/\/cyprusbosch.com\/en\/wp-json\/wp\/v2\/product_tag?post=7863"}],"curies":[{"name":"wp","href":"https:\/\/api.w.org\/{rel}","templated":true}]}}