{"id":7907,"date":"2024-06-30T15:15:38","date_gmt":"2024-06-30T15:15:38","guid":{"rendered":"https:\/\/cyprusbosch.com\/?post_type=product&#038;p=7907"},"modified":"2024-06-30T15:16:35","modified_gmt":"2024-06-30T15:16:35","slug":"klima-ev-tipi-18-000-btu","status":"publish","type":"product","link":"https:\/\/cyprusbosch.com\/en\/product\/klima-ev-tipi-18-000-btu\/","title":{"rendered":"Klima, Ev Tipi 18.000 BTU"},"content":{"rendered":"<div class=\"technical-info-item js-technical-info-item\">\n<p class=\"technical-info-item-heading js-search-text\"><strong>Kompres\u00f6r Tipi:\u00a0<\/strong>Inverter<\/p>\n<\/div>\n<div class=\"technical-info-item js-technical-info-item\">\n<p class=\"technical-info-item-heading js-search-text\"><strong>Fonsiyonlar:\u00a0<\/strong>Donmaya kar\u015f\u0131 koruma, Is\u0131tma, Nem alma, Otomatik, So\u011futma, Uyku modu<\/p>\n<\/div>\n<div class=\"technical-info-item js-technical-info-item\">\n<p class=\"technical-info-item-heading js-search-text\"><strong>Renk:\u00a0<\/strong>Beyaz<\/p>\n<\/div>","protected":false},"excerpt":{"rendered":"<p>Kompres\u00f6r Tipi:\u00a0Inverter Fonsiyonlar:\u00a0Donmaya kar\u015f\u0131 koruma, Is\u0131tma, Nem alma, Otomatik, So\u011futma, Uyku modu Renk:\u00a0Beyaz<\/p>","protected":false},"featured_media":7904,"comment_status":"open","ping_status":"closed","template":"","meta":{"om_disable_all_campaigns":false,"_monsterinsights_skip_tracking":false,"_monsterinsights_sitenote_active":false,"_monsterinsights_sitenote_note":"","_monsterinsights_sitenote_category":0,"_joinchat":[]},"product_brand":[],"product_cat":[204],"product_tag":[221],"class_list":{"0":"post-7907","1":"product","2":"type-product","3":"status-publish","4":"has-post-thumbnail","6":"product_cat-klimalar","7":"product_tag-klimalar-ev-konforu","9":"first","10":"instock","11":"shipping-taxable","12":"product-type-simple","13":"add-to-wishlist-after_add_to_cart"},"aioseo_notices":[],"_links":{"self":[{"href":"https:\/\/cyprusbosch.com\/en\/wp-json\/wp\/v2\/product\/7907","targetHints":{"allow":["GET"]}}],"collection":[{"href":"https:\/\/cyprusbosch.com\/en\/wp-json\/wp\/v2\/product"}],"about":[{"href":"https:\/\/cyprusbosch.com\/en\/wp-json\/wp\/v2\/types\/product"}],"replies":[{"embeddable":true,"href":"https:\/\/cyprusbosch.com\/en\/wp-json\/wp\/v2\/comments?post=7907"}],"wp:featuredmedia":[{"embeddable":true,"href":"https:\/\/cyprusbosch.com\/en\/wp-json\/wp\/v2\/media\/7904"}],"wp:attachment":[{"href":"https:\/\/cyprusbosch.com\/en\/wp-json\/wp\/v2\/media?parent=7907"}],"wp:term":[{"taxonomy":"product_brand","embeddable":true,"href":"https:\/\/cyprusbosch.com\/en\/wp-json\/wp\/v2\/product_brand?post=7907"},{"taxonomy":"product_cat","embeddable":true,"href":"https:\/\/cyprusbosch.com\/en\/wp-json\/wp\/v2\/product_cat?post=7907"},{"taxonomy":"product_tag","embeddable":true,"href":"https:\/\/cyprusbosch.com\/en\/wp-json\/wp\/v2\/product_tag?post=7907"}],"curies":[{"name":"wp","href":"https:\/\/api.w.org\/{rel}","templated":true}]}}