{"id":7908,"date":"2024-06-30T15:27:38","date_gmt":"2024-06-30T15:27:38","guid":{"rendered":"https:\/\/cyprusbosch.com\/?post_type=product&#038;p=7908"},"modified":"2024-06-30T15:27:38","modified_gmt":"2024-06-30T15:27:38","slug":"serie-2-ankastre-firin-60-x-60-cm-beyaz","status":"publish","type":"product","link":"https:\/\/cyprusbosch.com\/en\/product\/serie-2-ankastre-firin-60-x-60-cm-beyaz\/","title":{"rendered":"Serie 2 Ankastre F\u0131r\u0131n 60 x 60 cm Beyaz"},"content":{"rendered":"<div class=\"technical-info-item js-technical-info-item\">\n<p class=\"technical-info-item-heading js-search-text\"><strong>Renk:<\/strong>\u00a0Beyaz<\/p>\n<\/div>\n<div class=\"technical-info-item js-technical-info-item\">\n<p class=\"technical-info-item-heading js-search-text\"><strong>Ekran t\u00fcr\u00fc:\u00a0<\/strong>D\u00fc\u011fme kontroll\u00fc k\u0131rm\u0131z\u0131 LED ekran<\/p>\n<\/div>\n<div class=\"technical-info-item js-technical-info-item\">\n<p class=\"technical-info-item-heading js-search-text\"><strong>Is\u0131tma ve kombinasyon modlar\u0131n\u0131n say\u0131s\u0131:\u00a0<\/strong>6<\/p>\n<\/div>\n<div class=\"technical-info-item js-technical-info-item\">\n<p class=\"technical-info-item-heading js-search-text\"><strong>Pi\u015firme metodu:\u00a0<\/strong>B\u00fcy\u00fck alanl\u0131 vario \u0131zgara, Defrost (buz \u00e7\u00f6zme), HotAir hassas , Konvansiyonel \u0131s\u0131tma, S\u0131cak hava, S\u0131cak hava dola\u015f\u0131ml\u0131 \u0131zgara<\/p>\n<\/div>\n<div class=\"technical-info-item js-technical-info-item\">\n<p class=\"technical-info-item-heading js-search-text\"><strong>S\u0131cakl\u0131k aral\u0131\u011f\u0131:\u00a0<\/strong>50-275 \u00b0C<\/p>\n<\/div>\n<div class=\"technical-info-item js-technical-info-item\">\n<p class=\"technical-info-item-heading js-search-text\"><strong>AddedSteam buhar destekli pi\u015firme:\u00a0<\/strong>hay\u0131r<\/p>\n<\/div>\n<div class=\"technical-info-item js-technical-info-item\">\n<p class=\"technical-info-item-heading js-search-text\"><strong>Temizlik sistemi:\u00a0<\/strong>Hay\u0131r<\/p>\n<\/div>\n<div class=\"technical-info-item js-technical-info-item\">\n<p class=\"technical-info-item-heading js-search-text\"><strong>F\u0131r\u0131n i\u00e7 hacmi:\u00a0<\/strong>66 litre<\/p>\n<\/div>\n<div class=\"technical-info-item js-technical-info-item\">\n<p class=\"technical-info-item-heading js-search-text\"><strong>G\u00fcvenlik donan\u0131m\u0131:\u00a0<\/strong>\u00c7ocuk emniyet kilidi<\/p>\n<\/div>\n<div class=\"technical-info-item js-technical-info-item\">\n<p class=\"technical-info-item-heading js-search-text\"><strong>Entegre aksesuarlar:\u00a0<\/strong>1 x Emaye tepsi, 1 x Kombi tel \u0131zgara, 1 x \u00dcniversal tava<\/p>\n<\/div>\n<div class=\"technical-info-item js-technical-info-item\">\n<p class=\"technical-info-item-heading js-search-text\"><strong>Ayr\u0131labilir kap\u0131 cam\u0131:\u00a0<\/strong>Evet<\/p>\n<\/div>","protected":false},"excerpt":{"rendered":"<p>Renk:\u00a0Beyaz Ekran t\u00fcr\u00fc:\u00a0D\u00fc\u011fme kontroll\u00fc k\u0131rm\u0131z\u0131 LED ekran Is\u0131tma ve kombinasyon modlar\u0131n\u0131n say\u0131s\u0131:\u00a06 Pi\u015firme metodu:\u00a0B\u00fcy\u00fck alanl\u0131 vario \u0131zgara, Defrost (buz \u00e7\u00f6zme), HotAir hassas , Konvansiyonel \u0131s\u0131tma, S\u0131cak hava, S\u0131cak hava dola\u015f\u0131ml\u0131 \u0131zgara S\u0131cakl\u0131k aral\u0131\u011f\u0131:\u00a050-275 \u00b0C AddedSteam buhar destekli pi\u015firme:\u00a0hay\u0131r Temizlik sistemi:\u00a0Hay\u0131r F\u0131r\u0131n i\u00e7 hacmi:\u00a066 litre G\u00fcvenlik donan\u0131m\u0131:\u00a0\u00c7ocuk emniyet kilidi Entegre aksesuarlar:\u00a01 x Emaye tepsi, 1 x [&hellip;]<\/p>","protected":false},"featured_media":7909,"comment_status":"open","ping_status":"closed","template":"","meta":{"om_disable_all_campaigns":false,"_monsterinsights_skip_tracking":false,"_monsterinsights_sitenote_active":false,"_monsterinsights_sitenote_note":"","_monsterinsights_sitenote_category":0,"_joinchat":[]},"product_brand":[],"product_cat":[196,194],"product_tag":[231],"class_list":{"0":"post-7908","1":"product","2":"type-product","3":"status-publish","4":"has-post-thumbnail","6":"product_cat-ankastre-firinlar","7":"product_cat-firinlar","8":"product_tag-firin","10":"first","11":"instock","12":"shipping-taxable","13":"product-type-simple","14":"add-to-wishlist-after_add_to_cart"},"aioseo_notices":[],"_links":{"self":[{"href":"https:\/\/cyprusbosch.com\/en\/wp-json\/wp\/v2\/product\/7908","targetHints":{"allow":["GET"]}}],"collection":[{"href":"https:\/\/cyprusbosch.com\/en\/wp-json\/wp\/v2\/product"}],"about":[{"href":"https:\/\/cyprusbosch.com\/en\/wp-json\/wp\/v2\/types\/product"}],"replies":[{"embeddable":true,"href":"https:\/\/cyprusbosch.com\/en\/wp-json\/wp\/v2\/comments?post=7908"}],"wp:featuredmedia":[{"embeddable":true,"href":"https:\/\/cyprusbosch.com\/en\/wp-json\/wp\/v2\/media\/7909"}],"wp:attachment":[{"href":"https:\/\/cyprusbosch.com\/en\/wp-json\/wp\/v2\/media?parent=7908"}],"wp:term":[{"taxonomy":"product_brand","embeddable":true,"href":"https:\/\/cyprusbosch.com\/en\/wp-json\/wp\/v2\/product_brand?post=7908"},{"taxonomy":"product_cat","embeddable":true,"href":"https:\/\/cyprusbosch.com\/en\/wp-json\/wp\/v2\/product_cat?post=7908"},{"taxonomy":"product_tag","embeddable":true,"href":"https:\/\/cyprusbosch.com\/en\/wp-json\/wp\/v2\/product_tag?post=7908"}],"curies":[{"name":"wp","href":"https:\/\/api.w.org\/{rel}","templated":true}]}}