{"id":7935,"date":"2025-01-25T12:27:12","date_gmt":"2025-01-25T12:27:12","guid":{"rendered":"https:\/\/cyprusbosch.com\/?post_type=product&#038;p=7935"},"modified":"2025-01-25T12:27:13","modified_gmt":"2025-01-25T12:27:13","slug":"gizli-damacanali-su-sebili-siyah","status":"publish","type":"product","link":"https:\/\/cyprusbosch.com\/en\/product\/gizli-damacanali-su-sebili-siyah\/","title":{"rendered":"Gizli Damacanal\u0131 Su Sebili Siyah"},"content":{"rendered":"<ul>\n<li><span class=\"highlight copi-link\" data-layer-id=\"copi-layer-id-0\" data-eventtracking=\"{&quot;trackType&quot;:&quot;feature story popover opened&quot;, &quot;eventType&quot;:&quot;click&quot;}\">Bo\u015f Damacana Uyar\u0131s\u0131:<\/span>\u00a0<span class=\"js-copi-text copi-text\">Hi\u00e7bir zaman susuz kalmaman i\u00e7in her an takipte.<\/span><\/li>\n<li>\u00a0<span class=\"js-copi-text copi-text\">4L kapasiteli su haznesi sayesinde b\u00fcy\u00fck ailelerde bile her zaman, herkese yetecek kadar su.<\/span><\/li>\n<li>\u00a0<span class=\"js-copi-text copi-text\">Gizli Damacana Tasar\u0131m\u0131 ile mutfa\u011f\u0131n\u0131zda modern ve zarif bir\u00a0 g\u00f6r\u00fcn\u00fcm elde edebilirsiniz<\/span><\/li>\n<li>\u00a0<span class=\"js-copi-text copi-text\">Kendi kendini temizleme \u00f6zelli\u011fi sayesinde su haznesi hep temiz ve hijyenik kal\u0131r.<\/span><\/li>\n<li>\u00a0<span class=\"js-copi-text copi-text\">Paslanmaz \u00c7elik Su Haznesi, a\u015f\u0131nma ve paslanmaya dayan\u0131kl\u0131 yap\u0131s\u0131 ile size gece g\u00fcnd\u00fcz temiz ve g\u00fcvenilir i\u00e7me suyu sunar.<\/span><\/li>\n<\/ul>","protected":false},"excerpt":{"rendered":"<p>Bo\u015f Damacana Uyar\u0131s\u0131:\u00a0Hi\u00e7bir zaman susuz kalmaman i\u00e7in her an takipte. \u00a04L kapasiteli su haznesi sayesinde b\u00fcy\u00fck ailelerde bile her zaman, herkese yetecek kadar su. \u00a0Gizli Damacana Tasar\u0131m\u0131 ile mutfa\u011f\u0131n\u0131zda modern ve zarif bir\u00a0 g\u00f6r\u00fcn\u00fcm elde edebilirsiniz \u00a0Kendi kendini temizleme \u00f6zelli\u011fi sayesinde su haznesi hep temiz ve hijyenik kal\u0131r. \u00a0Paslanmaz \u00c7elik Su Haznesi, a\u015f\u0131nma ve paslanmaya [&hellip;]<\/p>","protected":false},"featured_media":7936,"comment_status":"open","ping_status":"closed","template":"","meta":{"om_disable_all_campaigns":false,"_monsterinsights_skip_tracking":false,"_monsterinsights_sitenote_active":false,"_monsterinsights_sitenote_note":"","_monsterinsights_sitenote_category":0,"_joinchat":[]},"product_brand":[],"product_cat":[205],"product_tag":[235,234,237,236,233],"class_list":{"0":"post-7935","1":"product","2":"type-product","3":"status-publish","4":"has-post-thumbnail","6":"product_cat-su-sebilleri","7":"product_tag-damacana","8":"product_tag-gizli-damacana","9":"product_tag-sebil","10":"product_tag-su","11":"product_tag-su-sebili","12":"ts_product_brand-bosch","14":"first","15":"instock","16":"shipping-taxable","17":"product-type-simple","18":"add-to-wishlist-after_add_to_cart"},"aioseo_notices":[],"_links":{"self":[{"href":"https:\/\/cyprusbosch.com\/en\/wp-json\/wp\/v2\/product\/7935","targetHints":{"allow":["GET"]}}],"collection":[{"href":"https:\/\/cyprusbosch.com\/en\/wp-json\/wp\/v2\/product"}],"about":[{"href":"https:\/\/cyprusbosch.com\/en\/wp-json\/wp\/v2\/types\/product"}],"replies":[{"embeddable":true,"href":"https:\/\/cyprusbosch.com\/en\/wp-json\/wp\/v2\/comments?post=7935"}],"wp:featuredmedia":[{"embeddable":true,"href":"https:\/\/cyprusbosch.com\/en\/wp-json\/wp\/v2\/media\/7936"}],"wp:attachment":[{"href":"https:\/\/cyprusbosch.com\/en\/wp-json\/wp\/v2\/media?parent=7935"}],"wp:term":[{"taxonomy":"product_brand","embeddable":true,"href":"https:\/\/cyprusbosch.com\/en\/wp-json\/wp\/v2\/product_brand?post=7935"},{"taxonomy":"product_cat","embeddable":true,"href":"https:\/\/cyprusbosch.com\/en\/wp-json\/wp\/v2\/product_cat?post=7935"},{"taxonomy":"product_tag","embeddable":true,"href":"https:\/\/cyprusbosch.com\/en\/wp-json\/wp\/v2\/product_tag?post=7935"}],"curies":[{"name":"wp","href":"https:\/\/api.w.org\/{rel}","templated":true}]}}