{"id":7943,"date":"2025-01-25T12:38:57","date_gmt":"2025-01-25T12:38:57","guid":{"rendered":"https:\/\/cyprusbosch.com\/?post_type=product&#038;p=7943"},"modified":"2025-01-25T12:38:57","modified_gmt":"2025-01-25T12:38:57","slug":"ustten-yuklemeli-su-sebili-beyaz","status":"publish","type":"product","link":"https:\/\/cyprusbosch.com\/en\/product\/ustten-yuklemeli-su-sebili-beyaz\/","title":{"rendered":"\u00dcstten Y\u00fcklemeli Su Sebili Beyaz"},"content":{"rendered":"<p>Y\u00fckseklik: 1.086 mm<br \/>\nGeni\u015flik: 274 mm<br \/>\nDerinlik: 303 mm<br \/>\nRenk: Beyaz<br \/>\nKontrol Panel Rengi: Gri<br \/>\nDamacana Yerle\u015ftirme \u015eekli: \u00dcstten<br \/>\nSes Bas\u0131n\u00e7 D\u00fczeyi: 55,0 dB<br \/>\nSo\u011fuk Su Tank Kapasitesi: 2,0 litre<\/p>\n<hr \/>\n<ul>\n<li><span class=\"js-copi-text copi-text\">D\u00f6k\u00fclme Engelleyici Sistem, \u015fi\u015felerinizi herhangi bir d\u00f6k\u00fclme, s\u0131\u00e7rama ya\u015famadan ve yerleri paspaslamak zorunda kalmadan su sebilinde doldurabilmenizi sa\u011flar.<\/span><\/li>\n<li>\u00a0<span class=\"js-copi-text copi-text\">Paslanmaz \u00c7elik Su Haznesi, a\u015f\u0131nma ve paslanmaya dayan\u0131kl\u0131 yap\u0131s\u0131 ile size gece g\u00fcnd\u00fcz temiz ve g\u00fcvenilir i\u00e7me suyu sunar.<\/span><\/li>\n<\/ul>","protected":false},"excerpt":{"rendered":"<p>Y\u00fckseklik: 1.086 mm Geni\u015flik: 274 mm Derinlik: 303 mm Renk: Beyaz Kontrol Panel Rengi: Gri Damacana Yerle\u015ftirme \u015eekli: \u00dcstten Ses Bas\u0131n\u00e7 D\u00fczeyi: 55,0 dB So\u011fuk Su Tank Kapasitesi: 2,0 litre D\u00f6k\u00fclme Engelleyici Sistem, \u015fi\u015felerinizi herhangi bir d\u00f6k\u00fclme, s\u0131\u00e7rama ya\u015famadan ve yerleri paspaslamak zorunda kalmadan su sebilinde doldurabilmenizi sa\u011flar. \u00a0Paslanmaz \u00c7elik Su Haznesi, a\u015f\u0131nma ve paslanmaya [&hellip;]<\/p>","protected":false},"featured_media":7944,"comment_status":"open","ping_status":"closed","template":"","meta":{"om_disable_all_campaigns":false,"_monsterinsights_skip_tracking":false,"_monsterinsights_sitenote_active":false,"_monsterinsights_sitenote_note":"","_monsterinsights_sitenote_category":0,"_joinchat":[]},"product_brand":[],"product_cat":[205],"product_tag":[237,236,233],"class_list":{"0":"post-7943","1":"product","2":"type-product","3":"status-publish","4":"has-post-thumbnail","6":"product_cat-su-sebilleri","7":"product_tag-sebil","8":"product_tag-su","9":"product_tag-su-sebili","10":"ts_product_brand-bosch","12":"first","13":"instock","14":"shipping-taxable","15":"product-type-simple","16":"add-to-wishlist-after_add_to_cart"},"aioseo_notices":[],"_links":{"self":[{"href":"https:\/\/cyprusbosch.com\/en\/wp-json\/wp\/v2\/product\/7943","targetHints":{"allow":["GET"]}}],"collection":[{"href":"https:\/\/cyprusbosch.com\/en\/wp-json\/wp\/v2\/product"}],"about":[{"href":"https:\/\/cyprusbosch.com\/en\/wp-json\/wp\/v2\/types\/product"}],"replies":[{"embeddable":true,"href":"https:\/\/cyprusbosch.com\/en\/wp-json\/wp\/v2\/comments?post=7943"}],"wp:featuredmedia":[{"embeddable":true,"href":"https:\/\/cyprusbosch.com\/en\/wp-json\/wp\/v2\/media\/7944"}],"wp:attachment":[{"href":"https:\/\/cyprusbosch.com\/en\/wp-json\/wp\/v2\/media?parent=7943"}],"wp:term":[{"taxonomy":"product_brand","embeddable":true,"href":"https:\/\/cyprusbosch.com\/en\/wp-json\/wp\/v2\/product_brand?post=7943"},{"taxonomy":"product_cat","embeddable":true,"href":"https:\/\/cyprusbosch.com\/en\/wp-json\/wp\/v2\/product_cat?post=7943"},{"taxonomy":"product_tag","embeddable":true,"href":"https:\/\/cyprusbosch.com\/en\/wp-json\/wp\/v2\/product_tag?post=7943"}],"curies":[{"name":"wp","href":"https:\/\/api.w.org\/{rel}","templated":true}]}}