{"id":7947,"date":"2025-01-25T13:14:29","date_gmt":"2025-01-25T13:14:29","guid":{"rendered":"https:\/\/cyprusbosch.com\/?post_type=product&#038;p=7947"},"modified":"2025-01-25T13:14:29","modified_gmt":"2025-01-25T13:14:29","slug":"serie-2-solo-bulasik-makinesi-60-cm-beyaz-2","status":"publish","type":"product","link":"https:\/\/cyprusbosch.com\/en\/product\/serie-2-solo-bulasik-makinesi-60-cm-beyaz-2\/","title":{"rendered":"Serie 2 | Solo Bula\u015f\u0131k Makinesi 60 cm Beyaz"},"content":{"rendered":"<h2 class=\"a-heading\">Genel \u00d6zellikler<\/h2>\n<div class=\"technical-info-item js-technical-info-item\">\n<p class=\"technical-info-item-heading js-search-text\"><strong>\u00dcr\u00fcn Tipi:<\/strong> Solo<\/p>\n<\/div>\n<div class=\"technical-info-item js-technical-info-item\">\n<p class=\"technical-info-item-heading js-search-text\"><strong>Montaj tipi:<\/strong> Solo veya tezgah alt\u0131na yerle\u015ftirilebilir<\/p>\n<\/div>\n<div class=\"technical-info-item js-technical-info-item\">\n<p class=\"technical-info-item-heading js-search-text\"><strong>\u00dcretim yeri:<\/strong> TR<\/p>\n<\/div>\n<div class=\"technical-info-item js-technical-info-item\">\n<p class=\"technical-info-item-heading js-search-text\"><strong>Renk:<\/strong> Beyaz<\/p>\n<\/div>\n<div class=\"technical-info-item js-technical-info-item\">\n<p class=\"technical-info-item-heading js-search-text\"><strong>Kontrol Panel Rengi:<\/strong> Beyaz<\/p>\n<\/div>\n<div class=\"technical-info-item js-technical-info-item\">\n<p class=\"technical-info-item-heading js-search-text\"><strong>\u00c7\u0131kar\u0131labilir \u00fcst kapak:<\/strong> evet<\/p>\n<\/div>\n<div class=\"technical-info-item js-technical-info-item\">\n<p class=\"technical-info-item-heading js-search-text\"><strong>Enerji verimlilik s\u0131n\u0131f\u0131<\/strong><sup class=\"js-footnote-reference-number\"><strong>2:<\/strong> <\/sup>D<\/p>\n<\/div>\n<div class=\"technical-info-item js-technical-info-item\">\n<p class=\"technical-info-item-heading js-search-text\"><strong>Temizlik performans endeksi:<\/strong> 1,121<\/p>\n<\/div>\n<div class=\"technical-info-item js-technical-info-item\">\n<p class=\"technical-info-item-heading js-search-text\"><strong>Kurutma performans endeksi:<\/strong> 1,061<\/p>\n<\/div>\n<div class=\"technical-info-item js-technical-info-item\">\n<p class=\"technical-info-item-heading js-search-text\"><strong>Ses seviyesi:<\/strong> 48 dB(A) re 1pW<\/p>\n<\/div>\n<div class=\"technical-info-item js-technical-info-item\">\n<p class=\"technical-info-item-heading js-search-text\"><strong>Bardak koruma tekni\u011fi:<\/strong> evet<\/p>\n<\/div>\n<div class=\"technical-info-item js-technical-info-item\">\n<p class=\"technical-info-item-heading js-search-text\"><strong>Ses seviyesi s\u0131n\u0131f\u0131:<\/strong> C<\/p>\n<\/div>\n<div class=\"technical-info-item js-technical-info-item\">\n<p class=\"technical-info-item-heading js-search-text\"><strong>Eko programda devir ba\u015f\u0131na d\u00fc\u015fen enerji t\u00fcketimi:<\/strong> 0,836 kWh\/\u00e7evrim<\/p>\n<\/div>\n<div class=\"technical-info-item js-technical-info-item\">\n<p class=\"technical-info-item-heading js-search-text\"><strong>Su t\u00fcketimi:<\/strong> 9,5 litre<\/p>\n<\/div>\n<div class=\"technical-info-item js-technical-info-item\">\n<p class=\"technical-info-item-heading js-search-text\"><strong>Program s\u00fcresi<\/strong><sup class=\"js-footnote-reference-number\"><strong>3:<\/strong> <\/sup>4:55 saat<\/p>\n<\/div>\n<div class=\"technical-info-item js-technical-info-item\">\n<p class=\"technical-info-item-heading js-search-text\"><strong>Eko program\u0131 100 devirdeki enerji t\u00fcketimi<\/strong><sup class=\"js-footnote-reference-number\"><strong>4:<\/strong> <\/sup>84 kWh<\/p>\n<\/div>\n<div class=\"technical-info-item js-technical-info-item\">\n<p class=\"technical-info-item-heading js-search-text\"><strong>Kapasite:<\/strong> 13<\/p>\n<\/div>\n<div class=\"technical-info-item js-technical-info-item\">\n<p class=\"technical-info-item-heading js-search-text\"><strong>Bekleme modunda g\u00fc\u00e7 t\u00fcketimi:<\/strong> 0,10 W<\/p>\n<\/div>\n<div class=\"technical-info-item js-technical-info-item\">\n<p class=\"technical-info-item-heading js-search-text\"><strong>Programlar:<\/strong> Eko, H\u0131zl\u0131 65\u00baC, Yo\u011fun<\/p>\n<\/div>\n<div class=\"technical-info-item js-technical-info-item\">\n<p class=\"technical-info-item-heading js-search-text\"><strong>Ek fonksiyonlar:<\/strong> Yar\u0131m Y\u00fck<\/p>\n<\/div>\n<div class=\"technical-info-item js-technical-info-item\">\n<p class=\"technical-info-item-heading js-search-text\"><strong>Kullanma \u015fekli:<\/strong> dokunmatik tu\u015flar, program se\u00e7me d\u00fc\u011fmesi, Tu\u015flar<\/p>\n<\/div>\n<div class=\"technical-info-item js-technical-info-item\">\n<p class=\"technical-info-item-heading js-search-text\"><strong>Kurutma sistemi:<\/strong> Kendi s\u0131cakl\u0131\u011f\u0131 ile<\/p>\n<\/div>\n<div class=\"technical-info-item js-technical-info-item\">\n<p class=\"technical-info-item-heading js-search-text\"><strong>Kalan s\u00fcre g\u00f6stergesi:<\/strong> evet<\/p>\n<\/div>\n<div class=\"technical-info-item js-technical-info-item\">\n<p class=\"technical-info-item-heading js-search-text\"><strong>\u00dcst sepet ayarlanabilir:<\/strong> Tek<\/p>\n<\/div>\n<div class=\"technical-info-item js-technical-info-item\">\n<p class=\"technical-info-item-heading js-search-text\"><strong>\u00c7atal B\u0131\u00e7ak Yerle\u015ftirme:<\/strong> Alt rafta \u00e7atal-b\u0131\u00e7ak sepeti<\/p>\n<\/div>\n<div class=\"technical-info-item js-technical-info-item\">\n<p class=\"technical-info-item-heading js-search-text\"><strong>Su yumu\u015fat\u0131c\u0131:<\/strong> evet<\/p>\n<\/div>\n<div class=\"technical-info-item js-technical-info-item\">\n<p class=\"technical-info-item-heading js-search-text\"><strong>Su g\u00fcvenlik sistemi:<\/strong> kapal\u0131 sistem<\/p>\n<\/div>","protected":false},"excerpt":{"rendered":"<p>Genel \u00d6zellikler \u00dcr\u00fcn Tipi: Solo Montaj tipi: Solo veya tezgah alt\u0131na yerle\u015ftirilebilir \u00dcretim yeri: TR Renk: Beyaz Kontrol Panel Rengi: Beyaz \u00c7\u0131kar\u0131labilir \u00fcst kapak: evet Enerji verimlilik s\u0131n\u0131f\u01312: D Temizlik performans endeksi: 1,121 Kurutma performans endeksi: 1,061 Ses seviyesi: 48 dB(A) re 1pW Bardak koruma tekni\u011fi: evet Ses seviyesi s\u0131n\u0131f\u0131: C Eko programda devir ba\u015f\u0131na [&hellip;]<\/p>","protected":false},"featured_media":7948,"comment_status":"open","ping_status":"closed","template":"","meta":{"om_disable_all_campaigns":false,"_monsterinsights_skip_tracking":false,"_monsterinsights_sitenote_active":false,"_monsterinsights_sitenote_note":"","_monsterinsights_sitenote_category":0,"_joinchat":[]},"product_brand":[],"product_cat":[190,191],"product_tag":[],"class_list":{"0":"post-7947","1":"product","2":"type-product","3":"status-publish","4":"has-post-thumbnail","6":"product_cat-bulasik-makineleri","7":"product_cat-solo-bulasik-makineleri","8":"ts_product_brand-bosch","10":"first","11":"instock","12":"shipping-taxable","13":"product-type-simple","14":"add-to-wishlist-after_add_to_cart"},"aioseo_notices":[],"_links":{"self":[{"href":"https:\/\/cyprusbosch.com\/en\/wp-json\/wp\/v2\/product\/7947","targetHints":{"allow":["GET"]}}],"collection":[{"href":"https:\/\/cyprusbosch.com\/en\/wp-json\/wp\/v2\/product"}],"about":[{"href":"https:\/\/cyprusbosch.com\/en\/wp-json\/wp\/v2\/types\/product"}],"replies":[{"embeddable":true,"href":"https:\/\/cyprusbosch.com\/en\/wp-json\/wp\/v2\/comments?post=7947"}],"wp:featuredmedia":[{"embeddable":true,"href":"https:\/\/cyprusbosch.com\/en\/wp-json\/wp\/v2\/media\/7948"}],"wp:attachment":[{"href":"https:\/\/cyprusbosch.com\/en\/wp-json\/wp\/v2\/media?parent=7947"}],"wp:term":[{"taxonomy":"product_brand","embeddable":true,"href":"https:\/\/cyprusbosch.com\/en\/wp-json\/wp\/v2\/product_brand?post=7947"},{"taxonomy":"product_cat","embeddable":true,"href":"https:\/\/cyprusbosch.com\/en\/wp-json\/wp\/v2\/product_cat?post=7947"},{"taxonomy":"product_tag","embeddable":true,"href":"https:\/\/cyprusbosch.com\/en\/wp-json\/wp\/v2\/product_tag?post=7947"}],"curies":[{"name":"wp","href":"https:\/\/api.w.org\/{rel}","templated":true}]}}