{"id":7962,"date":"2025-01-25T13:47:38","date_gmt":"2025-01-25T13:47:38","guid":{"rendered":"https:\/\/cyprusbosch.com\/?post_type=product&#038;p=7962"},"modified":"2025-01-25T13:47:38","modified_gmt":"2025-01-25T13:47:38","slug":"serie-4-solo-bulasik-makinesi-60-cm-paslanmaz-celik-a","status":"publish","type":"product","link":"https:\/\/cyprusbosch.com\/en\/product\/serie-4-solo-bulasik-makinesi-60-cm-paslanmaz-celik-a\/","title":{"rendered":"Serie 4 | Solo Bula\u015f\u0131k Makinesi 60 cm Paslanmaz \u00c7elik A+"},"content":{"rendered":"<p><strong>Genel \u00dcr\u00fcn geni\u015fli\u011fi:<\/strong> 600 mm<br \/>\n<strong>\u00dcr\u00fcn\u00fcn Y\u00fcksekli\u011fi:<\/strong> 845 mm<br \/>\n<strong>Kapasite:<\/strong> 12 Ki\u015filik<br \/>\n<strong>Su T\u00fcketimi:<\/strong> 11,7 Lt<br \/>\n<strong>Enerji Verimlilik S\u0131n\u0131f\u0131:<\/strong> A+ Enerji<br \/>\n<strong>Program Listesi:<\/strong> Yo\u011fun, Normal, H\u0131zl\u0131 y\u0131kama<br \/>\n<strong>Ek \u00c7al\u0131\u015ft\u0131rma Fonksiyonlar\u0131:<\/strong> yar\u0131m y\u00fck Dijital geri say\u0131m g\u00f6stergesi<br \/>\n<strong>G\u00fcr\u00fclt\u00fc seviyesi:<\/strong> 48 db<\/p>","protected":false},"excerpt":{"rendered":"<p>Genel \u00dcr\u00fcn geni\u015fli\u011fi: 600 mm \u00dcr\u00fcn\u00fcn Y\u00fcksekli\u011fi: 845 mm Kapasite: 12 Ki\u015filik Su T\u00fcketimi: 11,7 Lt Enerji Verimlilik S\u0131n\u0131f\u0131: A+ Enerji Program Listesi: Yo\u011fun, Normal, H\u0131zl\u0131 y\u0131kama Ek \u00c7al\u0131\u015ft\u0131rma Fonksiyonlar\u0131: yar\u0131m y\u00fck Dijital geri say\u0131m g\u00f6stergesi G\u00fcr\u00fclt\u00fc seviyesi: 48 db<\/p>","protected":false},"featured_media":7963,"comment_status":"open","ping_status":"closed","template":"","meta":{"om_disable_all_campaigns":false,"_monsterinsights_skip_tracking":false,"_monsterinsights_sitenote_active":false,"_monsterinsights_sitenote_note":"","_monsterinsights_sitenote_category":0,"_joinchat":[]},"product_brand":[],"product_cat":[190,191],"product_tag":[],"class_list":{"0":"post-7962","1":"product","2":"type-product","3":"status-publish","4":"has-post-thumbnail","6":"product_cat-bulasik-makineleri","7":"product_cat-solo-bulasik-makineleri","8":"ts_product_brand-bosch","10":"first","11":"instock","12":"shipping-taxable","13":"product-type-simple","14":"add-to-wishlist-after_add_to_cart"},"aioseo_notices":[],"_links":{"self":[{"href":"https:\/\/cyprusbosch.com\/en\/wp-json\/wp\/v2\/product\/7962","targetHints":{"allow":["GET"]}}],"collection":[{"href":"https:\/\/cyprusbosch.com\/en\/wp-json\/wp\/v2\/product"}],"about":[{"href":"https:\/\/cyprusbosch.com\/en\/wp-json\/wp\/v2\/types\/product"}],"replies":[{"embeddable":true,"href":"https:\/\/cyprusbosch.com\/en\/wp-json\/wp\/v2\/comments?post=7962"}],"wp:featuredmedia":[{"embeddable":true,"href":"https:\/\/cyprusbosch.com\/en\/wp-json\/wp\/v2\/media\/7963"}],"wp:attachment":[{"href":"https:\/\/cyprusbosch.com\/en\/wp-json\/wp\/v2\/media?parent=7962"}],"wp:term":[{"taxonomy":"product_brand","embeddable":true,"href":"https:\/\/cyprusbosch.com\/en\/wp-json\/wp\/v2\/product_brand?post=7962"},{"taxonomy":"product_cat","embeddable":true,"href":"https:\/\/cyprusbosch.com\/en\/wp-json\/wp\/v2\/product_cat?post=7962"},{"taxonomy":"product_tag","embeddable":true,"href":"https:\/\/cyprusbosch.com\/en\/wp-json\/wp\/v2\/product_tag?post=7962"}],"curies":[{"name":"wp","href":"https:\/\/api.w.org\/{rel}","templated":true}]}}