{"id":7969,"date":"2025-01-25T14:01:59","date_gmt":"2025-01-25T14:01:59","guid":{"rendered":"https:\/\/cyprusbosch.com\/?post_type=product&#038;p=7969"},"modified":"2025-01-25T14:01:59","modified_gmt":"2025-01-25T14:01:59","slug":"serie-4-solo-bulasik-makinesi-60-cm-paslanmaz-celik-parmak-izi-tutmaz","status":"publish","type":"product","link":"https:\/\/cyprusbosch.com\/en\/product\/serie-4-solo-bulasik-makinesi-60-cm-paslanmaz-celik-parmak-izi-tutmaz\/","title":{"rendered":"Serie 4 | Solo Bula\u015f\u0131k Makinesi 60 cm Paslanmaz \u00e7elik parmak izi tutmaz"},"content":{"rendered":"<p><strong>\u00dcr\u00fcn Y\u00fcksekli\u011fi:<\/strong> 845 mm<br \/>\n<strong>\u00dcr\u00fcn Geni\u015fli\u011fi:<\/strong> 600 mm<br \/>\n<strong>\u00dcr\u00fcn Derinli\u011fi:<\/strong> 600 mm<br \/>\n<strong>Su t\u00fcketimi:<\/strong> 9,5 Lt<br \/>\n<strong>Renk:<\/strong> Inox<br \/>\n<strong>Program:<\/strong> 4 Programl\u0131<br \/>\n<strong>Ak\u0131ll\u0131 su y\u00f6netimi:<\/strong> Var<br \/>\n<strong>Dozaj ayarlama:<\/strong> Var<br \/>\n<strong>Ek \u00d6zellik:<\/strong> Yar\u0131m sepet ve sessiz<\/p>","protected":false},"excerpt":{"rendered":"<p>\u00dcr\u00fcn Y\u00fcksekli\u011fi: 845 mm \u00dcr\u00fcn Geni\u015fli\u011fi: 600 mm \u00dcr\u00fcn Derinli\u011fi: 600 mm Su t\u00fcketimi: 9,5 Lt Renk: Inox Program: 4 Programl\u0131 Ak\u0131ll\u0131 su y\u00f6netimi: Var Dozaj ayarlama: Var Ek \u00d6zellik: Yar\u0131m sepet ve sessiz<\/p>","protected":false},"featured_media":7970,"comment_status":"open","ping_status":"closed","template":"","meta":{"om_disable_all_campaigns":false,"_monsterinsights_skip_tracking":false,"_monsterinsights_sitenote_active":false,"_monsterinsights_sitenote_note":"","_monsterinsights_sitenote_category":0,"_joinchat":[]},"product_brand":[],"product_cat":[190,191],"product_tag":[],"class_list":{"0":"post-7969","1":"product","2":"type-product","3":"status-publish","4":"has-post-thumbnail","6":"product_cat-bulasik-makineleri","7":"product_cat-solo-bulasik-makineleri","8":"ts_product_brand-bosch","10":"first","11":"instock","12":"shipping-taxable","13":"product-type-simple","14":"add-to-wishlist-after_add_to_cart"},"aioseo_notices":[],"_links":{"self":[{"href":"https:\/\/cyprusbosch.com\/en\/wp-json\/wp\/v2\/product\/7969","targetHints":{"allow":["GET"]}}],"collection":[{"href":"https:\/\/cyprusbosch.com\/en\/wp-json\/wp\/v2\/product"}],"about":[{"href":"https:\/\/cyprusbosch.com\/en\/wp-json\/wp\/v2\/types\/product"}],"replies":[{"embeddable":true,"href":"https:\/\/cyprusbosch.com\/en\/wp-json\/wp\/v2\/comments?post=7969"}],"wp:featuredmedia":[{"embeddable":true,"href":"https:\/\/cyprusbosch.com\/en\/wp-json\/wp\/v2\/media\/7970"}],"wp:attachment":[{"href":"https:\/\/cyprusbosch.com\/en\/wp-json\/wp\/v2\/media?parent=7969"}],"wp:term":[{"taxonomy":"product_brand","embeddable":true,"href":"https:\/\/cyprusbosch.com\/en\/wp-json\/wp\/v2\/product_brand?post=7969"},{"taxonomy":"product_cat","embeddable":true,"href":"https:\/\/cyprusbosch.com\/en\/wp-json\/wp\/v2\/product_cat?post=7969"},{"taxonomy":"product_tag","embeddable":true,"href":"https:\/\/cyprusbosch.com\/en\/wp-json\/wp\/v2\/product_tag?post=7969"}],"curies":[{"name":"wp","href":"https:\/\/api.w.org\/{rel}","templated":true}]}}