{"id":7981,"date":"2025-01-25T14:57:27","date_gmt":"2025-01-25T14:57:27","guid":{"rendered":"https:\/\/cyprusbosch.com\/?post_type=product&#038;p=7981"},"modified":"2025-01-25T14:57:27","modified_gmt":"2025-01-25T14:57:27","slug":"serie-4-solo-bulasik-makinesi-60-cm-paslanmaz-celik-a-2","status":"publish","type":"product","link":"https:\/\/cyprusbosch.com\/en\/product\/serie-4-solo-bulasik-makinesi-60-cm-paslanmaz-celik-a-2\/","title":{"rendered":"Serie 4 | Solo Bula\u015f\u0131k Makinesi 60 cm Paslanmaz \u00c7elik A++"},"content":{"rendered":"<p><strong>Genel \u00dcr\u00fcn Geni\u015fli\u011fi:<\/strong> 600 mm<br \/>\n<strong>\u00dcr\u00fcn\u00fcn Y\u00fcksekli\u011fi:<\/strong> 845 mm<br \/>\n<strong>Kapasite:<\/strong> 12 Ki\u015filik<br \/>\n<strong>Su t\u00fcketimi:<\/strong> 9,5 Lt<br \/>\n<strong>Enerji Verimlilik S\u0131n\u0131f\u0131:<\/strong> A+<br \/>\n<strong>Program Listesi:<\/strong> Auto 45-65 \u00b0 C, Yo\u011fun, Normal, \u00d6n Durulama, H\u0131zl\u0131 y\u0131kama<br \/>\n<strong>Ek \u00c7al\u0131\u015ft\u0131rma Fonksiyonlar\u0131:<\/strong> Ekstra Durulama, yar\u0131m y\u00fck, HygienePlus, Makine Bak\u0131m\u0131 Dijital geri say\u0131m g\u00f6stergesi<br \/>\n<strong>G\u00fcr\u00fclt\u00fc Seviyesi:<\/strong> 46 db<\/p>","protected":false},"excerpt":{"rendered":"<p>Genel \u00dcr\u00fcn Geni\u015fli\u011fi: 600 mm \u00dcr\u00fcn\u00fcn Y\u00fcksekli\u011fi: 845 mm Kapasite: 12 Ki\u015filik Su t\u00fcketimi: 9,5 Lt Enerji Verimlilik S\u0131n\u0131f\u0131: A+ Program Listesi: Auto 45-65 \u00b0 C, Yo\u011fun, Normal, \u00d6n Durulama, H\u0131zl\u0131 y\u0131kama Ek \u00c7al\u0131\u015ft\u0131rma Fonksiyonlar\u0131: Ekstra Durulama, yar\u0131m y\u00fck, HygienePlus, Makine Bak\u0131m\u0131 Dijital geri say\u0131m g\u00f6stergesi G\u00fcr\u00fclt\u00fc Seviyesi: 46 db<\/p>","protected":false},"featured_media":7982,"comment_status":"open","ping_status":"closed","template":"","meta":{"om_disable_all_campaigns":false,"_monsterinsights_skip_tracking":false,"_monsterinsights_sitenote_active":false,"_monsterinsights_sitenote_note":"","_monsterinsights_sitenote_category":0,"_joinchat":[]},"product_brand":[],"product_cat":[190,191],"product_tag":[],"class_list":{"0":"post-7981","1":"product","2":"type-product","3":"status-publish","4":"has-post-thumbnail","6":"product_cat-bulasik-makineleri","7":"product_cat-solo-bulasik-makineleri","8":"ts_product_brand-bosch","10":"first","11":"instock","12":"shipping-taxable","13":"product-type-simple","14":"add-to-wishlist-after_add_to_cart"},"aioseo_notices":[],"_links":{"self":[{"href":"https:\/\/cyprusbosch.com\/en\/wp-json\/wp\/v2\/product\/7981","targetHints":{"allow":["GET"]}}],"collection":[{"href":"https:\/\/cyprusbosch.com\/en\/wp-json\/wp\/v2\/product"}],"about":[{"href":"https:\/\/cyprusbosch.com\/en\/wp-json\/wp\/v2\/types\/product"}],"replies":[{"embeddable":true,"href":"https:\/\/cyprusbosch.com\/en\/wp-json\/wp\/v2\/comments?post=7981"}],"wp:featuredmedia":[{"embeddable":true,"href":"https:\/\/cyprusbosch.com\/en\/wp-json\/wp\/v2\/media\/7982"}],"wp:attachment":[{"href":"https:\/\/cyprusbosch.com\/en\/wp-json\/wp\/v2\/media?parent=7981"}],"wp:term":[{"taxonomy":"product_brand","embeddable":true,"href":"https:\/\/cyprusbosch.com\/en\/wp-json\/wp\/v2\/product_brand?post=7981"},{"taxonomy":"product_cat","embeddable":true,"href":"https:\/\/cyprusbosch.com\/en\/wp-json\/wp\/v2\/product_cat?post=7981"},{"taxonomy":"product_tag","embeddable":true,"href":"https:\/\/cyprusbosch.com\/en\/wp-json\/wp\/v2\/product_tag?post=7981"}],"curies":[{"name":"wp","href":"https:\/\/api.w.org\/{rel}","templated":true}]}}