{"id":7986,"date":"2025-01-25T15:06:50","date_gmt":"2025-01-25T15:06:50","guid":{"rendered":"https:\/\/cyprusbosch.com\/?post_type=product&#038;p=7986"},"modified":"2025-01-25T15:06:50","modified_gmt":"2025-01-25T15:06:50","slug":"bosch-bulasik-makinesi-60cm-beyaz","status":"publish","type":"product","link":"https:\/\/cyprusbosch.com\/en\/product\/bosch-bulasik-makinesi-60cm-beyaz\/","title":{"rendered":"Bosch Bula\u015f\u0131k Makinesi 60cm Beyaz"},"content":{"rendered":"<p><strong>\u00d6l\u00e7\u00fcler:<\/strong> Y\u00fckseklik \/ Geni\u015flik \/ Derinlik: 85x60x60 cm<br \/>\n<strong>Kapasite (set):<\/strong> 13 ki\u015fi<br \/>\n<strong>Enerji t\u00fcketim s\u0131n\u0131f\u0131:<\/strong> A++<br \/>\n<strong>Su t\u00fcketimi:<\/strong> 9,5 lt<br \/>\n<strong>Program say\u0131s\u0131:<\/strong> 7<br \/>\n<strong>\u00c7atal b\u0131\u00e7ak sepeti:<\/strong> evet<br \/>\n<strong>Ekran:<\/strong> Evet<br \/>\n<strong>Kontrol tipi:<\/strong> Elektron<br \/>\n<strong>S\u0131z\u0131nt\u0131 korumas\u0131:<\/strong> evet<br \/>\n<strong>\u00c7ocuk kilidi:<\/strong> evet<br \/>\n<strong>A\u011f\u0131rl\u0131k:<\/strong> 51,3 kg<br \/>\n<strong>Renk:<\/strong> Beyaz renk<\/p>","protected":false},"excerpt":{"rendered":"<p>\u00d6l\u00e7\u00fcler: Y\u00fckseklik \/ Geni\u015flik \/ Derinlik: 85x60x60 cm Kapasite (set): 13 ki\u015fi Enerji t\u00fcketim s\u0131n\u0131f\u0131: A++ Su t\u00fcketimi: 9,5 lt Program say\u0131s\u0131: 7 \u00c7atal b\u0131\u00e7ak sepeti: evet Ekran: Evet Kontrol tipi: Elektron S\u0131z\u0131nt\u0131 korumas\u0131: evet \u00c7ocuk kilidi: evet A\u011f\u0131rl\u0131k: 51,3 kg Renk: Beyaz renk<\/p>","protected":false},"featured_media":7987,"comment_status":"open","ping_status":"closed","template":"","meta":{"om_disable_all_campaigns":false,"_monsterinsights_skip_tracking":false,"_monsterinsights_sitenote_active":false,"_monsterinsights_sitenote_note":"","_monsterinsights_sitenote_category":0,"_joinchat":[]},"product_brand":[],"product_cat":[190,191],"product_tag":[],"class_list":{"0":"post-7986","1":"product","2":"type-product","3":"status-publish","4":"has-post-thumbnail","6":"product_cat-bulasik-makineleri","7":"product_cat-solo-bulasik-makineleri","8":"ts_product_brand-bosch","10":"first","11":"instock","12":"shipping-taxable","13":"product-type-simple","14":"add-to-wishlist-after_add_to_cart"},"aioseo_notices":[],"_links":{"self":[{"href":"https:\/\/cyprusbosch.com\/en\/wp-json\/wp\/v2\/product\/7986","targetHints":{"allow":["GET"]}}],"collection":[{"href":"https:\/\/cyprusbosch.com\/en\/wp-json\/wp\/v2\/product"}],"about":[{"href":"https:\/\/cyprusbosch.com\/en\/wp-json\/wp\/v2\/types\/product"}],"replies":[{"embeddable":true,"href":"https:\/\/cyprusbosch.com\/en\/wp-json\/wp\/v2\/comments?post=7986"}],"wp:featuredmedia":[{"embeddable":true,"href":"https:\/\/cyprusbosch.com\/en\/wp-json\/wp\/v2\/media\/7987"}],"wp:attachment":[{"href":"https:\/\/cyprusbosch.com\/en\/wp-json\/wp\/v2\/media?parent=7986"}],"wp:term":[{"taxonomy":"product_brand","embeddable":true,"href":"https:\/\/cyprusbosch.com\/en\/wp-json\/wp\/v2\/product_brand?post=7986"},{"taxonomy":"product_cat","embeddable":true,"href":"https:\/\/cyprusbosch.com\/en\/wp-json\/wp\/v2\/product_cat?post=7986"},{"taxonomy":"product_tag","embeddable":true,"href":"https:\/\/cyprusbosch.com\/en\/wp-json\/wp\/v2\/product_tag?post=7986"}],"curies":[{"name":"wp","href":"https:\/\/api.w.org\/{rel}","templated":true}]}}