{"id":7997,"date":"2025-01-25T18:12:16","date_gmt":"2025-01-25T18:12:16","guid":{"rendered":"https:\/\/cyprusbosch.com\/?post_type=product&#038;p=7997"},"modified":"2025-01-25T18:12:16","modified_gmt":"2025-01-25T18:12:16","slug":"serie-4-solo-derin-dondurucu-176-x-60-cm-beyaz","status":"publish","type":"product","link":"https:\/\/cyprusbosch.com\/en\/product\/serie-4-solo-derin-dondurucu-176-x-60-cm-beyaz\/","title":{"rendered":"Serie 4 | Solo Derin Dondurucu 176 x 60 cm Beyaz"},"content":{"rendered":"<ul>\n<li><strong><span class=\"highlight copi-link\" data-layer-id=\"copi-layer-id-0\" data-eventtracking=\"{&quot;trackType&quot;:&quot;feature story popover opened&quot;, &quot;eventType&quot;:&quot;click&quot;}\">VarioZone:<\/span><\/strong>\u00a0<span class=\"js-copi-text copi-text\">\u0130htiyaca g\u00f6re d\u00fczenlenebilen raflar ve \u00e7ekmeceler sayesinde daha fazla esneklik.<\/span><\/li>\n<li>\u00a0<strong><span class=\"highlight copi-link\" data-layer-id=\"copi-layer-id-1\" data-eventtracking=\"{&quot;trackType&quot;:&quot;feature story popover opened&quot;, &quot;eventType&quot;:&quot;click&quot;}\">NoFrost:<\/span><\/strong>\u00a0<span class=\"js-copi-text copi-text\">buz olu\u015fmas\u0131na kar\u015f\u0131 m\u00fckemmel koruma sayesinde zaman ve enerji t\u00fcketen buz \u00e7\u00f6zd\u00fcrme i\u015flemine bir daha hi\u00e7 gerek kalmaz.<\/span><\/li>\n<li>\u00a0<strong><span class=\"highlight copi-link\" data-layer-id=\"copi-layer-id-2\" data-eventtracking=\"{&quot;trackType&quot;:&quot;feature story popover opened&quot;, &quot;eventType&quot;:&quot;click&quot;}\">BigBox:<\/span><\/strong>\u00a0<span class=\"js-copi-text copi-text\">Dondurulmu\u015f b\u00fcy\u00fck g\u0131dalar\u0131n\u0131z i\u00e7in ekstra alan.<\/span><\/li>\n<li>\u00a0<span class=\"js-copi-text copi-text\">Kap\u0131 kapanmad\u0131\u011f\u0131nda uyar\u0131 sinyali ve \u0131\u015f\u0131\u011f\u0131<\/span><\/li>\n<li>\u00a0<strong><span class=\"highlight copi-link\" data-layer-id=\"copi-layer-id-4\" data-eventtracking=\"{&quot;trackType&quot;:&quot;feature story popover opened&quot;, &quot;eventType&quot;:&quot;click&quot;}\">Multi Airflow:<\/span><\/strong>\u00a0<span class=\"js-copi-text copi-text\">Daha k\u0131sa s\u00fcrede so\u011futma ve daha uzun s\u00fcre tazelik i\u00e7in, minimum \u0131s\u0131 dalgalanmalar\u0131yla kontroll\u00fc so\u011futma.<\/span><\/li>\n<\/ul>","protected":false},"excerpt":{"rendered":"<p>VarioZone:\u00a0\u0130htiyaca g\u00f6re d\u00fczenlenebilen raflar ve \u00e7ekmeceler sayesinde daha fazla esneklik. \u00a0NoFrost:\u00a0buz olu\u015fmas\u0131na kar\u015f\u0131 m\u00fckemmel koruma sayesinde zaman ve enerji t\u00fcketen buz \u00e7\u00f6zd\u00fcrme i\u015flemine bir daha hi\u00e7 gerek kalmaz. \u00a0BigBox:\u00a0Dondurulmu\u015f b\u00fcy\u00fck g\u0131dalar\u0131n\u0131z i\u00e7in ekstra alan. \u00a0Kap\u0131 kapanmad\u0131\u011f\u0131nda uyar\u0131 sinyali ve \u0131\u015f\u0131\u011f\u0131 \u00a0Multi Airflow:\u00a0Daha k\u0131sa s\u00fcrede so\u011futma ve daha uzun s\u00fcre tazelik i\u00e7in, minimum \u0131s\u0131 dalgalanmalar\u0131yla kontroll\u00fc [&hellip;]<\/p>","protected":false},"featured_media":7998,"comment_status":"open","ping_status":"closed","template":"","meta":{"om_disable_all_campaigns":false,"_monsterinsights_skip_tracking":false,"_monsterinsights_sitenote_active":false,"_monsterinsights_sitenote_note":"","_monsterinsights_sitenote_category":0,"_joinchat":[]},"product_brand":[],"product_cat":[240],"product_tag":[],"class_list":{"0":"post-7997","1":"product","2":"type-product","3":"status-publish","4":"has-post-thumbnail","6":"product_cat-derin-dondurucu","7":"ts_product_brand-bosch","9":"first","10":"instock","11":"shipping-taxable","12":"product-type-simple","13":"add-to-wishlist-after_add_to_cart"},"aioseo_notices":[],"_links":{"self":[{"href":"https:\/\/cyprusbosch.com\/en\/wp-json\/wp\/v2\/product\/7997","targetHints":{"allow":["GET"]}}],"collection":[{"href":"https:\/\/cyprusbosch.com\/en\/wp-json\/wp\/v2\/product"}],"about":[{"href":"https:\/\/cyprusbosch.com\/en\/wp-json\/wp\/v2\/types\/product"}],"replies":[{"embeddable":true,"href":"https:\/\/cyprusbosch.com\/en\/wp-json\/wp\/v2\/comments?post=7997"}],"wp:featuredmedia":[{"embeddable":true,"href":"https:\/\/cyprusbosch.com\/en\/wp-json\/wp\/v2\/media\/7998"}],"wp:attachment":[{"href":"https:\/\/cyprusbosch.com\/en\/wp-json\/wp\/v2\/media?parent=7997"}],"wp:term":[{"taxonomy":"product_brand","embeddable":true,"href":"https:\/\/cyprusbosch.com\/en\/wp-json\/wp\/v2\/product_brand?post=7997"},{"taxonomy":"product_cat","embeddable":true,"href":"https:\/\/cyprusbosch.com\/en\/wp-json\/wp\/v2\/product_cat?post=7997"},{"taxonomy":"product_tag","embeddable":true,"href":"https:\/\/cyprusbosch.com\/en\/wp-json\/wp\/v2\/product_tag?post=7997"}],"curies":[{"name":"wp","href":"https:\/\/api.w.org\/{rel}","templated":true}]}}