{"id":8004,"date":"2025-01-25T18:20:23","date_gmt":"2025-01-25T18:20:23","guid":{"rendered":"https:\/\/cyprusbosch.com\/?post_type=product&#038;p=8004"},"modified":"2025-01-26T10:20:37","modified_gmt":"2025-01-26T10:20:37","slug":"serie-6-solo-derin-dondurucu-186-x-60-cm-kolay-temizlenebilir-inox","status":"publish","type":"product","link":"https:\/\/cyprusbosch.com\/en\/product\/serie-6-solo-derin-dondurucu-186-x-60-cm-kolay-temizlenebilir-inox\/","title":{"rendered":"Serie 6 | Solo Derin Dondurucu 186 x 60 cm Kolay temizlenebilir Inox"},"content":{"rendered":"<p><strong>Genel:<\/strong> Geni\u015flik (mm) 600 mm Y\u00fckseklik (mm) 1.860 mm<\/p>\n<p><strong>Renk:<\/strong> Paslanmaz \u00e7elik (parmak izi b\u0131rakmaz)<\/p>\n<p><strong>Dondurucu net kapasitesi:<\/strong> 237 l<\/p>\n<p><strong>Enerji Verimlilik S\u0131n\u0131f\u0131:<\/strong> A++<\/p>\n<p><strong>Y\u0131ll\u0131k enerji t\u00fcketimi:<\/strong> (kWh\/annum) &#8211; 2010 234,00 kWh\/annum<\/p>\n<p><strong>Buz hazirlama islemi:<\/strong> Twist Ice Box removable<\/p>\n<p><strong>D. dond. sicaklik g\u00f6stergesi:<\/strong> Dijital 7 segment<\/p>\n<p><strong>G\u00fcr\u00fclt\u00fc seviyesi (dB):<\/strong> 42<\/p>\n<p><strong>Kap\u0131 mente\u015fesi:<\/strong> Sa\u011f<\/p>\n<p>De\u011fi\u015ftirilebilir Elektrik kablosu uzunlu\u011fu (cm) 230 cm<\/p>\n<p><strong>Entegre aksesuarlar:<\/strong> 3 x So\u011futucu paketi<\/p>","protected":false},"excerpt":{"rendered":"<p>Genel: Geni\u015flik (mm) 600 mm Y\u00fckseklik (mm) 1.860 mm Renk: Paslanmaz \u00e7elik (parmak izi b\u0131rakmaz) Dondurucu net kapasitesi: 237 l Enerji Verimlilik S\u0131n\u0131f\u0131: A++ Y\u0131ll\u0131k enerji t\u00fcketimi: (kWh\/annum) &#8211; 2010 234,00 kWh\/annum Buz hazirlama islemi: Twist Ice Box removable D. dond. sicaklik g\u00f6stergesi: Dijital 7 segment G\u00fcr\u00fclt\u00fc seviyesi (dB): 42 Kap\u0131 mente\u015fesi: Sa\u011f De\u011fi\u015ftirilebilir Elektrik [&hellip;]<\/p>","protected":false},"featured_media":8005,"comment_status":"open","ping_status":"closed","template":"","meta":{"om_disable_all_campaigns":false,"_monsterinsights_skip_tracking":false,"_monsterinsights_sitenote_active":false,"_monsterinsights_sitenote_note":"","_monsterinsights_sitenote_category":0,"_joinchat":[]},"product_brand":[],"product_cat":[240],"product_tag":[],"class_list":{"0":"post-8004","1":"product","2":"type-product","3":"status-publish","4":"has-post-thumbnail","6":"product_cat-derin-dondurucu","7":"ts_product_brand-bosch","9":"first","10":"instock","11":"shipping-taxable","12":"product-type-simple","13":"add-to-wishlist-after_add_to_cart"},"aioseo_notices":[],"_links":{"self":[{"href":"https:\/\/cyprusbosch.com\/en\/wp-json\/wp\/v2\/product\/8004","targetHints":{"allow":["GET"]}}],"collection":[{"href":"https:\/\/cyprusbosch.com\/en\/wp-json\/wp\/v2\/product"}],"about":[{"href":"https:\/\/cyprusbosch.com\/en\/wp-json\/wp\/v2\/types\/product"}],"replies":[{"embeddable":true,"href":"https:\/\/cyprusbosch.com\/en\/wp-json\/wp\/v2\/comments?post=8004"}],"wp:featuredmedia":[{"embeddable":true,"href":"https:\/\/cyprusbosch.com\/en\/wp-json\/wp\/v2\/media\/8005"}],"wp:attachment":[{"href":"https:\/\/cyprusbosch.com\/en\/wp-json\/wp\/v2\/media?parent=8004"}],"wp:term":[{"taxonomy":"product_brand","embeddable":true,"href":"https:\/\/cyprusbosch.com\/en\/wp-json\/wp\/v2\/product_brand?post=8004"},{"taxonomy":"product_cat","embeddable":true,"href":"https:\/\/cyprusbosch.com\/en\/wp-json\/wp\/v2\/product_cat?post=8004"},{"taxonomy":"product_tag","embeddable":true,"href":"https:\/\/cyprusbosch.com\/en\/wp-json\/wp\/v2\/product_tag?post=8004"}],"curies":[{"name":"wp","href":"https:\/\/api.w.org\/{rel}","templated":true}]}}