{"id":8013,"date":"2025-01-25T18:26:29","date_gmt":"2025-01-25T18:26:29","guid":{"rendered":"https:\/\/cyprusbosch.com\/?post_type=product&#038;p=8013"},"modified":"2025-01-25T18:26:29","modified_gmt":"2025-01-25T18:26:29","slug":"serie-4-solo-derin-dondurucu-161-x-60-cm-beyaz","status":"publish","type":"product","link":"https:\/\/cyprusbosch.com\/en\/product\/serie-4-solo-derin-dondurucu-161-x-60-cm-beyaz\/","title":{"rendered":"Serie 4 | Solo Derin Dondurucu 161 x 60 cm Beyaz"},"content":{"rendered":"<ul>\n<li><span class=\"highlight copi-link\" data-layer-id=\"copi-layer-id-0\" data-eventtracking=\"{&quot;trackType&quot;:&quot;feature story popover opened&quot;, &quot;eventType&quot;:&quot;click&quot;}\">BigBox:<\/span>\u00a0<span class=\"js-copi-text copi-text\">Dondurulmu\u015f b\u00fcy\u00fck g\u0131dalar\u0131n\u0131z i\u00e7in ekstra alan.<\/span><\/li>\n<li>\u00a0<span class=\"js-copi-text copi-text\">Kap\u0131 kapanmad\u0131\u011f\u0131nda uyar\u0131 sinyali ve \u0131\u015f\u0131\u011f\u0131<\/span><\/li>\n<li>\u00a0<span class=\"highlight copi-link\" data-layer-id=\"copi-layer-id-2\" data-eventtracking=\"{&quot;trackType&quot;:&quot;feature story popover opened&quot;, &quot;eventType&quot;:&quot;click&quot;}\">SuperFreeze:<\/span>\u00a0<span class=\"js-copi-text copi-text\">Yeni yiyeceklerin \u00e7abucak dondurulmas\u0131n\u0131 ve b\u00f6ylelikle dondurucu i\u00e7erisindeki di\u011fer g\u0131dalar\u0131n buzunun \u00e7\u00f6z\u00fclmesini \u00f6nler.<\/span><\/li>\n<\/ul>\n<hr \/>\n<p><strong>Genel Geni\u015flik:<\/strong> 600 mm<br \/>\n<strong>Y\u00fckseklik:<\/strong> 1.610 mm<br \/>\n<strong>\u00dcr\u00fcn\u00fcn derinli\u011fi:<\/strong> 690 mm<br \/>\n<strong>Renk:<\/strong> Beyaz<br \/>\n<strong>Dondurucu net kapasitesi:<\/strong> 206Lt<br \/>\n<strong>Enerji Verimlilik S\u0131n\u0131f\u0131:<\/strong> A++ Enerji<\/p>","protected":false},"excerpt":{"rendered":"<p>BigBox:\u00a0Dondurulmu\u015f b\u00fcy\u00fck g\u0131dalar\u0131n\u0131z i\u00e7in ekstra alan. \u00a0Kap\u0131 kapanmad\u0131\u011f\u0131nda uyar\u0131 sinyali ve \u0131\u015f\u0131\u011f\u0131 \u00a0SuperFreeze:\u00a0Yeni yiyeceklerin \u00e7abucak dondurulmas\u0131n\u0131 ve b\u00f6ylelikle dondurucu i\u00e7erisindeki di\u011fer g\u0131dalar\u0131n buzunun \u00e7\u00f6z\u00fclmesini \u00f6nler. Genel Geni\u015flik: 600 mm Y\u00fckseklik: 1.610 mm \u00dcr\u00fcn\u00fcn derinli\u011fi: 690 mm Renk: Beyaz Dondurucu net kapasitesi: 206Lt Enerji Verimlilik S\u0131n\u0131f\u0131: A++ Enerji<\/p>","protected":false},"featured_media":8014,"comment_status":"open","ping_status":"closed","template":"","meta":{"om_disable_all_campaigns":false,"_monsterinsights_skip_tracking":false,"_monsterinsights_sitenote_active":false,"_monsterinsights_sitenote_note":"","_monsterinsights_sitenote_category":0,"_joinchat":[]},"product_brand":[],"product_cat":[240],"product_tag":[],"class_list":{"0":"post-8013","1":"product","2":"type-product","3":"status-publish","4":"has-post-thumbnail","6":"product_cat-derin-dondurucu","7":"ts_product_brand-bosch","9":"first","10":"instock","11":"shipping-taxable","12":"product-type-simple","13":"add-to-wishlist-after_add_to_cart"},"aioseo_notices":[],"_links":{"self":[{"href":"https:\/\/cyprusbosch.com\/en\/wp-json\/wp\/v2\/product\/8013","targetHints":{"allow":["GET"]}}],"collection":[{"href":"https:\/\/cyprusbosch.com\/en\/wp-json\/wp\/v2\/product"}],"about":[{"href":"https:\/\/cyprusbosch.com\/en\/wp-json\/wp\/v2\/types\/product"}],"replies":[{"embeddable":true,"href":"https:\/\/cyprusbosch.com\/en\/wp-json\/wp\/v2\/comments?post=8013"}],"wp:featuredmedia":[{"embeddable":true,"href":"https:\/\/cyprusbosch.com\/en\/wp-json\/wp\/v2\/media\/8014"}],"wp:attachment":[{"href":"https:\/\/cyprusbosch.com\/en\/wp-json\/wp\/v2\/media?parent=8013"}],"wp:term":[{"taxonomy":"product_brand","embeddable":true,"href":"https:\/\/cyprusbosch.com\/en\/wp-json\/wp\/v2\/product_brand?post=8013"},{"taxonomy":"product_cat","embeddable":true,"href":"https:\/\/cyprusbosch.com\/en\/wp-json\/wp\/v2\/product_cat?post=8013"},{"taxonomy":"product_tag","embeddable":true,"href":"https:\/\/cyprusbosch.com\/en\/wp-json\/wp\/v2\/product_tag?post=8013"}],"curies":[{"name":"wp","href":"https:\/\/api.w.org\/{rel}","templated":true}]}}