{"id":8021,"date":"2025-01-25T18:32:09","date_gmt":"2025-01-25T18:32:09","guid":{"rendered":"https:\/\/cyprusbosch.com\/?post_type=product&#038;p=8021"},"modified":"2025-01-25T18:33:01","modified_gmt":"2025-01-25T18:33:01","slug":"serie-4-solo-derin-dondurucu-176-x-60-cm-beyaz-2","status":"publish","type":"product","link":"https:\/\/cyprusbosch.com\/en\/product\/serie-4-solo-derin-dondurucu-176-x-60-cm-beyaz-2\/","title":{"rendered":"Serie 4 | Solo Derin Dondurucu 176 x 60 cm Beyaz"},"content":{"rendered":"<p><strong>\u0130\u00e7 \u00dcnite \u00d6l\u00e7\u00fcler (Y\u00fckseklik x Geni\u015flik x Derinlik):<\/strong> 1760 x 600 x 650 mm<br \/>\n<strong>Renk:<\/strong> Beyaz<br \/>\n<strong>Kap\u0131 Boyutu:<\/strong> Sa\u011f, de\u011fi\u015ftirilebilir<br \/>\n<strong>Kap\u0131 kolu tipi:<\/strong> dikey \u00e7ubuk tutamak<br \/>\n<strong>Kullan\u0131m \u015fekli:<\/strong> Derin dondurucu s\u0131cakl\u0131k g\u00f6stergesi, Dondurucu uyar\u0131 fonksiyonu, Kap\u0131 a\u00e7\u0131k tutuldu\u011funda uyar\u0131 sinyali, S\u00fcper dondurma fonksiyonu, Uyar\u0131 sinyali ar\u0131zas\u0131<br \/>\n<strong>Enerji verimlili\u011fi s\u0131n\u0131f\u0131:<\/strong> E<br \/>\n<strong>Y\u0131ll\u0131k ortalama enerji t\u00fcketimi:<\/strong> 210 kWh\/y\u0131l<br \/>\n<strong>Ses seviyesi:<\/strong> 42 dB(A) re 1 pW<br \/>\n<strong>Ses seviyesi s\u0131n\u0131f\u0131:<\/strong> D<br \/>\n<strong>Derin dondurucu b\u00f6l\u00fcm\u00fc kapasitesi:<\/strong> 231 litre<br \/>\n<strong>Entegre aksesuarlar:<\/strong> 2 x So\u011futucu paketi<br \/>\n<strong>Y\u0131ld\u0131z s\u0131n\u0131f\u0131:<\/strong> 4<br \/>\n<strong>Elektrik kesintisinde saklama s\u00fcresi (saat):<\/strong> 11 saat<br \/>\n<strong>\u00c7ekmece \/ Sepet ad\u0131:<\/strong> 5<br \/>\n<strong>Dondurucu kanat\u00e7\u0131k say\u0131s\u0131:<\/strong> 2<\/p>","protected":false},"excerpt":{"rendered":"<p>\u0130\u00e7 \u00dcnite \u00d6l\u00e7\u00fcler (Y\u00fckseklik x Geni\u015flik x Derinlik): 1760 x 600 x 650 mm Renk: Beyaz Kap\u0131 Boyutu: Sa\u011f, de\u011fi\u015ftirilebilir Kap\u0131 kolu tipi: dikey \u00e7ubuk tutamak Kullan\u0131m \u015fekli: Derin dondurucu s\u0131cakl\u0131k g\u00f6stergesi, Dondurucu uyar\u0131 fonksiyonu, Kap\u0131 a\u00e7\u0131k tutuldu\u011funda uyar\u0131 sinyali, S\u00fcper dondurma fonksiyonu, Uyar\u0131 sinyali ar\u0131zas\u0131 Enerji verimlili\u011fi s\u0131n\u0131f\u0131: E Y\u0131ll\u0131k ortalama enerji t\u00fcketimi: 210 [&hellip;]<\/p>","protected":false},"featured_media":8014,"comment_status":"open","ping_status":"closed","template":"","meta":{"om_disable_all_campaigns":false,"_monsterinsights_skip_tracking":false,"_monsterinsights_sitenote_active":false,"_monsterinsights_sitenote_note":"","_monsterinsights_sitenote_category":0,"_joinchat":[]},"product_brand":[],"product_cat":[240],"product_tag":[],"class_list":{"0":"post-8021","1":"product","2":"type-product","3":"status-publish","4":"has-post-thumbnail","6":"product_cat-derin-dondurucu","7":"ts_product_brand-bosch","9":"first","10":"instock","11":"shipping-taxable","12":"product-type-simple","13":"add-to-wishlist-after_add_to_cart"},"aioseo_notices":[],"_links":{"self":[{"href":"https:\/\/cyprusbosch.com\/en\/wp-json\/wp\/v2\/product\/8021","targetHints":{"allow":["GET"]}}],"collection":[{"href":"https:\/\/cyprusbosch.com\/en\/wp-json\/wp\/v2\/product"}],"about":[{"href":"https:\/\/cyprusbosch.com\/en\/wp-json\/wp\/v2\/types\/product"}],"replies":[{"embeddable":true,"href":"https:\/\/cyprusbosch.com\/en\/wp-json\/wp\/v2\/comments?post=8021"}],"wp:featuredmedia":[{"embeddable":true,"href":"https:\/\/cyprusbosch.com\/en\/wp-json\/wp\/v2\/media\/8014"}],"wp:attachment":[{"href":"https:\/\/cyprusbosch.com\/en\/wp-json\/wp\/v2\/media?parent=8021"}],"wp:term":[{"taxonomy":"product_brand","embeddable":true,"href":"https:\/\/cyprusbosch.com\/en\/wp-json\/wp\/v2\/product_brand?post=8021"},{"taxonomy":"product_cat","embeddable":true,"href":"https:\/\/cyprusbosch.com\/en\/wp-json\/wp\/v2\/product_cat?post=8021"},{"taxonomy":"product_tag","embeddable":true,"href":"https:\/\/cyprusbosch.com\/en\/wp-json\/wp\/v2\/product_tag?post=8021"}],"curies":[{"name":"wp","href":"https:\/\/api.w.org\/{rel}","templated":true}]}}