{"id":8022,"date":"2025-01-25T18:47:02","date_gmt":"2025-01-25T18:47:02","guid":{"rendered":"https:\/\/cyprusbosch.com\/?post_type=product&#038;p=8022"},"modified":"2025-01-25T18:47:02","modified_gmt":"2025-01-25T18:47:02","slug":"serie-4-sogutucu-celik-186x60-buzdolabi","status":"publish","type":"product","link":"https:\/\/cyprusbosch.com\/en\/product\/serie-4-sogutucu-celik-186x60-buzdolabi\/","title":{"rendered":"Serie 4 | So\u011futucu \u00c7elik 186\u00d760 Buzdolab\u0131"},"content":{"rendered":"<p><strong>\u00dcr\u00fcn geni\u015fli\u011fi:<\/strong> 600 mm<br \/>\n<strong>\u00dcr\u00fcn\u00fcn y\u00fcksekli\u011fi:<\/strong> 1.860 mm<br \/>\n<strong>\u00dcr\u00fcn\u00fcn ana rengi:<\/strong> Paslanmaz \u00e7elik (parmak izi b\u0131rakmayan)<br \/>\n<strong>Buzdolab\u0131 Net kapasitesi:<\/strong> YEN\u0130 (2010\/30 \/ EC) 346 Lt<br \/>\n<strong>Enerji verimlilik s\u0131n\u0131f\u0131:<\/strong> A ++ Enerji<br \/>\n<strong>Y\u0131ll\u0131k enerji t\u00fcketimi:<\/strong> YEN\u0130 (2010\/30 \/ EC) 112.00 kWh \/ y\u0131l<br \/>\n<strong>S\u0131cakl\u0131k g\u00f6stergesi:<\/strong> buzdolab\u0131 dijital LED<br \/>\n<strong>G\u00fcr\u00fclt\u00fc seviyesi:<\/strong> 39 db<br \/>\n<strong>Kap\u0131 mente\u015fesi:<\/strong> De\u011fi\u015febilir Y\u00f6n<br \/>\n<strong>Raflar\u0131n malzemesi:<\/strong> Glas<br \/>\n<strong>\u015ei\u015feler i\u00e7in Raflar:<\/strong> Var<br \/>\n<strong>Birlikte verilen aksesuarlar:<\/strong> 1 x yumurta tepsisi<\/p>\n<p>&nbsp;<\/p>\n<hr \/>\n<h2 class=\"a-heading\" aria-label=\"\u00d6ne \u00c7\u0131kanlar\">\u00d6ne \u00c7\u0131kanlar<\/h2>\n<div class=\"feature-stories\" data-t-name=\"FeatureStories\" data-t-id=\"108\">\n<div class=\"container\">\n<div class=\"m-containerexpandable\">\n<div class=\"a-morecontenttogglelink\" data-t-name=\"MoreContentToggleLink\" data-is-visible-tablet=\"true\" data-is-visible-mobile=\"true\" data-t-id=\"109\">\n<div class=\"content containerexpandable-togglelink is-open\">\n<div class=\"keybenefits-wrapper\">\n<ul>\n<li>VitaFresh Plus:\u00a0<span class=\"js-copi-text copi-text\">Optimum nem oran\u0131n\u0131n sa\u011flanmas\u0131yla meyve ve sebzeler iki kata kadar daha uzun s\u00fcre taze kal\u0131r.<\/span><\/li>\n<li>Enerji verimlili\u011fi A++:\u00a0<span class=\"js-copi-text copi-text\">\u00e7ok tasarruflu so\u011futma yapar.<\/span><\/li>\n<li><span class=\"js-copi-text copi-text\">TouchControl paneli \u00fczerinden s\u0131cakl\u0131k ayarlar\u0131 kolayca g\u00f6r\u00fclebilir ve de\u011fi\u015ftirilebilir.<\/span><\/li>\n<li>FlexShelf:\u00a0<span class=\"js-copi-text copi-text\">Katlan\u0131p a\u00e7\u0131labilen bu b\u00f6lme ihtiya\u00e7 duyuldu\u011funda buzdolab\u0131 i\u00e7erisinde daha fazla alan yarat\u0131r.<\/span><\/li>\n<li><span class=\"js-copi-text copi-text\">Y\u00fcksekli\u011fi kolayca ayarlanabilir EasyLift raf daha esnek bir kullan\u0131m alan\u0131 yarat\u0131r.<\/span><\/li>\n<\/ul>\n<\/div>\n<\/div>\n<\/div>\n<\/div>\n<\/div>\n<\/div>","protected":false},"excerpt":{"rendered":"<p>\u00dcr\u00fcn geni\u015fli\u011fi: 600 mm \u00dcr\u00fcn\u00fcn y\u00fcksekli\u011fi: 1.860 mm \u00dcr\u00fcn\u00fcn ana rengi: Paslanmaz \u00e7elik (parmak izi b\u0131rakmayan) Buzdolab\u0131 Net kapasitesi: YEN\u0130 (2010\/30 \/ EC) 346 Lt Enerji verimlilik s\u0131n\u0131f\u0131: A ++ Enerji Y\u0131ll\u0131k enerji t\u00fcketimi: YEN\u0130 (2010\/30 \/ EC) 112.00 kWh \/ y\u0131l S\u0131cakl\u0131k g\u00f6stergesi: buzdolab\u0131 dijital LED G\u00fcr\u00fclt\u00fc seviyesi: 39 db Kap\u0131 mente\u015fesi: De\u011fi\u015febilir Y\u00f6n [&hellip;]<\/p>","protected":false},"featured_media":8023,"comment_status":"open","ping_status":"closed","template":"","meta":{"om_disable_all_campaigns":false,"_monsterinsights_skip_tracking":false,"_monsterinsights_sitenote_active":false,"_monsterinsights_sitenote_note":"","_monsterinsights_sitenote_category":0,"_joinchat":[]},"product_brand":[],"product_cat":[183,185],"product_tag":[],"class_list":{"0":"post-8022","1":"product","2":"type-product","3":"status-publish","4":"has-post-thumbnail","6":"product_cat-buzdolabi","7":"product_cat-solo-buzdolabi","9":"first","10":"instock","11":"shipping-taxable","12":"product-type-simple","13":"add-to-wishlist-after_add_to_cart"},"aioseo_notices":[],"_links":{"self":[{"href":"https:\/\/cyprusbosch.com\/en\/wp-json\/wp\/v2\/product\/8022","targetHints":{"allow":["GET"]}}],"collection":[{"href":"https:\/\/cyprusbosch.com\/en\/wp-json\/wp\/v2\/product"}],"about":[{"href":"https:\/\/cyprusbosch.com\/en\/wp-json\/wp\/v2\/types\/product"}],"replies":[{"embeddable":true,"href":"https:\/\/cyprusbosch.com\/en\/wp-json\/wp\/v2\/comments?post=8022"}],"wp:featuredmedia":[{"embeddable":true,"href":"https:\/\/cyprusbosch.com\/en\/wp-json\/wp\/v2\/media\/8023"}],"wp:attachment":[{"href":"https:\/\/cyprusbosch.com\/en\/wp-json\/wp\/v2\/media?parent=8022"}],"wp:term":[{"taxonomy":"product_brand","embeddable":true,"href":"https:\/\/cyprusbosch.com\/en\/wp-json\/wp\/v2\/product_brand?post=8022"},{"taxonomy":"product_cat","embeddable":true,"href":"https:\/\/cyprusbosch.com\/en\/wp-json\/wp\/v2\/product_cat?post=8022"},{"taxonomy":"product_tag","embeddable":true,"href":"https:\/\/cyprusbosch.com\/en\/wp-json\/wp\/v2\/product_tag?post=8022"}],"curies":[{"name":"wp","href":"https:\/\/api.w.org\/{rel}","templated":true}]}}