{"id":8040,"date":"2025-01-25T19:00:34","date_gmt":"2025-01-25T19:00:34","guid":{"rendered":"https:\/\/cyprusbosch.com\/?post_type=product&#038;p=8040"},"modified":"2025-01-25T19:02:23","modified_gmt":"2025-01-25T19:02:23","slug":"serie-2-nofrost-kombi-inox-186x60-buzdolabi","status":"publish","type":"product","link":"https:\/\/cyprusbosch.com\/en\/product\/serie-2-nofrost-kombi-inox-186x60-buzdolabi\/","title":{"rendered":"Serie 2 | Nofrost Kombi \u0130nox 186\u00d760 Buzdolab\u0131"},"content":{"rendered":"<p>\u00dcr\u00fcn geni\u015fli\u011fi: 600 mm<br \/>\n\u00dcr\u00fcn\u00fcn y\u00fcksekli\u011fi: 1.860 mm<br \/>\n\u00dcr\u00fcn\u00fcn ana rengi Paslanmaz \u00e7elik g\u00f6r\u00fcn\u00fcm<br \/>\nBuzdolab\u0131 Net kapasitesi: YEN\u0130 (2010\/30 \/ EC) 215 Lt<br \/>\nDondurucu Net kapasitesi: YEN\u0130 (2010\/30 \/ EC) 87 Lt<br \/>\nEnerji verimlilik s\u0131n\u0131f\u0131: A ++ Enerji<br \/>\nY\u0131ll\u0131k enerji t\u00fcketimi: YEN\u0130 (2010\/30 \/ EC) 235,00 kWh \/ y\u0131l<br \/>\nS\u0131cakl\u0131k g\u00f6stergesi buzdolab\u0131 S\u0131cakl\u0131k g\u00f6stergesi yok<br \/>\nG\u00fcr\u00fclt\u00fc seviyesi: 42 db<br \/>\nKap\u0131 mente\u015fesi y\u00f6n\u00fc : de\u011fi\u015febilir.<\/p>","protected":false},"excerpt":{"rendered":"<p>\u00dcr\u00fcn geni\u015fli\u011fi: 600 mm \u00dcr\u00fcn\u00fcn y\u00fcksekli\u011fi: 1.860 mm \u00dcr\u00fcn\u00fcn ana rengi Paslanmaz \u00e7elik g\u00f6r\u00fcn\u00fcm Buzdolab\u0131 Net kapasitesi: YEN\u0130 (2010\/30 \/ EC) 215 Lt Dondurucu Net kapasitesi: YEN\u0130 (2010\/30 \/ EC) 87 Lt Enerji verimlilik s\u0131n\u0131f\u0131: A ++ Enerji Y\u0131ll\u0131k enerji t\u00fcketimi: YEN\u0130 (2010\/30 \/ EC) 235,00 kWh \/ y\u0131l S\u0131cakl\u0131k g\u00f6stergesi buzdolab\u0131 S\u0131cakl\u0131k g\u00f6stergesi yok [&hellip;]<\/p>","protected":false},"featured_media":8041,"comment_status":"open","ping_status":"closed","template":"","meta":{"om_disable_all_campaigns":false,"_monsterinsights_skip_tracking":false,"_monsterinsights_sitenote_active":false,"_monsterinsights_sitenote_note":"","_monsterinsights_sitenote_category":0,"_joinchat":[]},"product_brand":[],"product_cat":[183,185],"product_tag":[],"class_list":{"0":"post-8040","1":"product","2":"type-product","3":"status-publish","4":"has-post-thumbnail","6":"product_cat-buzdolabi","7":"product_cat-solo-buzdolabi","8":"ts_product_brand-bosch","10":"first","11":"instock","12":"shipping-taxable","13":"product-type-simple","14":"add-to-wishlist-after_add_to_cart"},"aioseo_notices":[],"_links":{"self":[{"href":"https:\/\/cyprusbosch.com\/en\/wp-json\/wp\/v2\/product\/8040","targetHints":{"allow":["GET"]}}],"collection":[{"href":"https:\/\/cyprusbosch.com\/en\/wp-json\/wp\/v2\/product"}],"about":[{"href":"https:\/\/cyprusbosch.com\/en\/wp-json\/wp\/v2\/types\/product"}],"replies":[{"embeddable":true,"href":"https:\/\/cyprusbosch.com\/en\/wp-json\/wp\/v2\/comments?post=8040"}],"wp:featuredmedia":[{"embeddable":true,"href":"https:\/\/cyprusbosch.com\/en\/wp-json\/wp\/v2\/media\/8041"}],"wp:attachment":[{"href":"https:\/\/cyprusbosch.com\/en\/wp-json\/wp\/v2\/media?parent=8040"}],"wp:term":[{"taxonomy":"product_brand","embeddable":true,"href":"https:\/\/cyprusbosch.com\/en\/wp-json\/wp\/v2\/product_brand?post=8040"},{"taxonomy":"product_cat","embeddable":true,"href":"https:\/\/cyprusbosch.com\/en\/wp-json\/wp\/v2\/product_cat?post=8040"},{"taxonomy":"product_tag","embeddable":true,"href":"https:\/\/cyprusbosch.com\/en\/wp-json\/wp\/v2\/product_tag?post=8040"}],"curies":[{"name":"wp","href":"https:\/\/api.w.org\/{rel}","templated":true}]}}