{"id":8052,"date":"2025-01-25T19:08:35","date_gmt":"2025-01-25T19:08:35","guid":{"rendered":"https:\/\/cyprusbosch.com\/?post_type=product&#038;p=8052"},"modified":"2025-01-25T19:08:35","modified_gmt":"2025-01-25T19:08:35","slug":"serie-6-alttan-donduruculu-ankastre-177-x-55-buzdolabi","status":"publish","type":"product","link":"https:\/\/cyprusbosch.com\/en\/product\/serie-6-alttan-donduruculu-ankastre-177-x-55-buzdolabi\/","title":{"rendered":"Serie | 6 Alttan Donduruculu Ankastre 177 x 55 Buzdolab\u0131"},"content":{"rendered":"<p>Genel Geni\u015flik: 558 mm<br \/>\nY\u00fckseklik: 1.770 mm<br \/>\nDerinlik: 545 mm<br \/>\nRenk: Beyaz<br \/>\nToplam net kapasite: 270 lt<br \/>\nDefrost<\/p>\n<hr \/>\n<ul>\n<li><span class=\"highlight copi-link\" data-layer-id=\"copi-layer-id-0\" data-eventtracking=\"{&quot;trackType&quot;:&quot;feature story popover opened&quot;, &quot;eventType&quot;:&quot;click&quot;}\">LED ayd\u0131nlatma:<\/span>\u00a0<span class=\"js-copi-text copi-text\">Buzdolab\u0131n\u0131zdaki yiyecekleri net bir \u015fekilde g\u00f6rmenizi sa\u011flayan m\u00fckemmel ayd\u0131nlatma.<\/span><\/li>\n<li>\u00a0<span class=\"highlight copi-link\" data-layer-id=\"copi-layer-id-1\" data-eventtracking=\"{&quot;trackType&quot;:&quot;feature story popover opened&quot;, &quot;eventType&quot;:&quot;click&quot;}\">VarioZone:<\/span>\u00a0<span class=\"js-copi-text copi-text\">\u0130htiyaca g\u00f6re d\u00fczenlenebilen raflar ve \u00e7ekmeceler sayesinde daha fazla esneklik.<\/span><\/li>\n<li>\u00a0<span class=\"highlight copi-link\" data-layer-id=\"copi-layer-id-2\" data-eventtracking=\"{&quot;trackType&quot;:&quot;feature story popover opened&quot;, &quot;eventType&quot;:&quot;click&quot;}\">BigBox:<\/span>\u00a0<span class=\"js-copi-text copi-text\">Dondurulmu\u015f b\u00fcy\u00fck g\u0131dalar\u0131n\u0131z i\u00e7in ekstra alan.<\/span><\/li>\n<li>\u00a0<span class=\"js-copi-text copi-text\">\u00c7ekilebilen cam raflar sayesinde buzdolab\u0131ndaki her \u015feye rahat\u00e7a ula\u015f\u0131labilir, yiyecekler kolayca al\u0131n\u0131p geri konulabilir.<\/span><\/li>\n<li>\u00a0<span class=\"highlight copi-link\" data-layer-id=\"copi-layer-id-4\" data-eventtracking=\"{&quot;trackType&quot;:&quot;feature story popover opened&quot;, &quot;eventType&quot;:&quot;click&quot;}\">Low Frost:<\/span>\u00a0<span class=\"js-copi-text copi-text\">Daha az buzland\u0131\u011f\u0131 i\u00e7in daha nadir \u00e7\u00f6zd\u00fcrme yaparak enerji tasarrufu ve kolayl\u0131k sa\u011flar.<\/span><\/li>\n<\/ul>","protected":false},"excerpt":{"rendered":"<p>Genel Geni\u015flik: 558 mm Y\u00fckseklik: 1.770 mm Derinlik: 545 mm Renk: Beyaz Toplam net kapasite: 270 lt Defrost LED ayd\u0131nlatma:\u00a0Buzdolab\u0131n\u0131zdaki yiyecekleri net bir \u015fekilde g\u00f6rmenizi sa\u011flayan m\u00fckemmel ayd\u0131nlatma. \u00a0VarioZone:\u00a0\u0130htiyaca g\u00f6re d\u00fczenlenebilen raflar ve \u00e7ekmeceler sayesinde daha fazla esneklik. \u00a0BigBox:\u00a0Dondurulmu\u015f b\u00fcy\u00fck g\u0131dalar\u0131n\u0131z i\u00e7in ekstra alan. \u00a0\u00c7ekilebilen cam raflar sayesinde buzdolab\u0131ndaki her \u015feye rahat\u00e7a ula\u015f\u0131labilir, yiyecekler kolayca [&hellip;]<\/p>","protected":false},"featured_media":8053,"comment_status":"open","ping_status":"closed","template":"","meta":{"om_disable_all_campaigns":false,"_monsterinsights_skip_tracking":false,"_monsterinsights_sitenote_active":false,"_monsterinsights_sitenote_note":"","_monsterinsights_sitenote_category":0,"_joinchat":[]},"product_brand":[],"product_cat":[184,183],"product_tag":[],"class_list":{"0":"post-8052","1":"product","2":"type-product","3":"status-publish","4":"has-post-thumbnail","6":"product_cat-ankastre-buzdolabi","7":"product_cat-buzdolabi","8":"ts_product_brand-bosch","10":"first","11":"instock","12":"shipping-taxable","13":"product-type-simple","14":"add-to-wishlist-after_add_to_cart"},"aioseo_notices":[],"_links":{"self":[{"href":"https:\/\/cyprusbosch.com\/en\/wp-json\/wp\/v2\/product\/8052","targetHints":{"allow":["GET"]}}],"collection":[{"href":"https:\/\/cyprusbosch.com\/en\/wp-json\/wp\/v2\/product"}],"about":[{"href":"https:\/\/cyprusbosch.com\/en\/wp-json\/wp\/v2\/types\/product"}],"replies":[{"embeddable":true,"href":"https:\/\/cyprusbosch.com\/en\/wp-json\/wp\/v2\/comments?post=8052"}],"wp:featuredmedia":[{"embeddable":true,"href":"https:\/\/cyprusbosch.com\/en\/wp-json\/wp\/v2\/media\/8053"}],"wp:attachment":[{"href":"https:\/\/cyprusbosch.com\/en\/wp-json\/wp\/v2\/media?parent=8052"}],"wp:term":[{"taxonomy":"product_brand","embeddable":true,"href":"https:\/\/cyprusbosch.com\/en\/wp-json\/wp\/v2\/product_brand?post=8052"},{"taxonomy":"product_cat","embeddable":true,"href":"https:\/\/cyprusbosch.com\/en\/wp-json\/wp\/v2\/product_cat?post=8052"},{"taxonomy":"product_tag","embeddable":true,"href":"https:\/\/cyprusbosch.com\/en\/wp-json\/wp\/v2\/product_tag?post=8052"}],"curies":[{"name":"wp","href":"https:\/\/api.w.org\/{rel}","templated":true}]}}