{"id":8063,"date":"2025-01-25T19:13:20","date_gmt":"2025-01-25T19:13:20","guid":{"rendered":"https:\/\/cyprusbosch.com\/?post_type=product&#038;p=8063"},"modified":"2025-08-06T18:24:23","modified_gmt":"2025-08-06T18:24:23","slug":"serie-6-tezgah-alti-ankastre-sogutucu-82-x-60","status":"publish","type":"product","link":"https:\/\/cyprusbosch.com\/en\/product\/serie-6-tezgah-alti-ankastre-sogutucu-82-x-60\/","title":{"rendered":"Serie 6 | Tezgah Alt\u0131 Ankastre So\u011futucu 82 x 60"},"content":{"rendered":"<p>Genel Geni\u015flik: 598 mm<br \/>\nY\u00fckseklik: 820 mm<br \/>\nDerinlik: 548 mm<br \/>\nRenk: Beyaz<br \/>\nToplam net kapasite: 137 lt<br \/>\nDefrost<\/p>","protected":false},"excerpt":{"rendered":"<p>Genel Geni\u015flik: 598 mm Y\u00fckseklik: 820 mm Derinlik: 548 mm Renk: Beyaz Toplam net kapasite: 137 lt Defrost<\/p>","protected":false},"featured_media":10037,"comment_status":"open","ping_status":"closed","template":"","meta":{"om_disable_all_campaigns":false,"_monsterinsights_skip_tracking":false,"_monsterinsights_sitenote_active":false,"_monsterinsights_sitenote_note":"","_monsterinsights_sitenote_category":0,"_joinchat":[]},"product_brand":[],"product_cat":[184,183],"product_tag":[],"class_list":{"0":"post-8063","1":"product","2":"type-product","3":"status-publish","4":"has-post-thumbnail","6":"product_cat-ankastre-buzdolabi","7":"product_cat-buzdolabi","8":"ts_product_brand-bosch","10":"first","11":"instock","12":"shipping-taxable","13":"product-type-simple","14":"add-to-wishlist-after_add_to_cart"},"aioseo_notices":[],"_links":{"self":[{"href":"https:\/\/cyprusbosch.com\/en\/wp-json\/wp\/v2\/product\/8063","targetHints":{"allow":["GET"]}}],"collection":[{"href":"https:\/\/cyprusbosch.com\/en\/wp-json\/wp\/v2\/product"}],"about":[{"href":"https:\/\/cyprusbosch.com\/en\/wp-json\/wp\/v2\/types\/product"}],"replies":[{"embeddable":true,"href":"https:\/\/cyprusbosch.com\/en\/wp-json\/wp\/v2\/comments?post=8063"}],"wp:featuredmedia":[{"embeddable":true,"href":"https:\/\/cyprusbosch.com\/en\/wp-json\/wp\/v2\/media\/10037"}],"wp:attachment":[{"href":"https:\/\/cyprusbosch.com\/en\/wp-json\/wp\/v2\/media?parent=8063"}],"wp:term":[{"taxonomy":"product_brand","embeddable":true,"href":"https:\/\/cyprusbosch.com\/en\/wp-json\/wp\/v2\/product_brand?post=8063"},{"taxonomy":"product_cat","embeddable":true,"href":"https:\/\/cyprusbosch.com\/en\/wp-json\/wp\/v2\/product_cat?post=8063"},{"taxonomy":"product_tag","embeddable":true,"href":"https:\/\/cyprusbosch.com\/en\/wp-json\/wp\/v2\/product_tag?post=8063"}],"curies":[{"name":"wp","href":"https:\/\/api.w.org\/{rel}","templated":true}]}}