{"id":8068,"date":"2025-01-25T19:24:23","date_gmt":"2025-01-25T19:24:23","guid":{"rendered":"https:\/\/cyprusbosch.com\/?post_type=product&#038;p=8068"},"modified":"2025-01-26T10:20:59","modified_gmt":"2025-01-26T10:20:59","slug":"seri-4-isi-pompali-kurutucu-9-kg","status":"publish","type":"product","link":"https:\/\/cyprusbosch.com\/en\/product\/seri-4-isi-pompali-kurutucu-9-kg\/","title":{"rendered":"Seri 4 | Is\u0131 Pompal\u0131 Kurutucu 9 kg"},"content":{"rendered":"<p>Boyutlar: 842 x 598 x 613 mm<br \/>\n\u0131s\u0131 pompas\u0131: Evet<br \/>\nY\u00fckleme kapasitesi: 9,0 kg<br \/>\n\u00dcr\u00fcn ana rengi: Beyaz<br \/>\nDavul yap\u0131s\u0131: Evet<br \/>\nKap\u0131 mente\u015fesi: Sa\u011f<br \/>\nKontrol tipi ayar ve sinyal cihazlar\u0131: LCD, buton<br \/>\nEk \u00e7al\u0131\u015ft\u0131rma se\u00e7enekleri: Pamuklu Eco, Pamuklular, Hassas, t\u00fcyl\u00fc giysiler, Yorgan, Kar\u0131\u015f\u0131m, h\u0131zl\u0131 40, g\u00f6mlekler\/bluzlar, Spor giyim, Sentetik, Zaman program\u0131 so\u011fuk, Zaman program\u0131 s\u0131cak, havlular, Y\u00fcnl\u00fc bitirme<br \/>\nG\u00fcr\u00fclt\u00fc seviyesi (dB): 64 dB(A) re 1 pW<br \/>\nEnerji verimlili\u011fi derecesi: A++<br \/>\nBa\u011flant\u0131 derecesi: 625 W<br \/>\nEgzoz su borusu: Evet<br \/>\nSu tahliye seti aksesuar\u0131: Evet<br \/>\nKap\u0131 a\u00e7\u0131kken derinlik 90 derece: 1.096 mm<br \/>\nVaril hacmi: 112 lt<br \/>\n\u00c7\u0131kar\u0131labilir \u00fcst k\u0131s\u0131m: Hay\u0131r<br \/>\nHavaland\u0131rma hortumu: Hay\u0131r<br \/>\nMaksimum ayarlanabilirlik aya\u011f\u0131: 15 mm<br \/>\nNet a\u011f\u0131rl\u0131k: 49,3 kg<br \/>\nElektrik kablosu uzunlu\u011fu: 145,0 cm<\/p>","protected":false},"excerpt":{"rendered":"<p>Boyutlar: 842 x 598 x 613 mm \u0131s\u0131 pompas\u0131: Evet Y\u00fckleme kapasitesi: 9,0 kg \u00dcr\u00fcn ana rengi: Beyaz Davul yap\u0131s\u0131: Evet Kap\u0131 mente\u015fesi: Sa\u011f Kontrol tipi ayar ve sinyal cihazlar\u0131: LCD, buton Ek \u00e7al\u0131\u015ft\u0131rma se\u00e7enekleri: Pamuklu Eco, Pamuklular, Hassas, t\u00fcyl\u00fc giysiler, Yorgan, Kar\u0131\u015f\u0131m, h\u0131zl\u0131 40, g\u00f6mlekler\/bluzlar, Spor giyim, Sentetik, Zaman program\u0131 so\u011fuk, Zaman program\u0131 s\u0131cak, [&hellip;]<\/p>","protected":false},"featured_media":8069,"comment_status":"open","ping_status":"closed","template":"","meta":{"om_disable_all_campaigns":false,"_monsterinsights_skip_tracking":false,"_monsterinsights_sitenote_active":false,"_monsterinsights_sitenote_note":"","_monsterinsights_sitenote_category":0,"_joinchat":[]},"product_brand":[],"product_cat":[214],"product_tag":[],"class_list":{"0":"post-8068","1":"product","2":"type-product","3":"status-publish","4":"has-post-thumbnail","6":"product_cat-kuturma-makineleri","7":"ts_product_brand-bosch","9":"first","10":"instock","11":"shipping-taxable","12":"product-type-simple","13":"add-to-wishlist-after_add_to_cart"},"aioseo_notices":[],"_links":{"self":[{"href":"https:\/\/cyprusbosch.com\/en\/wp-json\/wp\/v2\/product\/8068","targetHints":{"allow":["GET"]}}],"collection":[{"href":"https:\/\/cyprusbosch.com\/en\/wp-json\/wp\/v2\/product"}],"about":[{"href":"https:\/\/cyprusbosch.com\/en\/wp-json\/wp\/v2\/types\/product"}],"replies":[{"embeddable":true,"href":"https:\/\/cyprusbosch.com\/en\/wp-json\/wp\/v2\/comments?post=8068"}],"wp:featuredmedia":[{"embeddable":true,"href":"https:\/\/cyprusbosch.com\/en\/wp-json\/wp\/v2\/media\/8069"}],"wp:attachment":[{"href":"https:\/\/cyprusbosch.com\/en\/wp-json\/wp\/v2\/media?parent=8068"}],"wp:term":[{"taxonomy":"product_brand","embeddable":true,"href":"https:\/\/cyprusbosch.com\/en\/wp-json\/wp\/v2\/product_brand?post=8068"},{"taxonomy":"product_cat","embeddable":true,"href":"https:\/\/cyprusbosch.com\/en\/wp-json\/wp\/v2\/product_cat?post=8068"},{"taxonomy":"product_tag","embeddable":true,"href":"https:\/\/cyprusbosch.com\/en\/wp-json\/wp\/v2\/product_tag?post=8068"}],"curies":[{"name":"wp","href":"https:\/\/api.w.org\/{rel}","templated":true}]}}