{"id":8084,"date":"2025-01-26T11:03:29","date_gmt":"2025-01-26T11:03:29","guid":{"rendered":"https:\/\/cyprusbosch.com\/?post_type=product&#038;p=8084"},"modified":"2025-01-26T11:04:36","modified_gmt":"2025-01-26T11:04:36","slug":"serie-4-isi-pompali-kurutma-makinesi-9-kg-gumus","status":"publish","type":"product","link":"https:\/\/cyprusbosch.com\/en\/product\/serie-4-isi-pompali-kurutma-makinesi-9-kg-gumus\/","title":{"rendered":"Serie 4 | Is\u0131 Pompal\u0131 Kurutma Makinesi 9 kg G\u00fcm\u00fc\u015f"},"content":{"rendered":"<div class=\"technical-info-sub-heading-wrap js-technical-info-sub-heading-wrap\">\n<h2 class=\"a-heading technical-info-sub-heading\">Genel \u00d6zellikler<\/h2>\n<\/div>\n<div class=\"technical-info-item-wrap js-technical-info-item-wrap\">\n<div class=\"technical-info-item js-technical-info-item\">\n<p class=\"technical-info-item-heading js-search-text\">Kurutma tipi: Yo\u011funla\u015ft\u0131rmal\u0131<\/p>\n<\/div>\n<div class=\"technical-info-item js-technical-info-item\">\n<p class=\"technical-info-item-heading js-search-text\">Is\u0131 pompas\u0131: evet<\/p>\n<\/div>\n<div class=\"technical-info-item js-technical-info-item\">\n<p class=\"technical-info-item-heading js-search-text\">Kapasite: 9,0 kg<\/p>\n<\/div>\n<div class=\"technical-info-item js-technical-info-item\">\n<p class=\"technical-info-item-heading js-search-text\">Renk: G\u00fcm\u00fc\u015f<\/p>\n<\/div>\n<div class=\"technical-info-item js-technical-info-item\">\n<p class=\"technical-info-item-heading js-search-text\">Tambur yap\u0131s\u0131: Evet<\/p>\n<\/div>\n<div class=\"technical-info-item js-technical-info-item\">\n<p class=\"technical-info-item-heading js-search-text\">Kap\u0131 y\u00f6n\u00fc: Sa\u011f<\/p>\n<\/div>\n<div class=\"technical-info-item js-technical-info-item\">\n<p class=\"technical-info-item-heading js-search-text\">Kullanma \u015fekli: LCD, Tu\u015flar<\/p>\n<\/div>\n<div class=\"technical-info-item js-technical-info-item\">\n<p class=\"technical-info-item-heading js-search-text\">Ek fonksiyonlar: G\u00f6mlekler\/Bluzler, Havlular, kar\u0131\u015f\u0131k, Ku\u015f t\u00fcy\u00fc, Narinler, Pamuklu, Pamuklu Eko, Sentetik, spor giysileri, S\u00fcper k\u0131sa 40&#8242;, Yorgan, y\u00fcnl\u00fclerde son uygulama, Zaman program\u0131 s\u0131cak, Zaman program\u0131 so\u011fuk<\/p>\n<\/div>\n<div class=\"technical-info-item js-technical-info-item\">\n<p class=\"technical-info-item-heading js-search-text\">Ses seviyesi: 64 dB(A) re 1pW<\/p>\n<\/div>\n<div class=\"technical-info-item js-technical-info-item\">\n<p class=\"technical-info-item-heading js-search-text\">Enerji s\u0131n\u0131f\u0131<sup class=\"js-footnote-reference-number\">2: <\/sup>A++<\/p>\n<\/div>\n<div class=\"technical-info-item js-technical-info-item\">\n<p class=\"technical-info-item-heading js-search-text\">Yo\u011fu\u015fma verimlilik s\u0131n\u0131f\u0131<sup class=\"js-footnote-reference-number\">3: <\/sup>B<\/p>\n<\/div>\n<div class=\"technical-info-item js-technical-info-item\">\n<p class=\"technical-info-item-heading js-search-text\">Su \u00e7\u0131k\u0131\u015f borusu: evet<\/p>\n<\/div>\n<div class=\"technical-info-item js-technical-info-item\">\n<p class=\"technical-info-item-heading js-search-text\">Su tahliye seti aksesuar\u0131: evet<\/p>\n<\/div>\n<\/div>\n<hr \/>\n<ul>\n<li><span class=\"highlight copi-link\" data-layer-id=\"copi-layer-id-0\" data-eventtracking=\"{&quot;trackType&quot;:&quot;feature story popover opened&quot;, &quot;eventType&quot;:&quot;click&quot;}\">AutoDry:<\/span>\u00a0<span class=\"js-copi-text copi-text\">Tam istedi\u011finiz derecede otomatik kurutma.<\/span><\/li>\n<li>\u00a0<span class=\"js-copi-text copi-text\">Titre\u015fim \u00f6nleyici yan duvarlar sayesinde son derece kararl\u0131 ve \u00f6zellikle sessiz.<\/span><\/li>\n<li>\u00a0<span class=\"highlight copi-link\" data-layer-id=\"copi-layer-id-2\" data-eventtracking=\"{&quot;trackType&quot;:&quot;feature story popover opened&quot;, &quot;eventType&quot;:&quot;click&quot;}\">Hassas Kurutma Sistemi:<\/span>\u00a0<span class=\"js-copi-text copi-text\">K\u0131r\u0131\u015f\u0131kl\u0131k olmadan hassas y\u0131kama.<\/span><\/li>\n<li>Yar\u0131m Y\u00fck Opsiyonu:\u00a0<span class=\"js-copi-text copi-text\">Az miktardaki \u00e7ama\u015f\u0131rlar i\u00e7in kurutma ayarlar\u0131n\u0131 optimize eder.<\/span><\/li>\n<li>\u00a0<span class=\"js-copi-text copi-text\">40 dakika i\u00e7erisinde m\u00fckemmel kurutma.<\/span><\/li>\n<\/ul>","protected":false},"excerpt":{"rendered":"<p>Genel \u00d6zellikler Kurutma tipi: Yo\u011funla\u015ft\u0131rmal\u0131 Is\u0131 pompas\u0131: evet Kapasite: 9,0 kg Renk: G\u00fcm\u00fc\u015f Tambur yap\u0131s\u0131: Evet Kap\u0131 y\u00f6n\u00fc: Sa\u011f Kullanma \u015fekli: LCD, Tu\u015flar Ek fonksiyonlar: G\u00f6mlekler\/Bluzler, Havlular, kar\u0131\u015f\u0131k, Ku\u015f t\u00fcy\u00fc, Narinler, Pamuklu, Pamuklu Eko, Sentetik, spor giysileri, S\u00fcper k\u0131sa 40&#8242;, Yorgan, y\u00fcnl\u00fclerde son uygulama, Zaman program\u0131 s\u0131cak, Zaman program\u0131 so\u011fuk Ses seviyesi: 64 dB(A) re [&hellip;]<\/p>","protected":false},"featured_media":8085,"comment_status":"open","ping_status":"closed","template":"","meta":{"om_disable_all_campaigns":false,"_monsterinsights_skip_tracking":false,"_monsterinsights_sitenote_active":false,"_monsterinsights_sitenote_note":"","_monsterinsights_sitenote_category":0,"_joinchat":[]},"product_brand":[],"product_cat":[214],"product_tag":[],"class_list":{"0":"post-8084","1":"product","2":"type-product","3":"status-publish","4":"has-post-thumbnail","6":"product_cat-kuturma-makineleri","7":"ts_product_brand-bosch","9":"first","10":"instock","11":"shipping-taxable","12":"product-type-simple","13":"add-to-wishlist-after_add_to_cart"},"aioseo_notices":[],"_links":{"self":[{"href":"https:\/\/cyprusbosch.com\/en\/wp-json\/wp\/v2\/product\/8084","targetHints":{"allow":["GET"]}}],"collection":[{"href":"https:\/\/cyprusbosch.com\/en\/wp-json\/wp\/v2\/product"}],"about":[{"href":"https:\/\/cyprusbosch.com\/en\/wp-json\/wp\/v2\/types\/product"}],"replies":[{"embeddable":true,"href":"https:\/\/cyprusbosch.com\/en\/wp-json\/wp\/v2\/comments?post=8084"}],"wp:featuredmedia":[{"embeddable":true,"href":"https:\/\/cyprusbosch.com\/en\/wp-json\/wp\/v2\/media\/8085"}],"wp:attachment":[{"href":"https:\/\/cyprusbosch.com\/en\/wp-json\/wp\/v2\/media?parent=8084"}],"wp:term":[{"taxonomy":"product_brand","embeddable":true,"href":"https:\/\/cyprusbosch.com\/en\/wp-json\/wp\/v2\/product_brand?post=8084"},{"taxonomy":"product_cat","embeddable":true,"href":"https:\/\/cyprusbosch.com\/en\/wp-json\/wp\/v2\/product_cat?post=8084"},{"taxonomy":"product_tag","embeddable":true,"href":"https:\/\/cyprusbosch.com\/en\/wp-json\/wp\/v2\/product_tag?post=8084"}],"curies":[{"name":"wp","href":"https:\/\/api.w.org\/{rel}","templated":true}]}}