{"id":8097,"date":"2025-01-26T11:14:48","date_gmt":"2025-01-26T11:14:48","guid":{"rendered":"https:\/\/cyprusbosch.com\/?post_type=product&#038;p=8097"},"modified":"2025-01-26T11:15:09","modified_gmt":"2025-01-26T11:15:09","slug":"serie-8-isi-pompali-kurutma-makinasi-9-kg-a","status":"publish","type":"product","link":"https:\/\/cyprusbosch.com\/en\/product\/serie-8-isi-pompali-kurutma-makinasi-9-kg-a\/","title":{"rendered":"Serie 8 | Is\u0131 Pompal\u0131 Kurutma Makinas\u0131 9 kg A++"},"content":{"rendered":"<p>Uzunluk: 842 mm<br \/>\nGeni\u015flik: 598 mm<br \/>\nDerinlik: 613 mm<br \/>\nRenk: Beyaz<br \/>\nKurutma tipi: Yo\u011funla\u015ft\u0131rmal\u0131<br \/>\nMontaj Tipi: Solo<br \/>\nKapasite: 9,0 kg<br \/>\nEnerji Verimlilik S\u0131n\u0131f\u0131: A++ Enerji<br \/>\nOtomatik Kurutma<br \/>\nBuhar \u00f6zelli\u011fi<br \/>\nHome Connect<br \/>\n\u0130\u00e7 ayd\u0131nlatma<\/p>\n<hr \/>\n<ul>\n<li><span class=\"highlight copi-link\" data-layer-id=\"copi-layer-id-0\" data-eventtracking=\"{&quot;trackType&quot;:&quot;feature story popover opened&quot;, &quot;eventType&quot;:&quot;click&quot;}\">Ak\u0131ll\u0131 Kurutma:<\/span>\u00a0<span class=\"js-copi-text copi-text\">Kurutma ve \u00e7ama\u015f\u0131r makineniz birbirine ba\u011flanarak do\u011fru kurutma program\u0131n\u0131 \u00f6nerir.<\/span><\/li>\n<li>\u00a0<span class=\"highlight copi-link\" data-layer-id=\"copi-layer-id-1\" data-eventtracking=\"{&quot;trackType&quot;:&quot;feature story popover opened&quot;, &quot;eventType&quot;:&quot;click&quot;}\">AutoDry:<\/span>\u00a0<span class=\"js-copi-text copi-text\">Tam istedi\u011finiz derecede otomatik kurutma.<\/span><\/li>\n<li>\u00a0<span class=\"highlight copi-link\" data-layer-id=\"copi-layer-id-2\" data-eventtracking=\"{&quot;trackType&quot;:&quot;feature story popover opened&quot;, &quot;eventType&quot;:&quot;click&quot;}\">Home Connect:<\/span>\u00a0<span class=\"js-copi-text copi-text\">Ya\u015fam kalitesini art\u0131ran ak\u0131ll\u0131 ba\u011flant\u0131ya sahip ev aletleri.<\/span><\/li>\n<li>\u00a0<span class=\"highlight copi-link\" data-layer-id=\"copi-layer-id-3\" data-eventtracking=\"{&quot;trackType&quot;:&quot;feature story popover opened&quot;, &quot;eventType&quot;:&quot;click&quot;}\">Hassas Kurutma Sistemi:<\/span>\u00a0<span class=\"js-copi-text copi-text\">K\u0131r\u0131\u015f\u0131kl\u0131k olmadan hassas y\u0131kama.<\/span><\/li>\n<li>\u00a0<span class=\"js-copi-text copi-text\">ComfortControl<\/span><\/li>\n<\/ul>","protected":false},"excerpt":{"rendered":"<p>Uzunluk: 842 mm Geni\u015flik: 598 mm Derinlik: 613 mm Renk: Beyaz Kurutma tipi: Yo\u011funla\u015ft\u0131rmal\u0131 Montaj Tipi: Solo Kapasite: 9,0 kg Enerji Verimlilik S\u0131n\u0131f\u0131: A++ Enerji Otomatik Kurutma Buhar \u00f6zelli\u011fi Home Connect \u0130\u00e7 ayd\u0131nlatma Ak\u0131ll\u0131 Kurutma:\u00a0Kurutma ve \u00e7ama\u015f\u0131r makineniz birbirine ba\u011flanarak do\u011fru kurutma program\u0131n\u0131 \u00f6nerir. \u00a0AutoDry:\u00a0Tam istedi\u011finiz derecede otomatik kurutma. \u00a0Home Connect:\u00a0Ya\u015fam kalitesini art\u0131ran ak\u0131ll\u0131 ba\u011flant\u0131ya [&hellip;]<\/p>","protected":false},"featured_media":8098,"comment_status":"open","ping_status":"closed","template":"","meta":{"om_disable_all_campaigns":false,"_monsterinsights_skip_tracking":false,"_monsterinsights_sitenote_active":false,"_monsterinsights_sitenote_note":"","_monsterinsights_sitenote_category":0,"_joinchat":[]},"product_brand":[],"product_cat":[214],"product_tag":[],"class_list":{"0":"post-8097","1":"product","2":"type-product","3":"status-publish","4":"has-post-thumbnail","6":"product_cat-kuturma-makineleri","7":"ts_product_brand-bosch","9":"first","10":"instock","11":"shipping-taxable","12":"product-type-simple","13":"add-to-wishlist-after_add_to_cart"},"aioseo_notices":[],"_links":{"self":[{"href":"https:\/\/cyprusbosch.com\/en\/wp-json\/wp\/v2\/product\/8097","targetHints":{"allow":["GET"]}}],"collection":[{"href":"https:\/\/cyprusbosch.com\/en\/wp-json\/wp\/v2\/product"}],"about":[{"href":"https:\/\/cyprusbosch.com\/en\/wp-json\/wp\/v2\/types\/product"}],"replies":[{"embeddable":true,"href":"https:\/\/cyprusbosch.com\/en\/wp-json\/wp\/v2\/comments?post=8097"}],"wp:featuredmedia":[{"embeddable":true,"href":"https:\/\/cyprusbosch.com\/en\/wp-json\/wp\/v2\/media\/8098"}],"wp:attachment":[{"href":"https:\/\/cyprusbosch.com\/en\/wp-json\/wp\/v2\/media?parent=8097"}],"wp:term":[{"taxonomy":"product_brand","embeddable":true,"href":"https:\/\/cyprusbosch.com\/en\/wp-json\/wp\/v2\/product_brand?post=8097"},{"taxonomy":"product_cat","embeddable":true,"href":"https:\/\/cyprusbosch.com\/en\/wp-json\/wp\/v2\/product_cat?post=8097"},{"taxonomy":"product_tag","embeddable":true,"href":"https:\/\/cyprusbosch.com\/en\/wp-json\/wp\/v2\/product_tag?post=8097"}],"curies":[{"name":"wp","href":"https:\/\/api.w.org\/{rel}","templated":true}]}}