{"id":8130,"date":"2025-01-26T11:44:47","date_gmt":"2025-01-26T11:44:47","guid":{"rendered":"https:\/\/cyprusbosch.com\/?post_type=product&#038;p=8130"},"modified":"2025-01-26T11:51:42","modified_gmt":"2025-01-26T11:51:42","slug":"serie-4-camasir-makinesi-9-kg-1200-dev-dak-gumus-2","status":"publish","type":"product","link":"https:\/\/cyprusbosch.com\/en\/product\/serie-4-camasir-makinesi-9-kg-1200-dev-dak-gumus-2\/","title":{"rendered":"Serie 2 | \u00c7ama\u015f\u0131r Makinesi 8 kg 1200 dev.\/dak."},"content":{"rendered":"<ul>\n<li>En iyi enerji verimlilik s\u0131n\u0131f\u0131:\u00a0<span class=\"js-copi-text copi-text\">A enerji s\u0131n\u0131f\u0131r ile maksimum enerji tasarrufu sa\u011flay\u0131n.<\/span><\/li>\n<li>\u00a0<span class=\"highlight copi-link\" data-layer-id=\"copi-layer-id-1\" data-eventtracking=\"{&quot;trackType&quot;:&quot;feature story popover opened&quot;, &quot;eventType&quot;:&quot;click&quot;}\">SpeedPerfect:<\/span>\u00a0<span class=\"js-copi-text copi-text\">%65&#8217;e kadar daha k\u0131sa s\u00fcrede kusursuz temizlik.*<\/span><\/li>\n<li>Hygiene Plus:\u00a0<span class=\"js-copi-text copi-text\">Hijyenik y\u0131kama ile tertemiz \u00e7ama\u015f\u0131rlar.<\/span><\/li>\n<li>\u00a0<span class=\"highlight copi-link\" data-layer-id=\"copi-layer-id-3\" data-eventtracking=\"{&quot;trackType&quot;:&quot;feature story popover opened&quot;, &quot;eventType&quot;:&quot;click&quot;}\">EcoSilence Drive:<\/span>\u00a0<span class=\"js-copi-text copi-text\">10 y\u0131l garantili, sessiz ve enerji tasarruflu kullan\u0131m.<\/span><\/li>\n<li>\u00a0<span class=\"highlight copi-link\" data-layer-id=\"copi-layer-id-4\" data-eventtracking=\"{&quot;trackType&quot;:&quot;feature story popover opened&quot;, &quot;eventType&quot;:&quot;click&quot;}\">VarioDrum:<\/span>\u00a0<span class=\"js-copi-text copi-text\">K\u0131r\u0131\u015ft\u0131rmadan nazik ve etkin y\u0131kama.<\/span><\/li>\n<\/ul>","protected":false},"excerpt":{"rendered":"<p>En iyi enerji verimlilik s\u0131n\u0131f\u0131:\u00a0A enerji s\u0131n\u0131f\u0131r ile maksimum enerji tasarrufu sa\u011flay\u0131n. \u00a0SpeedPerfect:\u00a0%65&#8217;e kadar daha k\u0131sa s\u00fcrede kusursuz temizlik.* Hygiene Plus:\u00a0Hijyenik y\u0131kama ile tertemiz \u00e7ama\u015f\u0131rlar. \u00a0EcoSilence Drive:\u00a010 y\u0131l garantili, sessiz ve enerji tasarruflu kullan\u0131m. \u00a0VarioDrum:\u00a0K\u0131r\u0131\u015ft\u0131rmadan nazik ve etkin y\u0131kama.<\/p>","protected":false},"featured_media":8132,"comment_status":"open","ping_status":"closed","template":"","meta":{"om_disable_all_campaigns":false,"_monsterinsights_skip_tracking":false,"_monsterinsights_sitenote_active":false,"_monsterinsights_sitenote_note":"","_monsterinsights_sitenote_category":0,"_joinchat":[]},"product_brand":[],"product_cat":[186,189],"product_tag":[],"class_list":{"0":"post-8130","1":"product","2":"type-product","3":"status-publish","4":"has-post-thumbnail","6":"product_cat-camasir-makineleri","7":"product_cat-solo-camasir-makineleri","8":"ts_product_brand-bosch","10":"first","11":"instock","12":"shipping-taxable","13":"product-type-simple","14":"add-to-wishlist-after_add_to_cart"},"aioseo_notices":[],"_links":{"self":[{"href":"https:\/\/cyprusbosch.com\/en\/wp-json\/wp\/v2\/product\/8130","targetHints":{"allow":["GET"]}}],"collection":[{"href":"https:\/\/cyprusbosch.com\/en\/wp-json\/wp\/v2\/product"}],"about":[{"href":"https:\/\/cyprusbosch.com\/en\/wp-json\/wp\/v2\/types\/product"}],"replies":[{"embeddable":true,"href":"https:\/\/cyprusbosch.com\/en\/wp-json\/wp\/v2\/comments?post=8130"}],"wp:featuredmedia":[{"embeddable":true,"href":"https:\/\/cyprusbosch.com\/en\/wp-json\/wp\/v2\/media\/8132"}],"wp:attachment":[{"href":"https:\/\/cyprusbosch.com\/en\/wp-json\/wp\/v2\/media?parent=8130"}],"wp:term":[{"taxonomy":"product_brand","embeddable":true,"href":"https:\/\/cyprusbosch.com\/en\/wp-json\/wp\/v2\/product_brand?post=8130"},{"taxonomy":"product_cat","embeddable":true,"href":"https:\/\/cyprusbosch.com\/en\/wp-json\/wp\/v2\/product_cat?post=8130"},{"taxonomy":"product_tag","embeddable":true,"href":"https:\/\/cyprusbosch.com\/en\/wp-json\/wp\/v2\/product_tag?post=8130"}],"curies":[{"name":"wp","href":"https:\/\/api.w.org\/{rel}","templated":true}]}}