{"id":8150,"date":"2025-01-26T12:04:49","date_gmt":"2025-01-26T12:04:49","guid":{"rendered":"https:\/\/cyprusbosch.com\/?post_type=product&#038;p=8150"},"modified":"2025-01-26T12:04:49","modified_gmt":"2025-01-26T12:04:49","slug":"serie-6-ankastre-kurutmali-camasir-makinesi-7-4-kg-1400-dev-dak","status":"publish","type":"product","link":"https:\/\/cyprusbosch.com\/en\/product\/serie-6-ankastre-kurutmali-camasir-makinesi-7-4-kg-1400-dev-dak\/","title":{"rendered":"Serie 6 | Ankastre Kurutmal\u0131 \u00c7ama\u015f\u0131r Makinesi 7\/4 kg 1400 dev.\/dak."},"content":{"rendered":"<p>Geni\u015flik: 595 mm<br \/>\nY\u00fckseklik: 820 mm<br \/>\nDerinlik: 584<br \/>\nRenk: Beyaz<br \/>\nMontaj tipi: Ankastre<br \/>\nYikama Kapasitesi: 7,0 kg<br \/>\nKurutma Kapasitesi: 4,0 kg<br \/>\nMaksimum s\u0131kma devri: 1.400 rpm<\/p>","protected":false},"excerpt":{"rendered":"<p>Geni\u015flik: 595 mm Y\u00fckseklik: 820 mm Derinlik: 584 Renk: Beyaz Montaj tipi: Ankastre Yikama Kapasitesi: 7,0 kg Kurutma Kapasitesi: 4,0 kg Maksimum s\u0131kma devri: 1.400 rpm<\/p>","protected":false},"featured_media":8151,"comment_status":"open","ping_status":"closed","template":"","meta":{"om_disable_all_campaigns":false,"_monsterinsights_skip_tracking":false,"_monsterinsights_sitenote_active":false,"_monsterinsights_sitenote_note":"","_monsterinsights_sitenote_category":0,"_joinchat":[]},"product_brand":[],"product_cat":[187,186],"product_tag":[],"class_list":{"0":"post-8150","1":"product","2":"type-product","3":"status-publish","4":"has-post-thumbnail","6":"product_cat-ankastre-camasir-makineleri","7":"product_cat-camasir-makineleri","8":"ts_product_brand-bosch","10":"first","11":"instock","12":"shipping-taxable","13":"product-type-simple","14":"add-to-wishlist-after_add_to_cart"},"aioseo_notices":[],"_links":{"self":[{"href":"https:\/\/cyprusbosch.com\/en\/wp-json\/wp\/v2\/product\/8150","targetHints":{"allow":["GET"]}}],"collection":[{"href":"https:\/\/cyprusbosch.com\/en\/wp-json\/wp\/v2\/product"}],"about":[{"href":"https:\/\/cyprusbosch.com\/en\/wp-json\/wp\/v2\/types\/product"}],"replies":[{"embeddable":true,"href":"https:\/\/cyprusbosch.com\/en\/wp-json\/wp\/v2\/comments?post=8150"}],"wp:featuredmedia":[{"embeddable":true,"href":"https:\/\/cyprusbosch.com\/en\/wp-json\/wp\/v2\/media\/8151"}],"wp:attachment":[{"href":"https:\/\/cyprusbosch.com\/en\/wp-json\/wp\/v2\/media?parent=8150"}],"wp:term":[{"taxonomy":"product_brand","embeddable":true,"href":"https:\/\/cyprusbosch.com\/en\/wp-json\/wp\/v2\/product_brand?post=8150"},{"taxonomy":"product_cat","embeddable":true,"href":"https:\/\/cyprusbosch.com\/en\/wp-json\/wp\/v2\/product_cat?post=8150"},{"taxonomy":"product_tag","embeddable":true,"href":"https:\/\/cyprusbosch.com\/en\/wp-json\/wp\/v2\/product_tag?post=8150"}],"curies":[{"name":"wp","href":"https:\/\/api.w.org\/{rel}","templated":true}]}}