{"id":8165,"date":"2025-01-26T12:20:35","date_gmt":"2025-01-26T12:20:35","guid":{"rendered":"https:\/\/cyprusbosch.com\/?post_type=product&#038;p=8165"},"modified":"2025-01-26T12:20:58","modified_gmt":"2025-01-26T12:20:58","slug":"serie-4-yari-ankastre-bulasik-makinesi-60-cm-paslanmaz-celik-a-3-cekmece","status":"publish","type":"product","link":"https:\/\/cyprusbosch.com\/en\/product\/serie-4-yari-ankastre-bulasik-makinesi-60-cm-paslanmaz-celik-a-3-cekmece\/","title":{"rendered":"Serie 4 | Yar\u0131 Ankastre Bula\u015f\u0131k Makinesi 60 cm Paslanmaz \u00e7elik A+ 3 \u00c7ekmece"},"content":{"rendered":"<p>Genel Geni\u015flik : 598 mm<br \/>\nY\u00fckseklik : 815 mm<br \/>\nMontaj Tipi : Ankastre dolab\u0131n i\u00e7ine monte<br \/>\nKapasite : 13 Ki\u015filik<br \/>\nSu T\u00fcketimi : 9,5 Lt<br \/>\nEnerji Verimlilik S\u0131n\u0131f\u0131 : A+ Enerji<br \/>\nProgram Listesi : Auto 45-65\u00b0C, Eko, Glass, H\u0131zl\u0131, Yo\u011fun<br \/>\nEk \u00c7al\u0131\u015ft\u0131rma Fonksiyonlar\u0131 : Ekstra Kurutma, HygienePlus, Machine Care, Yar\u0131m Y\u00fck, Kalan s\u00fcre g\u00f6stergesi<br \/>\nG\u00fcr\u00fclt\u00fc Seviyesi : 48 db<br \/>\n3\u00fcnc\u00fc \u00c7ekmece : 3rd Rack 1.1<\/p>","protected":false},"excerpt":{"rendered":"<p>Genel Geni\u015flik : 598 mm Y\u00fckseklik : 815 mm Montaj Tipi : Ankastre dolab\u0131n i\u00e7ine monte Kapasite : 13 Ki\u015filik Su T\u00fcketimi : 9,5 Lt Enerji Verimlilik S\u0131n\u0131f\u0131 : A+ Enerji Program Listesi : Auto 45-65\u00b0C, Eko, Glass, H\u0131zl\u0131, Yo\u011fun Ek \u00c7al\u0131\u015ft\u0131rma Fonksiyonlar\u0131 : Ekstra Kurutma, HygienePlus, Machine Care, Yar\u0131m Y\u00fck, Kalan s\u00fcre g\u00f6stergesi G\u00fcr\u00fclt\u00fc [&hellip;]<\/p>","protected":false},"featured_media":8166,"comment_status":"open","ping_status":"closed","template":"","meta":{"om_disable_all_campaigns":false,"_monsterinsights_skip_tracking":false,"_monsterinsights_sitenote_active":false,"_monsterinsights_sitenote_note":"","_monsterinsights_sitenote_category":0,"_joinchat":[]},"product_brand":[],"product_cat":[190,193],"product_tag":[],"class_list":{"0":"post-8165","1":"product","2":"type-product","3":"status-publish","4":"has-post-thumbnail","6":"product_cat-bulasik-makineleri","7":"product_cat-yari-ankastre-bulasik-makineleri","8":"ts_product_brand-bosch","10":"first","11":"instock","12":"shipping-taxable","13":"product-type-simple","14":"add-to-wishlist-after_add_to_cart"},"aioseo_notices":[],"_links":{"self":[{"href":"https:\/\/cyprusbosch.com\/en\/wp-json\/wp\/v2\/product\/8165","targetHints":{"allow":["GET"]}}],"collection":[{"href":"https:\/\/cyprusbosch.com\/en\/wp-json\/wp\/v2\/product"}],"about":[{"href":"https:\/\/cyprusbosch.com\/en\/wp-json\/wp\/v2\/types\/product"}],"replies":[{"embeddable":true,"href":"https:\/\/cyprusbosch.com\/en\/wp-json\/wp\/v2\/comments?post=8165"}],"wp:featuredmedia":[{"embeddable":true,"href":"https:\/\/cyprusbosch.com\/en\/wp-json\/wp\/v2\/media\/8166"}],"wp:attachment":[{"href":"https:\/\/cyprusbosch.com\/en\/wp-json\/wp\/v2\/media?parent=8165"}],"wp:term":[{"taxonomy":"product_brand","embeddable":true,"href":"https:\/\/cyprusbosch.com\/en\/wp-json\/wp\/v2\/product_brand?post=8165"},{"taxonomy":"product_cat","embeddable":true,"href":"https:\/\/cyprusbosch.com\/en\/wp-json\/wp\/v2\/product_cat?post=8165"},{"taxonomy":"product_tag","embeddable":true,"href":"https:\/\/cyprusbosch.com\/en\/wp-json\/wp\/v2\/product_tag?post=8165"}],"curies":[{"name":"wp","href":"https:\/\/api.w.org\/{rel}","templated":true}]}}