{"id":8171,"date":"2025-01-26T12:25:10","date_gmt":"2025-01-26T12:25:10","guid":{"rendered":"https:\/\/cyprusbosch.com\/?post_type=product&#038;p=8171"},"modified":"2025-08-06T18:34:39","modified_gmt":"2025-08-06T18:34:39","slug":"serie-2-beyaz-turbo-ankastre-firin-60-x-60-cm","status":"publish","type":"product","link":"https:\/\/cyprusbosch.com\/en\/product\/serie-2-beyaz-turbo-ankastre-firin-60-x-60-cm\/","title":{"rendered":"Serie 2 | Beyaz Turbo Ankastre F\u0131r\u0131n 60 x 60 cm"},"content":{"rendered":"<p>T\u00fcr: Elektrikli<br \/>\nSes d\u00fczeyi: 66<br \/>\nRenk: Beyaz<br \/>\nProgram say\u0131s\u0131: 5<br \/>\nK\u0131lavuz d\u00fczeylerinin say\u0131s\u0131: 5<br \/>\nPi\u015firme modlar\u0131: 3D S\u0131cak, Hava, Art\u0131 \u00dcst, Alt Izgara Is\u0131tma, Geni\u015f Is\u0131 alan\u0131<br \/>\nEk \u00f6zellikler: \u00c7ok d\u00fczeyli pi\u015firme, Uygulama tamamland\u0131\u011f\u0131nda f\u0131r\u0131n\u0131 kapatma, Defrost, Zamanlay\u0131c\u0131<\/p>","protected":false},"excerpt":{"rendered":"<p>T\u00fcr: Elektrikli Ses d\u00fczeyi: 66 Renk: Beyaz Program say\u0131s\u0131: 5 K\u0131lavuz d\u00fczeylerinin say\u0131s\u0131: 5 Pi\u015firme modlar\u0131: 3D S\u0131cak, Hava, Art\u0131 \u00dcst, Alt Izgara Is\u0131tma, Geni\u015f Is\u0131 alan\u0131 Ek \u00f6zellikler: \u00c7ok d\u00fczeyli pi\u015firme, Uygulama tamamland\u0131\u011f\u0131nda f\u0131r\u0131n\u0131 kapatma, Defrost, Zamanlay\u0131c\u0131<\/p>","protected":false},"featured_media":10044,"comment_status":"open","ping_status":"closed","template":"","meta":{"om_disable_all_campaigns":false,"_monsterinsights_skip_tracking":false,"_monsterinsights_sitenote_active":false,"_monsterinsights_sitenote_note":"","_monsterinsights_sitenote_category":0,"_joinchat":[]},"product_brand":[],"product_cat":[196,194],"product_tag":[],"class_list":{"0":"post-8171","1":"product","2":"type-product","3":"status-publish","4":"has-post-thumbnail","6":"product_cat-ankastre-firinlar","7":"product_cat-firinlar","9":"first","10":"instock","11":"shipping-taxable","12":"product-type-simple","13":"add-to-wishlist-after_add_to_cart"},"aioseo_notices":[],"_links":{"self":[{"href":"https:\/\/cyprusbosch.com\/en\/wp-json\/wp\/v2\/product\/8171","targetHints":{"allow":["GET"]}}],"collection":[{"href":"https:\/\/cyprusbosch.com\/en\/wp-json\/wp\/v2\/product"}],"about":[{"href":"https:\/\/cyprusbosch.com\/en\/wp-json\/wp\/v2\/types\/product"}],"replies":[{"embeddable":true,"href":"https:\/\/cyprusbosch.com\/en\/wp-json\/wp\/v2\/comments?post=8171"}],"wp:featuredmedia":[{"embeddable":true,"href":"https:\/\/cyprusbosch.com\/en\/wp-json\/wp\/v2\/media\/10044"}],"wp:attachment":[{"href":"https:\/\/cyprusbosch.com\/en\/wp-json\/wp\/v2\/media?parent=8171"}],"wp:term":[{"taxonomy":"product_brand","embeddable":true,"href":"https:\/\/cyprusbosch.com\/en\/wp-json\/wp\/v2\/product_brand?post=8171"},{"taxonomy":"product_cat","embeddable":true,"href":"https:\/\/cyprusbosch.com\/en\/wp-json\/wp\/v2\/product_cat?post=8171"},{"taxonomy":"product_tag","embeddable":true,"href":"https:\/\/cyprusbosch.com\/en\/wp-json\/wp\/v2\/product_tag?post=8171"}],"curies":[{"name":"wp","href":"https:\/\/api.w.org\/{rel}","templated":true}]}}