{"id":8193,"date":"2025-01-26T12:47:07","date_gmt":"2025-01-26T12:47:07","guid":{"rendered":"https:\/\/cyprusbosch.com\/?post_type=product&#038;p=8193"},"modified":"2025-08-06T18:47:02","modified_gmt":"2025-08-06T18:47:02","slug":"serie-2-ankastre-elektrikli-firin-inox","status":"publish","type":"product","link":"https:\/\/cyprusbosch.com\/en\/product\/serie-2-ankastre-elektrikli-firin-inox\/","title":{"rendered":"Serie | 2 Ankastre Elektrikli F\u0131r\u0131n \u0130nox"},"content":{"rendered":"<p>\u00c7ok i\u015flevli \u0131s\u0131tma sistemi (6 \u0131s\u0131tma t\u00fcr\u00fc: alt \u0131s\u0131tma, \u00fcst \/ alt \u0131s\u0131, konveksiyon \u0131zgaras\u0131, geni\u015f alanl\u0131 de\u011fi\u015fken \u0131zgara, s\u0131cak hava, buz \u00e7\u00f6zme) 50 \u00b0 C \u2013 275 \u00b0 C aral\u0131\u011f\u0131nda derece s\u0131cakl\u0131k ayar\u0131<br \/>\n\u0130\u00e7 hacim: 66 litre<br \/>\nTamamen cam i\u00e7 kap\u0131 y\u00fczeyi<br \/>\nDijital saat<br \/>\nH\u0131zl\u0131 \u0131s\u0131nma<br \/>\n\u0130\u00e7 ayd\u0131nlatma (halojen lambalar)<br \/>\nSo\u011futucu fan<br \/>\n\u00c7ocuk Kilidi \u00d6zelli\u011fi<br \/>\nAna kablo uzunlu\u011fu: 100 cm<br \/>\nAnma gerilimi: 221-240 V<br \/>\nBa\u011flant\u0131 G\u00fcc\u00fc: 3,3 kW<br \/>\nEnerji Verimlili\u011fi S\u0131n\u0131f\u0131 (AB No. 65\/2014): A<br \/>\nNormal \u00e7evrim g\u00fc\u00e7 t\u00fcketimi: 0.98 kWh<br \/>\nKonveksiyon modunda \u00e7evrim ba\u015f\u0131na enerji t\u00fcketimi: 0,79 kWh<br \/>\nKamera say\u0131s\u0131: 1<br \/>\nIs\u0131tma Eleman\u0131: Elektrikli Hazne hacmi: 66 litre<br \/>\n\u00dcr\u00fcn boyutlar\u0131 (YxGxD): 595 mm x 594 mm x 548 mm<br \/>\nNi\u015f boyutlar\u0131 (YxGxD): 575 mm \u2013 597 mm x 560 mm \u2013 568 mm x 550 mm<\/p>","protected":false},"excerpt":{"rendered":"<p>\u00c7ok i\u015flevli \u0131s\u0131tma sistemi (6 \u0131s\u0131tma t\u00fcr\u00fc: alt \u0131s\u0131tma, \u00fcst \/ alt \u0131s\u0131, konveksiyon \u0131zgaras\u0131, geni\u015f alanl\u0131 de\u011fi\u015fken \u0131zgara, s\u0131cak hava, buz \u00e7\u00f6zme) 50 \u00b0 C \u2013 275 \u00b0 C aral\u0131\u011f\u0131nda derece s\u0131cakl\u0131k ayar\u0131 \u0130\u00e7 hacim: 66 litre Tamamen cam i\u00e7 kap\u0131 y\u00fczeyi Dijital saat H\u0131zl\u0131 \u0131s\u0131nma \u0130\u00e7 ayd\u0131nlatma (halojen lambalar) So\u011futucu fan \u00c7ocuk Kilidi [&hellip;]<\/p>","protected":false},"featured_media":10047,"comment_status":"open","ping_status":"closed","template":"","meta":{"om_disable_all_campaigns":false,"_monsterinsights_skip_tracking":false,"_monsterinsights_sitenote_active":false,"_monsterinsights_sitenote_note":"","_monsterinsights_sitenote_category":0,"_joinchat":[]},"product_brand":[],"product_cat":[196,194],"product_tag":[],"class_list":{"0":"post-8193","1":"product","2":"type-product","3":"status-publish","4":"has-post-thumbnail","6":"product_cat-ankastre-firinlar","7":"product_cat-firinlar","8":"ts_product_brand-bosch","10":"first","11":"instock","12":"shipping-taxable","13":"product-type-simple","14":"add-to-wishlist-after_add_to_cart"},"aioseo_notices":[],"_links":{"self":[{"href":"https:\/\/cyprusbosch.com\/en\/wp-json\/wp\/v2\/product\/8193","targetHints":{"allow":["GET"]}}],"collection":[{"href":"https:\/\/cyprusbosch.com\/en\/wp-json\/wp\/v2\/product"}],"about":[{"href":"https:\/\/cyprusbosch.com\/en\/wp-json\/wp\/v2\/types\/product"}],"replies":[{"embeddable":true,"href":"https:\/\/cyprusbosch.com\/en\/wp-json\/wp\/v2\/comments?post=8193"}],"wp:featuredmedia":[{"embeddable":true,"href":"https:\/\/cyprusbosch.com\/en\/wp-json\/wp\/v2\/media\/10047"}],"wp:attachment":[{"href":"https:\/\/cyprusbosch.com\/en\/wp-json\/wp\/v2\/media?parent=8193"}],"wp:term":[{"taxonomy":"product_brand","embeddable":true,"href":"https:\/\/cyprusbosch.com\/en\/wp-json\/wp\/v2\/product_brand?post=8193"},{"taxonomy":"product_cat","embeddable":true,"href":"https:\/\/cyprusbosch.com\/en\/wp-json\/wp\/v2\/product_cat?post=8193"},{"taxonomy":"product_tag","embeddable":true,"href":"https:\/\/cyprusbosch.com\/en\/wp-json\/wp\/v2\/product_tag?post=8193"}],"curies":[{"name":"wp","href":"https:\/\/api.w.org\/{rel}","templated":true}]}}