{"id":8208,"date":"2025-01-26T13:08:06","date_gmt":"2025-01-26T13:08:06","guid":{"rendered":"https:\/\/cyprusbosch.com\/?post_type=product&#038;p=8208"},"modified":"2025-11-12T11:05:59","modified_gmt":"2025-11-12T11:05:59","slug":"sarji-supurge-unlimited-7-beyaz","status":"publish","type":"product","link":"https:\/\/cyprusbosch.com\/en\/product\/sarji-supurge-unlimited-7-beyaz\/","title":{"rendered":"\u015earj\u0131 S\u00fcp\u00fcrge Unlimited 7 Beyaz"},"content":{"rendered":"<p>\u00dcr\u00fcn \u00d6l\u00e7\u00fcleri: 1315 x 252 x 204 mm<br \/>\nNet a\u011f\u0131rl\u0131k: 2,9 kg<br \/>\n10 years motor guarantee: Evet<br \/>\n\u00c7al\u0131\u015fma S\u00fcresi: 40 min<br \/>\nAk\u00fc adedi: 1<br \/>\n\u015earj s\u00fcresi: 5 h<br \/>\nFiltreleme sistemi: Torbas\u0131z<br \/>\nSes seviyesi: 82 dB(A) re 1 pW<br \/>\nFiltreleme sistemi: Torbas\u0131z<br \/>\nToz haznesi i\u00e7eri\u011fi: 0,3 litre<br \/>\nEntegre aksesuarlar: 1 x Aral\u0131k ba\u015fl\u0131\u011f\u0131<br \/>\nHal\u0131 f\u0131r\u00e7as\u0131: elektrikli<\/p>","protected":false},"excerpt":{"rendered":"<p>\u00dcr\u00fcn \u00d6l\u00e7\u00fcleri: 1315 x 252 x 204 mm Net a\u011f\u0131rl\u0131k: 2,9 kg 10 years motor guarantee: Evet \u00c7al\u0131\u015fma S\u00fcresi: 40 min Ak\u00fc adedi: 1 \u015earj s\u00fcresi: 5 h Filtreleme sistemi: Torbas\u0131z Ses seviyesi: 82 dB(A) re 1 pW Filtreleme sistemi: Torbas\u0131z Toz haznesi i\u00e7eri\u011fi: 0,3 litre Entegre aksesuarlar: 1 x Aral\u0131k ba\u015fl\u0131\u011f\u0131 Hal\u0131 f\u0131r\u00e7as\u0131: elektrikli<\/p>","protected":false},"featured_media":8209,"comment_status":"open","ping_status":"closed","template":"","meta":{"om_disable_all_campaigns":false,"_monsterinsights_skip_tracking":false,"_monsterinsights_sitenote_active":false,"_monsterinsights_sitenote_note":"","_monsterinsights_sitenote_category":0,"_joinchat":[]},"product_brand":[],"product_cat":[199],"product_tag":[],"class_list":{"0":"post-8208","1":"product","2":"type-product","3":"status-publish","4":"has-post-thumbnail","6":"product_cat-elektrikli-supurgeler","7":"ts_product_brand-bosch","9":"first","10":"instock","11":"shipping-taxable","12":"product-type-simple","13":"add-to-wishlist-after_add_to_cart"},"aioseo_notices":[],"_links":{"self":[{"href":"https:\/\/cyprusbosch.com\/en\/wp-json\/wp\/v2\/product\/8208","targetHints":{"allow":["GET"]}}],"collection":[{"href":"https:\/\/cyprusbosch.com\/en\/wp-json\/wp\/v2\/product"}],"about":[{"href":"https:\/\/cyprusbosch.com\/en\/wp-json\/wp\/v2\/types\/product"}],"replies":[{"embeddable":true,"href":"https:\/\/cyprusbosch.com\/en\/wp-json\/wp\/v2\/comments?post=8208"}],"wp:featuredmedia":[{"embeddable":true,"href":"https:\/\/cyprusbosch.com\/en\/wp-json\/wp\/v2\/media\/8209"}],"wp:attachment":[{"href":"https:\/\/cyprusbosch.com\/en\/wp-json\/wp\/v2\/media?parent=8208"}],"wp:term":[{"taxonomy":"product_brand","embeddable":true,"href":"https:\/\/cyprusbosch.com\/en\/wp-json\/wp\/v2\/product_brand?post=8208"},{"taxonomy":"product_cat","embeddable":true,"href":"https:\/\/cyprusbosch.com\/en\/wp-json\/wp\/v2\/product_cat?post=8208"},{"taxonomy":"product_tag","embeddable":true,"href":"https:\/\/cyprusbosch.com\/en\/wp-json\/wp\/v2\/product_tag?post=8208"}],"curies":[{"name":"wp","href":"https:\/\/api.w.org\/{rel}","templated":true}]}}