{"id":8337,"date":"2025-02-22T17:12:21","date_gmt":"2025-02-22T17:12:21","guid":{"rendered":"https:\/\/cyprusbosch.com\/?post_type=product&#038;p=8337"},"modified":"2025-08-06T18:05:00","modified_gmt":"2025-08-06T18:05:00","slug":"serie-4-solo-derin-dondurucu-176-x-60-cm-beyaz-3","status":"publish","type":"product","link":"https:\/\/cyprusbosch.com\/en\/product\/serie-4-solo-derin-dondurucu-176-x-60-cm-beyaz-3\/","title":{"rendered":"Serie | 4 Solo Derin Dondurucu 176 x 60 cm Beyaz"},"content":{"rendered":"<div class=\"product-title\">\n<h1>KSV36VL30U-SO\u011eUTUCU \u00c7EL\u0130K A++ 186*60*65 &#8211; 346 LT BUZDOLABI<\/h1>\n<\/div>\n<div class=\"product-price-container\">\n<h2 class=\"css-n0qmze\">\u00d6zel \u00d6zellikler<\/h2>\n<div class=\"css-58qymq\" data-testid=\"benefits-list\">\n<div><span class=\"css-1qzpqn3\" data-testid=\"key-benefit-description-text\">VarioInverter, buzdolab\u0131n\u0131n i\u00e7indeki ve d\u0131\u015f\u0131ndaki s\u0131cakl\u0131k de\u011fi\u015fimlerine ve i\u00e7indeki y\u00fcke uyum sa\u011flayarak, voltaj dalgalanmalar\u0131nda optimum performans* sa\u011flar<br \/>\n<\/span><button class=\"bsh-link css-ybw152\" role=\"button\" data-testid=\"key-benefit-link\" aria-label=\"temel fayday\u0131 g\u00f6ster\"><span class=\"css-8bu5a3\">LED ayd\u0131nlatma:<\/span><\/button>\u00a0<span class=\"css-1qzpqn3\" data-testid=\"key-benefit-description-text\">Bakkaldan ald\u0131klar\u0131n\u0131z\u0131 g\u00f6z\u00fcn\u00fcz\u00fcn \u00f6n\u00fcnde tutun<\/span><button class=\"bsh-link css-ybw152\" role=\"button\" data-testid=\"key-benefit-link\" aria-label=\"temel fayday\u0131 g\u00f6ster\"><span class=\"css-8bu5a3\">Kolay Eri\u015fim Raf\u0131:<\/span><\/button>\u00a0<span class=\"css-1qzpqn3\" data-testid=\"key-benefit-description-text\">\u00c7ekmeceli cam raf, buzdolab\u0131n\u0131z\u0131n i\u00e7indekilere daha iyi ula\u015fman\u0131z\u0131 sa\u011flar<\/span><button class=\"bsh-link css-ybw152\" role=\"button\" data-testid=\"key-benefit-link\" aria-label=\"temel fayday\u0131 g\u00f6ster\"><span class=\"css-8bu5a3\">S\u00fcper So\u011futma fonksiyonu:<\/span><\/button>\u00a0<span class=\"css-1qzpqn3\" data-testid=\"key-benefit-description-text\">\u0130\u00e7ine konulan yeni g\u0131dan\u0131n daha \u00e7abuk so\u011fumas\u0131n\u0131 sa\u011flayarak, daha \u00f6nceden so\u011fumu\u015f olan g\u0131dan\u0131n korunmas\u0131n\u0131 sa\u011flar.<\/span><\/div>\n<div><button class=\"bsh-link css-ybw152\" role=\"button\" data-testid=\"key-benefit-link\" aria-label=\"temel fayday\u0131 g\u00f6ster\"><\/button>\u00a0<span class=\"css-1qzpqn3\" data-testid=\"key-benefit-description-text\">Ak\u0131ll\u0131 \u0130nverter Teknolojisi, istikrarl\u0131 s\u0131cakl\u0131k kontrol\u00fc ve verimli performans sa\u011flar.<\/span><\/div>\n<\/div>\n<\/div>","protected":false},"excerpt":{"rendered":"<p>KSV36VL30U-SO\u011eUTUCU \u00c7EL\u0130K A++ 186*60*65 &#8211; 346 LT BUZDOLABI \u00d6zel \u00d6zellikler VarioInverter, buzdolab\u0131n\u0131n i\u00e7indeki ve d\u0131\u015f\u0131ndaki s\u0131cakl\u0131k de\u011fi\u015fimlerine ve i\u00e7indeki y\u00fcke uyum sa\u011flayarak, voltaj dalgalanmalar\u0131nda optimum performans* sa\u011flar LED ayd\u0131nlatma:\u00a0Bakkaldan ald\u0131klar\u0131n\u0131z\u0131 g\u00f6z\u00fcn\u00fcz\u00fcn \u00f6n\u00fcnde tutunKolay Eri\u015fim Raf\u0131:\u00a0\u00c7ekmeceli cam raf, buzdolab\u0131n\u0131z\u0131n i\u00e7indekilere daha iyi ula\u015fman\u0131z\u0131 sa\u011flarS\u00fcper So\u011futma fonksiyonu:\u00a0\u0130\u00e7ine konulan yeni g\u0131dan\u0131n daha \u00e7abuk so\u011fumas\u0131n\u0131 sa\u011flayarak, daha \u00f6nceden so\u011fumu\u015f [&hellip;]<\/p>","protected":false},"featured_media":10026,"comment_status":"open","ping_status":"closed","template":"","meta":{"om_disable_all_campaigns":false,"_monsterinsights_skip_tracking":false,"_monsterinsights_sitenote_active":false,"_monsterinsights_sitenote_note":"","_monsterinsights_sitenote_category":0,"_joinchat":[]},"product_brand":[],"product_cat":[183],"product_tag":[],"class_list":{"0":"post-8337","1":"product","2":"type-product","3":"status-publish","4":"has-post-thumbnail","6":"product_cat-buzdolabi","7":"ts_product_brand-bosch","9":"first","10":"instock","11":"shipping-taxable","12":"product-type-simple","13":"add-to-wishlist-after_add_to_cart"},"aioseo_notices":[],"_links":{"self":[{"href":"https:\/\/cyprusbosch.com\/en\/wp-json\/wp\/v2\/product\/8337","targetHints":{"allow":["GET"]}}],"collection":[{"href":"https:\/\/cyprusbosch.com\/en\/wp-json\/wp\/v2\/product"}],"about":[{"href":"https:\/\/cyprusbosch.com\/en\/wp-json\/wp\/v2\/types\/product"}],"replies":[{"embeddable":true,"href":"https:\/\/cyprusbosch.com\/en\/wp-json\/wp\/v2\/comments?post=8337"}],"wp:featuredmedia":[{"embeddable":true,"href":"https:\/\/cyprusbosch.com\/en\/wp-json\/wp\/v2\/media\/10026"}],"wp:attachment":[{"href":"https:\/\/cyprusbosch.com\/en\/wp-json\/wp\/v2\/media?parent=8337"}],"wp:term":[{"taxonomy":"product_brand","embeddable":true,"href":"https:\/\/cyprusbosch.com\/en\/wp-json\/wp\/v2\/product_brand?post=8337"},{"taxonomy":"product_cat","embeddable":true,"href":"https:\/\/cyprusbosch.com\/en\/wp-json\/wp\/v2\/product_cat?post=8337"},{"taxonomy":"product_tag","embeddable":true,"href":"https:\/\/cyprusbosch.com\/en\/wp-json\/wp\/v2\/product_tag?post=8337"}],"curies":[{"name":"wp","href":"https:\/\/api.w.org\/{rel}","templated":true}]}}