{"id":8357,"date":"2025-02-22T17:21:04","date_gmt":"2025-02-22T17:21:04","guid":{"rendered":"https:\/\/cyprusbosch.com\/?post_type=product&#038;p=8357"},"modified":"2025-08-06T18:17:08","modified_gmt":"2025-08-06T18:17:08","slug":"serie-2-nofrost-kombi-beyaz-176x60-buzdolabi-3","status":"publish","type":"product","link":"https:\/\/cyprusbosch.com\/en\/product\/serie-2-nofrost-kombi-beyaz-176x60-buzdolabi-3\/","title":{"rendered":"Serie 2 | Nofrost Kombi Beyaz 176\u00d760 Buzdolab\u0131"},"content":{"rendered":"<p>Genel Geni\u015flik: 600 mm<br \/>\nY\u00fckseklik: 1.760 mm<br \/>\nRenk Beyaz Dondurucu net kapasitesi: 220 Lt<br \/>\nEnerji Verimlilik S\u0131n\u0131f\u0131: A++ Enerji<br \/>\nY\u0131ll\u0131k enerji t\u00fcketimi: 2010 204,00 kWh\/annum<br \/>\nSicaklik g\u00f6stergesi Dijital LED<br \/>\nG\u00fcr\u00fclt\u00fc seviyesi: 42 db<br \/>\nKap\u0131 mente\u015fesi Sa\u011f, De\u011fi\u015ftirilebilir<br \/>\nEntegre aksesuarlar 2 x So\u011futucu paketi<\/p>","protected":false},"excerpt":{"rendered":"<p>Genel Geni\u015flik: 600 mm Y\u00fckseklik: 1.760 mm Renk Beyaz Dondurucu net kapasitesi: 220 Lt Enerji Verimlilik S\u0131n\u0131f\u0131: A++ Enerji Y\u0131ll\u0131k enerji t\u00fcketimi: 2010 204,00 kWh\/annum Sicaklik g\u00f6stergesi Dijital LED G\u00fcr\u00fclt\u00fc seviyesi: 42 db Kap\u0131 mente\u015fesi Sa\u011f, De\u011fi\u015ftirilebilir Entegre aksesuarlar 2 x So\u011futucu paketi<\/p>","protected":false},"featured_media":10034,"comment_status":"open","ping_status":"closed","template":"","meta":{"om_disable_all_campaigns":false,"_monsterinsights_skip_tracking":false,"_monsterinsights_sitenote_active":false,"_monsterinsights_sitenote_note":"","_monsterinsights_sitenote_category":0,"_joinchat":[]},"product_brand":[],"product_cat":[183,185],"product_tag":[],"class_list":{"0":"post-8357","1":"product","2":"type-product","3":"status-publish","4":"has-post-thumbnail","6":"product_cat-buzdolabi","7":"product_cat-solo-buzdolabi","8":"ts_product_brand-bosch","10":"first","11":"instock","12":"shipping-taxable","13":"product-type-simple","14":"add-to-wishlist-after_add_to_cart"},"aioseo_notices":[],"_links":{"self":[{"href":"https:\/\/cyprusbosch.com\/en\/wp-json\/wp\/v2\/product\/8357","targetHints":{"allow":["GET"]}}],"collection":[{"href":"https:\/\/cyprusbosch.com\/en\/wp-json\/wp\/v2\/product"}],"about":[{"href":"https:\/\/cyprusbosch.com\/en\/wp-json\/wp\/v2\/types\/product"}],"replies":[{"embeddable":true,"href":"https:\/\/cyprusbosch.com\/en\/wp-json\/wp\/v2\/comments?post=8357"}],"wp:featuredmedia":[{"embeddable":true,"href":"https:\/\/cyprusbosch.com\/en\/wp-json\/wp\/v2\/media\/10034"}],"wp:attachment":[{"href":"https:\/\/cyprusbosch.com\/en\/wp-json\/wp\/v2\/media?parent=8357"}],"wp:term":[{"taxonomy":"product_brand","embeddable":true,"href":"https:\/\/cyprusbosch.com\/en\/wp-json\/wp\/v2\/product_brand?post=8357"},{"taxonomy":"product_cat","embeddable":true,"href":"https:\/\/cyprusbosch.com\/en\/wp-json\/wp\/v2\/product_cat?post=8357"},{"taxonomy":"product_tag","embeddable":true,"href":"https:\/\/cyprusbosch.com\/en\/wp-json\/wp\/v2\/product_tag?post=8357"}],"curies":[{"name":"wp","href":"https:\/\/api.w.org\/{rel}","templated":true}]}}