{"id":8373,"date":"2025-02-22T17:29:02","date_gmt":"2025-02-22T17:29:02","guid":{"rendered":"https:\/\/cyprusbosch.com\/?post_type=product&#038;p=8373"},"modified":"2025-08-06T18:18:44","modified_gmt":"2025-08-06T18:18:44","slug":"serie-4-581lt-186x75x84-inox-a-enerji-sinifi-nf-iyonizer-ozellikli","status":"publish","type":"product","link":"https:\/\/cyprusbosch.com\/en\/product\/serie-4-581lt-186x75x84-inox-a-enerji-sinifi-nf-iyonizer-ozellikli\/","title":{"rendered":"Serie 4 | 581lt 186x75x84 Inox A++  enerji s\u0131n\u0131f\u0131  NF  iyonizer \u00f6zellikli"},"content":{"rendered":"<p>581lt 186x75x84 Inox A++ enerji s\u0131n\u0131f\u0131 NF iyonizer \u00f6zellikli<\/p>","protected":false},"excerpt":{"rendered":"<p>581lt 186x75x84 Inox A++ enerji s\u0131n\u0131f\u0131 NF iyonizer \u00f6zellikli<\/p>","protected":false},"featured_media":10035,"comment_status":"open","ping_status":"closed","template":"","meta":{"om_disable_all_campaigns":false,"_monsterinsights_skip_tracking":false,"_monsterinsights_sitenote_active":false,"_monsterinsights_sitenote_note":"","_monsterinsights_sitenote_category":0,"_joinchat":[]},"product_brand":[],"product_cat":[183],"product_tag":[],"class_list":{"0":"post-8373","1":"product","2":"type-product","3":"status-publish","4":"has-post-thumbnail","6":"product_cat-buzdolabi","7":"ts_product_brand-bosch","9":"first","10":"instock","11":"shipping-taxable","12":"product-type-simple","13":"add-to-wishlist-after_add_to_cart"},"aioseo_notices":[],"_links":{"self":[{"href":"https:\/\/cyprusbosch.com\/en\/wp-json\/wp\/v2\/product\/8373","targetHints":{"allow":["GET"]}}],"collection":[{"href":"https:\/\/cyprusbosch.com\/en\/wp-json\/wp\/v2\/product"}],"about":[{"href":"https:\/\/cyprusbosch.com\/en\/wp-json\/wp\/v2\/types\/product"}],"replies":[{"embeddable":true,"href":"https:\/\/cyprusbosch.com\/en\/wp-json\/wp\/v2\/comments?post=8373"}],"wp:featuredmedia":[{"embeddable":true,"href":"https:\/\/cyprusbosch.com\/en\/wp-json\/wp\/v2\/media\/10035"}],"wp:attachment":[{"href":"https:\/\/cyprusbosch.com\/en\/wp-json\/wp\/v2\/media?parent=8373"}],"wp:term":[{"taxonomy":"product_brand","embeddable":true,"href":"https:\/\/cyprusbosch.com\/en\/wp-json\/wp\/v2\/product_brand?post=8373"},{"taxonomy":"product_cat","embeddable":true,"href":"https:\/\/cyprusbosch.com\/en\/wp-json\/wp\/v2\/product_cat?post=8373"},{"taxonomy":"product_tag","embeddable":true,"href":"https:\/\/cyprusbosch.com\/en\/wp-json\/wp\/v2\/product_tag?post=8373"}],"curies":[{"name":"wp","href":"https:\/\/api.w.org\/{rel}","templated":true}]}}