{"id":8379,"date":"2025-02-22T17:33:33","date_gmt":"2025-02-22T17:33:33","guid":{"rendered":"https:\/\/cyprusbosch.com\/?post_type=product&#038;p=8379"},"modified":"2025-08-06T18:15:59","modified_gmt":"2025-08-06T18:15:59","slug":"serie-6-nofrost-kombi-siyah-193x70-buzdolabi","status":"publish","type":"product","link":"https:\/\/cyprusbosch.com\/en\/product\/serie-6-nofrost-kombi-siyah-193x70-buzdolabi\/","title":{"rendered":"Serie | 6 Nofrost Kombi Siyah 193\u00d770 Buzdolab\u0131"},"content":{"rendered":"<p>Geni\u015flik: 700 mm<br \/>\nY\u00fckseklik: 1.930 mm<br \/>\nRenk siyah<br \/>\nSo\u011futucu net kapasitesi: 400 Lt<br \/>\nDondurucu net kapasitesi: 105 Lt<br \/>\nEnerji Verimlilik S\u0131n\u0131f\u0131: A++ Enerji<br \/>\nY\u0131ll\u0131k enerji t\u00fcketimi: 2010 325,00 kWh\/annum<br \/>\nSogutucu sicaklik g\u00f6stergesi Dijital LCD<br \/>\nG\u00fcr\u00fclt\u00fc seviyesi: 42 db<br \/>\nKap\u0131 mente\u015fesi Sa\u011f, De\u011fi\u015ftirilebilir<br \/>\nSiseler icin raf<br \/>\nEntegre aksesuarlar 3 x Yumurtal\u0131k<\/p>","protected":false},"excerpt":{"rendered":"<p>Geni\u015flik: 700 mm Y\u00fckseklik: 1.930 mm Renk siyah So\u011futucu net kapasitesi: 400 Lt Dondurucu net kapasitesi: 105 Lt Enerji Verimlilik S\u0131n\u0131f\u0131: A++ Enerji Y\u0131ll\u0131k enerji t\u00fcketimi: 2010 325,00 kWh\/annum Sogutucu sicaklik g\u00f6stergesi Dijital LCD G\u00fcr\u00fclt\u00fc seviyesi: 42 db Kap\u0131 mente\u015fesi Sa\u011f, De\u011fi\u015ftirilebilir Siseler icin raf Entegre aksesuarlar 3 x Yumurtal\u0131k<\/p>","protected":false},"featured_media":10033,"comment_status":"open","ping_status":"closed","template":"","meta":{"om_disable_all_campaigns":false,"_monsterinsights_skip_tracking":false,"_monsterinsights_sitenote_active":false,"_monsterinsights_sitenote_note":"","_monsterinsights_sitenote_category":0,"_joinchat":[]},"product_brand":[],"product_cat":[183,185],"product_tag":[],"class_list":{"0":"post-8379","1":"product","2":"type-product","3":"status-publish","4":"has-post-thumbnail","6":"product_cat-buzdolabi","7":"product_cat-solo-buzdolabi","8":"ts_product_brand-bosch","10":"first","11":"instock","12":"shipping-taxable","13":"product-type-simple","14":"add-to-wishlist-after_add_to_cart"},"aioseo_notices":[],"_links":{"self":[{"href":"https:\/\/cyprusbosch.com\/en\/wp-json\/wp\/v2\/product\/8379","targetHints":{"allow":["GET"]}}],"collection":[{"href":"https:\/\/cyprusbosch.com\/en\/wp-json\/wp\/v2\/product"}],"about":[{"href":"https:\/\/cyprusbosch.com\/en\/wp-json\/wp\/v2\/types\/product"}],"replies":[{"embeddable":true,"href":"https:\/\/cyprusbosch.com\/en\/wp-json\/wp\/v2\/comments?post=8379"}],"wp:featuredmedia":[{"embeddable":true,"href":"https:\/\/cyprusbosch.com\/en\/wp-json\/wp\/v2\/media\/10033"}],"wp:attachment":[{"href":"https:\/\/cyprusbosch.com\/en\/wp-json\/wp\/v2\/media?parent=8379"}],"wp:term":[{"taxonomy":"product_brand","embeddable":true,"href":"https:\/\/cyprusbosch.com\/en\/wp-json\/wp\/v2\/product_brand?post=8379"},{"taxonomy":"product_cat","embeddable":true,"href":"https:\/\/cyprusbosch.com\/en\/wp-json\/wp\/v2\/product_cat?post=8379"},{"taxonomy":"product_tag","embeddable":true,"href":"https:\/\/cyprusbosch.com\/en\/wp-json\/wp\/v2\/product_tag?post=8379"}],"curies":[{"name":"wp","href":"https:\/\/api.w.org\/{rel}","templated":true}]}}