{"id":8386,"date":"2025-02-22T17:36:39","date_gmt":"2025-02-22T17:36:39","guid":{"rendered":"https:\/\/cyprusbosch.com\/?post_type=product&#038;p=8386"},"modified":"2025-08-06T19:03:55","modified_gmt":"2025-08-06T19:03:55","slug":"serie-6-nofrost-kombi-cam-siyah-193x70-buzdolabi","status":"publish","type":"product","link":"https:\/\/cyprusbosch.com\/en\/product\/serie-6-nofrost-kombi-cam-siyah-193x70-buzdolabi\/","title":{"rendered":"Serie | 6 Nofrost Kombi Cam Siyah 193\u00d770 Buzdolab\u0131"},"content":{"rendered":"<p>Geni\u015flik: 700 mm<br \/>\nY\u00fckseklik: 1.930 mm<br \/>\nRenk siyah Cam Kap\u0131lar<br \/>\nSo\u011futucu net kapasitesi: 400 Lt<br \/>\nDondurucu net kapasitesi: 105 Lt<br \/>\nEnerji Verimlilik S\u0131n\u0131f\u0131: A++ Enerji<br \/>\nY\u0131ll\u0131k enerji t\u00fcketimi: 2010 325,00 kWh\/annum<br \/>\nSogutucu sicaklik g\u00f6stergesi Dijital LCD<br \/>\nG\u00fcr\u00fclt\u00fc seviyesi: 42 db<br \/>\nKap\u0131 mente\u015fesi Sa\u011f, De\u011fi\u015ftirilebilir<br \/>\nSiseler icin raf<br \/>\nEntegre aksesuarlar 3 x Yumurtal\u0131k<\/p>","protected":false},"excerpt":{"rendered":"<p>Geni\u015flik: 700 mm Y\u00fckseklik: 1.930 mm Renk siyah Cam Kap\u0131lar So\u011futucu net kapasitesi: 400 Lt Dondurucu net kapasitesi: 105 Lt Enerji Verimlilik S\u0131n\u0131f\u0131: A++ Enerji Y\u0131ll\u0131k enerji t\u00fcketimi: 2010 325,00 kWh\/annum Sogutucu sicaklik g\u00f6stergesi Dijital LCD G\u00fcr\u00fclt\u00fc seviyesi: 42 db Kap\u0131 mente\u015fesi Sa\u011f, De\u011fi\u015ftirilebilir Siseler icin raf Entegre aksesuarlar 3 x Yumurtal\u0131k<\/p>","protected":false},"featured_media":10059,"comment_status":"open","ping_status":"closed","template":"","meta":{"om_disable_all_campaigns":false,"_monsterinsights_skip_tracking":false,"_monsterinsights_sitenote_active":false,"_monsterinsights_sitenote_note":"","_monsterinsights_sitenote_category":0,"_joinchat":[]},"product_brand":[],"product_cat":[183],"product_tag":[],"class_list":{"0":"post-8386","1":"product","2":"type-product","3":"status-publish","4":"has-post-thumbnail","6":"product_cat-buzdolabi","8":"first","9":"instock","10":"shipping-taxable","11":"product-type-simple","12":"add-to-wishlist-after_add_to_cart"},"aioseo_notices":[],"_links":{"self":[{"href":"https:\/\/cyprusbosch.com\/en\/wp-json\/wp\/v2\/product\/8386","targetHints":{"allow":["GET"]}}],"collection":[{"href":"https:\/\/cyprusbosch.com\/en\/wp-json\/wp\/v2\/product"}],"about":[{"href":"https:\/\/cyprusbosch.com\/en\/wp-json\/wp\/v2\/types\/product"}],"replies":[{"embeddable":true,"href":"https:\/\/cyprusbosch.com\/en\/wp-json\/wp\/v2\/comments?post=8386"}],"wp:featuredmedia":[{"embeddable":true,"href":"https:\/\/cyprusbosch.com\/en\/wp-json\/wp\/v2\/media\/10059"}],"wp:attachment":[{"href":"https:\/\/cyprusbosch.com\/en\/wp-json\/wp\/v2\/media?parent=8386"}],"wp:term":[{"taxonomy":"product_brand","embeddable":true,"href":"https:\/\/cyprusbosch.com\/en\/wp-json\/wp\/v2\/product_brand?post=8386"},{"taxonomy":"product_cat","embeddable":true,"href":"https:\/\/cyprusbosch.com\/en\/wp-json\/wp\/v2\/product_cat?post=8386"},{"taxonomy":"product_tag","embeddable":true,"href":"https:\/\/cyprusbosch.com\/en\/wp-json\/wp\/v2\/product_tag?post=8386"}],"curies":[{"name":"wp","href":"https:\/\/api.w.org\/{rel}","templated":true}]}}