{"id":8393,"date":"2025-02-22T17:40:07","date_gmt":"2025-02-22T17:40:07","guid":{"rendered":"https:\/\/cyprusbosch.com\/?post_type=product&#038;p=8393"},"modified":"2025-08-06T18:14:54","modified_gmt":"2025-08-06T18:14:54","slug":"serie-6-nofrost-kombi-celik-buzdolabi","status":"publish","type":"product","link":"https:\/\/cyprusbosch.com\/en\/product\/serie-6-nofrost-kombi-celik-buzdolabi\/","title":{"rendered":"Serie | 6 Nofrost Kombi \u00c7elik Buzdolab\u0131"},"content":{"rendered":"<p>Geni\u015flik (mm) 750 mm<br \/>\nY\u00fckseklik (mm) 1.860 mm<br \/>\nRenk Paslanmaz \u00e7elik (parmak izi b\u0131rakmaz)<br \/>\nSo\u011futucu net kapasitesi (l) 406 l<br \/>\nDondurucu net kapasitesi (l) 115 l<br \/>\nEnerji Verimlilik S\u0131n\u0131f\u0131 A++<br \/>\nY\u0131ll\u0131k enerji t\u00fcketimi (kWh\/annum) \u2013 2010 335,00 kWh\/annum<br \/>\nSogutucu sicaklik g\u00f6stergesi Dijital LCD<br \/>\nG\u00fcr\u00fclt\u00fc seviyesi (dB) 42<br \/>\nKap\u0131 mente\u015fesi Sa\u011f, De\u011fi\u015ftirilebilir<br \/>\nSiseler icin raf :Var<br \/>\nElektrik kablosu uzunlu\u011fu (cm) 240 cm<br \/>\nEntegre aksesuarlar 3 x Yumurtal\u0131k<\/p>","protected":false},"excerpt":{"rendered":"<p>Geni\u015flik (mm) 750 mm Y\u00fckseklik (mm) 1.860 mm Renk Paslanmaz \u00e7elik (parmak izi b\u0131rakmaz) So\u011futucu net kapasitesi (l) 406 l Dondurucu net kapasitesi (l) 115 l Enerji Verimlilik S\u0131n\u0131f\u0131 A++ Y\u0131ll\u0131k enerji t\u00fcketimi (kWh\/annum) \u2013 2010 335,00 kWh\/annum Sogutucu sicaklik g\u00f6stergesi Dijital LCD G\u00fcr\u00fclt\u00fc seviyesi (dB) 42 Kap\u0131 mente\u015fesi Sa\u011f, De\u011fi\u015ftirilebilir Siseler icin raf :Var [&hellip;]<\/p>","protected":false},"featured_media":10031,"comment_status":"open","ping_status":"closed","template":"","meta":{"om_disable_all_campaigns":false,"_monsterinsights_skip_tracking":false,"_monsterinsights_sitenote_active":false,"_monsterinsights_sitenote_note":"","_monsterinsights_sitenote_category":0,"_joinchat":[]},"product_brand":[],"product_cat":[183,185],"product_tag":[],"class_list":{"0":"post-8393","1":"product","2":"type-product","3":"status-publish","4":"has-post-thumbnail","6":"product_cat-buzdolabi","7":"product_cat-solo-buzdolabi","8":"ts_product_brand-bosch","10":"first","11":"instock","12":"shipping-taxable","13":"product-type-simple","14":"add-to-wishlist-after_add_to_cart"},"aioseo_notices":[],"_links":{"self":[{"href":"https:\/\/cyprusbosch.com\/en\/wp-json\/wp\/v2\/product\/8393","targetHints":{"allow":["GET"]}}],"collection":[{"href":"https:\/\/cyprusbosch.com\/en\/wp-json\/wp\/v2\/product"}],"about":[{"href":"https:\/\/cyprusbosch.com\/en\/wp-json\/wp\/v2\/types\/product"}],"replies":[{"embeddable":true,"href":"https:\/\/cyprusbosch.com\/en\/wp-json\/wp\/v2\/comments?post=8393"}],"wp:featuredmedia":[{"embeddable":true,"href":"https:\/\/cyprusbosch.com\/en\/wp-json\/wp\/v2\/media\/10031"}],"wp:attachment":[{"href":"https:\/\/cyprusbosch.com\/en\/wp-json\/wp\/v2\/media?parent=8393"}],"wp:term":[{"taxonomy":"product_brand","embeddable":true,"href":"https:\/\/cyprusbosch.com\/en\/wp-json\/wp\/v2\/product_brand?post=8393"},{"taxonomy":"product_cat","embeddable":true,"href":"https:\/\/cyprusbosch.com\/en\/wp-json\/wp\/v2\/product_cat?post=8393"},{"taxonomy":"product_tag","embeddable":true,"href":"https:\/\/cyprusbosch.com\/en\/wp-json\/wp\/v2\/product_tag?post=8393"}],"curies":[{"name":"wp","href":"https:\/\/api.w.org\/{rel}","templated":true}]}}