{"id":8400,"date":"2025-02-22T17:43:33","date_gmt":"2025-02-22T17:43:33","guid":{"rendered":"https:\/\/cyprusbosch.com\/?post_type=product&#038;p=8400"},"modified":"2025-08-06T18:06:09","modified_gmt":"2025-08-06T18:06:09","slug":"serie-6-alttan-donduruculu-buzdolabi-186-x-86-cm-beyaz","status":"publish","type":"product","link":"https:\/\/cyprusbosch.com\/en\/product\/serie-6-alttan-donduruculu-buzdolabi-186-x-86-cm-beyaz\/","title":{"rendered":"Serie | 6 Alttan Donduruculu Buzdolab\u0131 186 x 86 cm Beyaz"},"content":{"rendered":"<p>Boyutlar: 1860 x 860 x 840 mm<br \/>\nEnerji verimlilik s\u0131n\u0131f\u0131: F<br \/>\nRenk: High-gloss<br \/>\nHome Connect: Hay\u0131r<br \/>\nVitaFresh Plus: Evet<br \/>\nVitaFresh: Evet<br \/>\nToplam kapasite: 631 litre<br \/>\nSo\u011futucu b\u00f6l\u00fcm\u00fc kapasitesi: 479 litre<br \/>\nDerin dondurucu b\u00f6l\u00fcm\u00fc kapasitesi: 152 litre<br \/>\nY\u0131ll\u0131k ortalama enerji t\u00fcketimi: 384 kWh\/y\u0131l<br \/>\nSes seviyesi:42 dB(A) re 1 pW<br \/>\nSes seviyesi s\u0131n\u0131f\u0131: D<br \/>\nEntegre aksesuarlar: 3 x Yumurtal\u0131k<\/p>","protected":false},"excerpt":{"rendered":"<p>Boyutlar: 1860 x 860 x 840 mm Enerji verimlilik s\u0131n\u0131f\u0131: F Renk: High-gloss Home Connect: Hay\u0131r VitaFresh Plus: Evet VitaFresh: Evet Toplam kapasite: 631 litre So\u011futucu b\u00f6l\u00fcm\u00fc kapasitesi: 479 litre Derin dondurucu b\u00f6l\u00fcm\u00fc kapasitesi: 152 litre Y\u0131ll\u0131k ortalama enerji t\u00fcketimi: 384 kWh\/y\u0131l Ses seviyesi:42 dB(A) re 1 pW Ses seviyesi s\u0131n\u0131f\u0131: D Entegre aksesuarlar: 3 [&hellip;]<\/p>","protected":false},"featured_media":10027,"comment_status":"open","ping_status":"closed","template":"","meta":{"om_disable_all_campaigns":false,"_monsterinsights_skip_tracking":false,"_monsterinsights_sitenote_active":false,"_monsterinsights_sitenote_note":"","_monsterinsights_sitenote_category":0,"_joinchat":[]},"product_brand":[],"product_cat":[183,185],"product_tag":[],"class_list":{"0":"post-8400","1":"product","2":"type-product","3":"status-publish","4":"has-post-thumbnail","6":"product_cat-buzdolabi","7":"product_cat-solo-buzdolabi","8":"ts_product_brand-bosch","10":"first","11":"instock","12":"shipping-taxable","13":"product-type-simple","14":"add-to-wishlist-after_add_to_cart"},"aioseo_notices":[],"_links":{"self":[{"href":"https:\/\/cyprusbosch.com\/en\/wp-json\/wp\/v2\/product\/8400","targetHints":{"allow":["GET"]}}],"collection":[{"href":"https:\/\/cyprusbosch.com\/en\/wp-json\/wp\/v2\/product"}],"about":[{"href":"https:\/\/cyprusbosch.com\/en\/wp-json\/wp\/v2\/types\/product"}],"replies":[{"embeddable":true,"href":"https:\/\/cyprusbosch.com\/en\/wp-json\/wp\/v2\/comments?post=8400"}],"wp:featuredmedia":[{"embeddable":true,"href":"https:\/\/cyprusbosch.com\/en\/wp-json\/wp\/v2\/media\/10027"}],"wp:attachment":[{"href":"https:\/\/cyprusbosch.com\/en\/wp-json\/wp\/v2\/media?parent=8400"}],"wp:term":[{"taxonomy":"product_brand","embeddable":true,"href":"https:\/\/cyprusbosch.com\/en\/wp-json\/wp\/v2\/product_brand?post=8400"},{"taxonomy":"product_cat","embeddable":true,"href":"https:\/\/cyprusbosch.com\/en\/wp-json\/wp\/v2\/product_cat?post=8400"},{"taxonomy":"product_tag","embeddable":true,"href":"https:\/\/cyprusbosch.com\/en\/wp-json\/wp\/v2\/product_tag?post=8400"}],"curies":[{"name":"wp","href":"https:\/\/api.w.org\/{rel}","templated":true}]}}