{"id":8408,"date":"2025-02-22T17:47:03","date_gmt":"2025-02-22T17:47:03","guid":{"rendered":"https:\/\/cyprusbosch.com\/?post_type=product&#038;p=8408"},"modified":"2025-08-06T18:10:34","modified_gmt":"2025-08-06T18:10:34","slug":"serie-6-nofrost-kombi-186x86-celik-buzdolabi","status":"publish","type":"product","link":"https:\/\/cyprusbosch.com\/en\/product\/serie-6-nofrost-kombi-186x86-celik-buzdolabi\/","title":{"rendered":"Serie | 6 Nofrost Kombi 186\u00d786 \u00c7elik Buzdolab\u0131"},"content":{"rendered":"<p>Boyutlar: 186x86x81 cm<br \/>\nKapasite Toplam: 619 litre.<br \/>\nKontrol: Harici dokunma<br \/>\nS\u0131n\u0131f Enerji: A++<br \/>\nY\u0131ll\u0131k t\u00fcketim Ge\u00e7erli: 378 kWh<br \/>\nS\u0131n\u0131f \u0130klim: SN, N, ST, T<br \/>\nD\u00fczey G\u00fcr\u00fclt\u00fc: 42 dB<br \/>\nSo\u011futma Kapasitesi:479 litre<br \/>\nRaflar\u0131: 3 adet<br \/>\nDondurucu konumu: A\u015fa\u011f\u0131dan<br \/>\nDondurucu Kapasitesi: 140 litre.<br \/>\nDondurucu B\u00f6lmesi: 2 adet.<\/p>","protected":false},"excerpt":{"rendered":"<p>Boyutlar: 186x86x81 cm Kapasite Toplam: 619 litre. Kontrol: Harici dokunma S\u0131n\u0131f Enerji: A++ Y\u0131ll\u0131k t\u00fcketim Ge\u00e7erli: 378 kWh S\u0131n\u0131f \u0130klim: SN, N, ST, T D\u00fczey G\u00fcr\u00fclt\u00fc: 42 dB So\u011futma Kapasitesi:479 litre Raflar\u0131: 3 adet Dondurucu konumu: A\u015fa\u011f\u0131dan Dondurucu Kapasitesi: 140 litre. Dondurucu B\u00f6lmesi: 2 adet.<\/p>","protected":false},"featured_media":10029,"comment_status":"open","ping_status":"closed","template":"","meta":{"om_disable_all_campaigns":false,"_monsterinsights_skip_tracking":false,"_monsterinsights_sitenote_active":false,"_monsterinsights_sitenote_note":"","_monsterinsights_sitenote_category":0,"_joinchat":[]},"product_brand":[],"product_cat":[183,185],"product_tag":[],"class_list":{"0":"post-8408","1":"product","2":"type-product","3":"status-publish","4":"has-post-thumbnail","6":"product_cat-buzdolabi","7":"product_cat-solo-buzdolabi","8":"ts_product_brand-bosch","10":"first","11":"instock","12":"shipping-taxable","13":"product-type-simple","14":"add-to-wishlist-after_add_to_cart"},"aioseo_notices":[],"_links":{"self":[{"href":"https:\/\/cyprusbosch.com\/en\/wp-json\/wp\/v2\/product\/8408","targetHints":{"allow":["GET"]}}],"collection":[{"href":"https:\/\/cyprusbosch.com\/en\/wp-json\/wp\/v2\/product"}],"about":[{"href":"https:\/\/cyprusbosch.com\/en\/wp-json\/wp\/v2\/types\/product"}],"replies":[{"embeddable":true,"href":"https:\/\/cyprusbosch.com\/en\/wp-json\/wp\/v2\/comments?post=8408"}],"wp:featuredmedia":[{"embeddable":true,"href":"https:\/\/cyprusbosch.com\/en\/wp-json\/wp\/v2\/media\/10029"}],"wp:attachment":[{"href":"https:\/\/cyprusbosch.com\/en\/wp-json\/wp\/v2\/media?parent=8408"}],"wp:term":[{"taxonomy":"product_brand","embeddable":true,"href":"https:\/\/cyprusbosch.com\/en\/wp-json\/wp\/v2\/product_brand?post=8408"},{"taxonomy":"product_cat","embeddable":true,"href":"https:\/\/cyprusbosch.com\/en\/wp-json\/wp\/v2\/product_cat?post=8408"},{"taxonomy":"product_tag","embeddable":true,"href":"https:\/\/cyprusbosch.com\/en\/wp-json\/wp\/v2\/product_tag?post=8408"}],"curies":[{"name":"wp","href":"https:\/\/api.w.org\/{rel}","templated":true}]}}