{"id":8431,"date":"2025-02-22T18:13:30","date_gmt":"2025-02-22T18:13:30","guid":{"rendered":"https:\/\/cyprusbosch.com\/?post_type=product&#038;p=8431"},"modified":"2025-08-06T17:59:36","modified_gmt":"2025-08-06T17:59:36","slug":"serie-4-inox-paslanmaz-celik-buzdolabi-203-x-70","status":"publish","type":"product","link":"https:\/\/cyprusbosch.com\/en\/product\/serie-4-inox-paslanmaz-celik-buzdolabi-203-x-70\/","title":{"rendered":"Serie | 4 Inox Paslanmaz \u00c7elik Buzdolab\u0131 203 x 70"},"content":{"rendered":"<p>\u00dcr\u00fcn geni\u015fli\u011fi: 800 mm<br \/>\n\u00dcr\u00fcn\u00fcn y\u00fcksekli\u011fi: 2.030 mm<br \/>\n\u00dcr\u00fcn\u00fcn derinli\u011fi: 660 mm<br \/>\nBuzdolab\u0131 Net kapasitesi : 435Lt<br \/>\n\u00dcr\u00fcn\u00fcn ana Paslanmaz \u00c7elik<br \/>\nEnerji verimlilik s\u0131n\u0131f\u0131: A ++ Enerji<br \/>\nNF \u00f6zellikli<br \/>\nAnti-bakteriyel<\/p>","protected":false},"excerpt":{"rendered":"<p>\u00dcr\u00fcn geni\u015fli\u011fi: 800 mm \u00dcr\u00fcn\u00fcn y\u00fcksekli\u011fi: 2.030 mm \u00dcr\u00fcn\u00fcn derinli\u011fi: 660 mm Buzdolab\u0131 Net kapasitesi : 435Lt \u00dcr\u00fcn\u00fcn ana Paslanmaz \u00c7elik Enerji verimlilik s\u0131n\u0131f\u0131: A ++ Enerji NF \u00f6zellikli Anti-bakteriyel<\/p>","protected":false},"featured_media":10022,"comment_status":"open","ping_status":"closed","template":"","meta":{"om_disable_all_campaigns":false,"_monsterinsights_skip_tracking":false,"_monsterinsights_sitenote_active":false,"_monsterinsights_sitenote_note":"","_monsterinsights_sitenote_category":0,"_joinchat":[]},"product_brand":[],"product_cat":[183,185],"product_tag":[],"class_list":{"0":"post-8431","1":"product","2":"type-product","3":"status-publish","4":"has-post-thumbnail","6":"product_cat-buzdolabi","7":"product_cat-solo-buzdolabi","8":"ts_product_brand-bosch","10":"first","11":"instock","12":"shipping-taxable","13":"product-type-simple","14":"add-to-wishlist-after_add_to_cart"},"aioseo_notices":[],"_links":{"self":[{"href":"https:\/\/cyprusbosch.com\/en\/wp-json\/wp\/v2\/product\/8431","targetHints":{"allow":["GET"]}}],"collection":[{"href":"https:\/\/cyprusbosch.com\/en\/wp-json\/wp\/v2\/product"}],"about":[{"href":"https:\/\/cyprusbosch.com\/en\/wp-json\/wp\/v2\/types\/product"}],"replies":[{"embeddable":true,"href":"https:\/\/cyprusbosch.com\/en\/wp-json\/wp\/v2\/comments?post=8431"}],"wp:featuredmedia":[{"embeddable":true,"href":"https:\/\/cyprusbosch.com\/en\/wp-json\/wp\/v2\/media\/10022"}],"wp:attachment":[{"href":"https:\/\/cyprusbosch.com\/en\/wp-json\/wp\/v2\/media?parent=8431"}],"wp:term":[{"taxonomy":"product_brand","embeddable":true,"href":"https:\/\/cyprusbosch.com\/en\/wp-json\/wp\/v2\/product_brand?post=8431"},{"taxonomy":"product_cat","embeddable":true,"href":"https:\/\/cyprusbosch.com\/en\/wp-json\/wp\/v2\/product_cat?post=8431"},{"taxonomy":"product_tag","embeddable":true,"href":"https:\/\/cyprusbosch.com\/en\/wp-json\/wp\/v2\/product_tag?post=8431"}],"curies":[{"name":"wp","href":"https:\/\/api.w.org\/{rel}","templated":true}]}}