{"id":8439,"date":"2025-02-22T18:17:21","date_gmt":"2025-02-22T18:17:21","guid":{"rendered":"https:\/\/cyprusbosch.com\/?post_type=product&#038;p=8439"},"modified":"2025-08-06T18:11:54","modified_gmt":"2025-08-06T18:11:54","slug":"serie-6-nofrost-kombi-cam-siyah-203x70-buzdolabi","status":"publish","type":"product","link":"https:\/\/cyprusbosch.com\/en\/product\/serie-6-nofrost-kombi-cam-siyah-203x70-buzdolabi\/","title":{"rendered":"Serie | 6 Nofrost Kombi Cam Siyah 203\u00d770 Buzdolab\u0131"},"content":{"rendered":"<p>\u00dcr\u00fcn geni\u015fli\u011fi: 700 mm<br \/>\n\u00dcr\u00fcn\u00fcn y\u00fcksekli\u011fi: 2,030 mm<br \/>\n\u00dcr\u00fcn\u00fcn ana rengi siyah<br \/>\nBuzdolab\u0131 Net kapasitesi: YEN\u0130 (2010\/30 \/ EC) 330 Lt<br \/>\nDondurucu Net kapasitesi: YEN\u0130 (2010\/30 \/ EC) 105 LT<br \/>\nEnerji verimlilik s\u0131n\u0131f\u0131: A ++ Enerji<br \/>\nY\u0131ll\u0131k enerji t\u00fcketimi: YEN\u0130 (2010\/30 \/ EC) 303.00 kWh \/ y\u0131l<br \/>\nS\u0131cakl\u0131k g\u00f6stergesi buzdolab\u0131 dijital LED<br \/>\nG\u00fcr\u00fclt\u00fc seviyesi: 40 db<br \/>\nKap\u0131 mente\u015fesi de\u011fi\u015febilir y\u00f6n<br \/>\n\u015ei\u015feler i\u00e7in Raflar : var<br \/>\nBirlikte verilen aksesuarlar:<br \/>\n2 x so\u011fuk ak\u00fcm\u00fclat\u00f6r<br \/>\n3 x yumurta tepsisi<br \/>\n1 x kapakl\u0131 buzluk,<br \/>\nkap\u0131 tepsisinde 1 x \u015fi\u015fe tutucu<\/p>","protected":false},"excerpt":{"rendered":"<p>\u00dcr\u00fcn geni\u015fli\u011fi: 700 mm \u00dcr\u00fcn\u00fcn y\u00fcksekli\u011fi: 2,030 mm \u00dcr\u00fcn\u00fcn ana rengi siyah Buzdolab\u0131 Net kapasitesi: YEN\u0130 (2010\/30 \/ EC) 330 Lt Dondurucu Net kapasitesi: YEN\u0130 (2010\/30 \/ EC) 105 LT Enerji verimlilik s\u0131n\u0131f\u0131: A ++ Enerji Y\u0131ll\u0131k enerji t\u00fcketimi: YEN\u0130 (2010\/30 \/ EC) 303.00 kWh \/ y\u0131l S\u0131cakl\u0131k g\u00f6stergesi buzdolab\u0131 dijital LED G\u00fcr\u00fclt\u00fc seviyesi: 40 [&hellip;]<\/p>","protected":false},"featured_media":10030,"comment_status":"open","ping_status":"closed","template":"","meta":{"om_disable_all_campaigns":false,"_monsterinsights_skip_tracking":false,"_monsterinsights_sitenote_active":false,"_monsterinsights_sitenote_note":"","_monsterinsights_sitenote_category":0,"_joinchat":[]},"product_brand":[],"product_cat":[183,185],"product_tag":[],"class_list":{"0":"post-8439","1":"product","2":"type-product","3":"status-publish","4":"has-post-thumbnail","6":"product_cat-buzdolabi","7":"product_cat-solo-buzdolabi","8":"ts_product_brand-bosch","10":"first","11":"instock","12":"shipping-taxable","13":"product-type-simple","14":"add-to-wishlist-after_add_to_cart"},"aioseo_notices":[],"_links":{"self":[{"href":"https:\/\/cyprusbosch.com\/en\/wp-json\/wp\/v2\/product\/8439","targetHints":{"allow":["GET"]}}],"collection":[{"href":"https:\/\/cyprusbosch.com\/en\/wp-json\/wp\/v2\/product"}],"about":[{"href":"https:\/\/cyprusbosch.com\/en\/wp-json\/wp\/v2\/types\/product"}],"replies":[{"embeddable":true,"href":"https:\/\/cyprusbosch.com\/en\/wp-json\/wp\/v2\/comments?post=8439"}],"wp:featuredmedia":[{"embeddable":true,"href":"https:\/\/cyprusbosch.com\/en\/wp-json\/wp\/v2\/media\/10030"}],"wp:attachment":[{"href":"https:\/\/cyprusbosch.com\/en\/wp-json\/wp\/v2\/media?parent=8439"}],"wp:term":[{"taxonomy":"product_brand","embeddable":true,"href":"https:\/\/cyprusbosch.com\/en\/wp-json\/wp\/v2\/product_brand?post=8439"},{"taxonomy":"product_cat","embeddable":true,"href":"https:\/\/cyprusbosch.com\/en\/wp-json\/wp\/v2\/product_cat?post=8439"},{"taxonomy":"product_tag","embeddable":true,"href":"https:\/\/cyprusbosch.com\/en\/wp-json\/wp\/v2\/product_tag?post=8439"}],"curies":[{"name":"wp","href":"https:\/\/api.w.org\/{rel}","templated":true}]}}