{"id":8447,"date":"2025-02-22T19:26:39","date_gmt":"2025-02-22T19:26:39","guid":{"rendered":"https:\/\/cyprusbosch.com\/?post_type=product&#038;p=8447"},"modified":"2025-08-06T18:02:15","modified_gmt":"2025-08-06T18:02:15","slug":"serie-4-multi-door-kolay-temizlenebilir-inox-183-x-90-5","status":"publish","type":"product","link":"https:\/\/cyprusbosch.com\/en\/product\/serie-4-multi-door-kolay-temizlenebilir-inox-183-x-90-5\/","title":{"rendered":"Serie | 4 Multi Door Kolay Temizlenebilir Inox 183 x 90.5"},"content":{"rendered":"<p>\u00dcr\u00fcn \u00d6l\u00e7\u00fcleri: 1830 x 905 x 731 mm<br \/>\nRenk: Kolay temizlenebilir Inox<br \/>\nKap\u0131 y\u00f6n\u00fc: Sol &amp; Sa\u011f<br \/>\nKap\u0131 kolu tipi: Entegre dikey ve yatay kap\u0131 kolu<br \/>\nEnerji verimlilik s\u0131n\u0131f\u0131: E<br \/>\nY\u0131ll\u0131k ortalama enerji t\u00fcketimi: 333 kWh\/y\u0131l<br \/>\nSo\u011futucu b\u00f6l\u00fcm\u00fc kapasitesi: 405 litre<br \/>\nDerin dondurucu b\u00f6l\u00fcm\u00fc kapasitesi: 200 litre<br \/>\nBuzdolab\u0131 raf adedi: 3<br \/>\nSo\u011futucu b\u00f6l\u00fcm\u00fc ayarlanabilir raf adedi: 2<br \/>\nYumurtal\u0131k adedi: 3<br \/>\nBuzdolab\u0131 kap\u0131 raf\u0131 adedi: 4<\/p>","protected":false},"excerpt":{"rendered":"<p>\u00dcr\u00fcn \u00d6l\u00e7\u00fcleri: 1830 x 905 x 731 mm Renk: Kolay temizlenebilir Inox Kap\u0131 y\u00f6n\u00fc: Sol &amp; Sa\u011f Kap\u0131 kolu tipi: Entegre dikey ve yatay kap\u0131 kolu Enerji verimlilik s\u0131n\u0131f\u0131: E Y\u0131ll\u0131k ortalama enerji t\u00fcketimi: 333 kWh\/y\u0131l So\u011futucu b\u00f6l\u00fcm\u00fc kapasitesi: 405 litre Derin dondurucu b\u00f6l\u00fcm\u00fc kapasitesi: 200 litre Buzdolab\u0131 raf adedi: 3 So\u011futucu b\u00f6l\u00fcm\u00fc ayarlanabilir raf [&hellip;]<\/p>","protected":false},"featured_media":10024,"comment_status":"open","ping_status":"closed","template":"","meta":{"om_disable_all_campaigns":false,"_monsterinsights_skip_tracking":false,"_monsterinsights_sitenote_active":false,"_monsterinsights_sitenote_note":"","_monsterinsights_sitenote_category":0,"_joinchat":[]},"product_brand":[],"product_cat":[183,185],"product_tag":[],"class_list":{"0":"post-8447","1":"product","2":"type-product","3":"status-publish","4":"has-post-thumbnail","6":"product_cat-buzdolabi","7":"product_cat-solo-buzdolabi","8":"ts_product_brand-bosch","10":"first","11":"instock","12":"shipping-taxable","13":"product-type-simple","14":"add-to-wishlist-after_add_to_cart"},"aioseo_notices":[],"_links":{"self":[{"href":"https:\/\/cyprusbosch.com\/en\/wp-json\/wp\/v2\/product\/8447","targetHints":{"allow":["GET"]}}],"collection":[{"href":"https:\/\/cyprusbosch.com\/en\/wp-json\/wp\/v2\/product"}],"about":[{"href":"https:\/\/cyprusbosch.com\/en\/wp-json\/wp\/v2\/types\/product"}],"replies":[{"embeddable":true,"href":"https:\/\/cyprusbosch.com\/en\/wp-json\/wp\/v2\/comments?post=8447"}],"wp:featuredmedia":[{"embeddable":true,"href":"https:\/\/cyprusbosch.com\/en\/wp-json\/wp\/v2\/media\/10024"}],"wp:attachment":[{"href":"https:\/\/cyprusbosch.com\/en\/wp-json\/wp\/v2\/media?parent=8447"}],"wp:term":[{"taxonomy":"product_brand","embeddable":true,"href":"https:\/\/cyprusbosch.com\/en\/wp-json\/wp\/v2\/product_brand?post=8447"},{"taxonomy":"product_cat","embeddable":true,"href":"https:\/\/cyprusbosch.com\/en\/wp-json\/wp\/v2\/product_cat?post=8447"},{"taxonomy":"product_tag","embeddable":true,"href":"https:\/\/cyprusbosch.com\/en\/wp-json\/wp\/v2\/product_tag?post=8447"}],"curies":[{"name":"wp","href":"https:\/\/api.w.org\/{rel}","templated":true}]}}