{"id":8478,"date":"2025-02-22T19:45:51","date_gmt":"2025-02-22T19:45:51","guid":{"rendered":"https:\/\/cyprusbosch.com\/?post_type=product&#038;p=8478"},"modified":"2025-08-06T18:25:42","modified_gmt":"2025-08-06T18:25:42","slug":"serie-4-camasir-makinesi-9-kg-1200-dev-dak-2","status":"publish","type":"product","link":"https:\/\/cyprusbosch.com\/en\/product\/serie-4-camasir-makinesi-9-kg-1200-dev-dak-2\/","title":{"rendered":"Serie 4 | \u00c7ama\u015f\u0131r Makinesi 9 kg 1200 dev.\/dak."},"content":{"rendered":"<p>9 kg<\/p>\n<p>1200 dev.\/dak.<\/p>","protected":false},"excerpt":{"rendered":"<p>9 kg 1200 dev.\/dak.<\/p>","protected":false},"featured_media":10038,"comment_status":"open","ping_status":"closed","template":"","meta":{"om_disable_all_campaigns":false,"_monsterinsights_skip_tracking":false,"_monsterinsights_sitenote_active":false,"_monsterinsights_sitenote_note":"","_monsterinsights_sitenote_category":0,"_joinchat":[]},"product_brand":[],"product_cat":[186,189],"product_tag":[],"class_list":{"0":"post-8478","1":"product","2":"type-product","3":"status-publish","4":"has-post-thumbnail","6":"product_cat-camasir-makineleri","7":"product_cat-solo-camasir-makineleri","8":"ts_product_brand-bosch","10":"first","11":"instock","12":"shipping-taxable","13":"product-type-simple","14":"add-to-wishlist-after_add_to_cart"},"aioseo_notices":[],"_links":{"self":[{"href":"https:\/\/cyprusbosch.com\/en\/wp-json\/wp\/v2\/product\/8478","targetHints":{"allow":["GET"]}}],"collection":[{"href":"https:\/\/cyprusbosch.com\/en\/wp-json\/wp\/v2\/product"}],"about":[{"href":"https:\/\/cyprusbosch.com\/en\/wp-json\/wp\/v2\/types\/product"}],"replies":[{"embeddable":true,"href":"https:\/\/cyprusbosch.com\/en\/wp-json\/wp\/v2\/comments?post=8478"}],"wp:featuredmedia":[{"embeddable":true,"href":"https:\/\/cyprusbosch.com\/en\/wp-json\/wp\/v2\/media\/10038"}],"wp:attachment":[{"href":"https:\/\/cyprusbosch.com\/en\/wp-json\/wp\/v2\/media?parent=8478"}],"wp:term":[{"taxonomy":"product_brand","embeddable":true,"href":"https:\/\/cyprusbosch.com\/en\/wp-json\/wp\/v2\/product_brand?post=8478"},{"taxonomy":"product_cat","embeddable":true,"href":"https:\/\/cyprusbosch.com\/en\/wp-json\/wp\/v2\/product_cat?post=8478"},{"taxonomy":"product_tag","embeddable":true,"href":"https:\/\/cyprusbosch.com\/en\/wp-json\/wp\/v2\/product_tag?post=8478"}],"curies":[{"name":"wp","href":"https:\/\/api.w.org\/{rel}","templated":true}]}}