{"id":8488,"date":"2025-02-22T19:50:46","date_gmt":"2025-02-22T19:50:46","guid":{"rendered":"https:\/\/cyprusbosch.com\/?post_type=product&#038;p=8488"},"modified":"2025-06-28T15:27:27","modified_gmt":"2025-06-28T15:27:27","slug":"serie-4-camasir-makinesi-9-kg-1200-dev-dak-gumus-3","status":"publish","type":"product","link":"https:\/\/cyprusbosch.com\/en\/product\/serie-4-camasir-makinesi-9-kg-1200-dev-dak-gumus-3\/","title":{"rendered":"Serie 4 \u00c7ama\u015f\u0131r Makinesi 9 kg 1200 dev.\/dak., G\u00fcm\u00fc\u015f"},"content":{"rendered":"<p><span class=\"css-t5j14m\" data-testid=\"product-title-headline-value-class\">Serie 4<\/span>\u00a0\u00c7ama\u015f\u0131r Makinesi 9 kg 1200 dev.\/dak., G\u00fcm\u00fc\u015f<\/p>","protected":false},"excerpt":{"rendered":"<p>Serie 4\u00a0\u00c7ama\u015f\u0131r Makinesi 9 kg 1200 dev.\/dak., G\u00fcm\u00fc\u015f<\/p>","protected":false},"featured_media":10013,"comment_status":"open","ping_status":"closed","template":"","meta":{"om_disable_all_campaigns":false,"_monsterinsights_skip_tracking":false,"_monsterinsights_sitenote_active":false,"_monsterinsights_sitenote_note":"","_monsterinsights_sitenote_category":0,"_joinchat":[]},"product_brand":[],"product_cat":[186,189],"product_tag":[],"class_list":{"0":"post-8488","1":"product","2":"type-product","3":"status-publish","4":"has-post-thumbnail","6":"product_cat-camasir-makineleri","7":"product_cat-solo-camasir-makineleri","8":"ts_product_brand-bosch","10":"first","11":"instock","12":"shipping-taxable","13":"product-type-simple","14":"add-to-wishlist-after_add_to_cart"},"aioseo_notices":[],"_links":{"self":[{"href":"https:\/\/cyprusbosch.com\/en\/wp-json\/wp\/v2\/product\/8488","targetHints":{"allow":["GET"]}}],"collection":[{"href":"https:\/\/cyprusbosch.com\/en\/wp-json\/wp\/v2\/product"}],"about":[{"href":"https:\/\/cyprusbosch.com\/en\/wp-json\/wp\/v2\/types\/product"}],"replies":[{"embeddable":true,"href":"https:\/\/cyprusbosch.com\/en\/wp-json\/wp\/v2\/comments?post=8488"}],"wp:featuredmedia":[{"embeddable":true,"href":"https:\/\/cyprusbosch.com\/en\/wp-json\/wp\/v2\/media\/10013"}],"wp:attachment":[{"href":"https:\/\/cyprusbosch.com\/en\/wp-json\/wp\/v2\/media?parent=8488"}],"wp:term":[{"taxonomy":"product_brand","embeddable":true,"href":"https:\/\/cyprusbosch.com\/en\/wp-json\/wp\/v2\/product_brand?post=8488"},{"taxonomy":"product_cat","embeddable":true,"href":"https:\/\/cyprusbosch.com\/en\/wp-json\/wp\/v2\/product_cat?post=8488"},{"taxonomy":"product_tag","embeddable":true,"href":"https:\/\/cyprusbosch.com\/en\/wp-json\/wp\/v2\/product_tag?post=8488"}],"curies":[{"name":"wp","href":"https:\/\/api.w.org\/{rel}","templated":true}]}}