{"id":8506,"date":"2025-02-23T11:55:04","date_gmt":"2025-02-23T11:55:04","guid":{"rendered":"https:\/\/cyprusbosch.com\/?post_type=product&#038;p=8506"},"modified":"2025-06-28T11:29:25","modified_gmt":"2025-06-28T11:29:25","slug":"serie-4-camasir-makinesi-10-kg-1200-dev-dak-2","status":"publish","type":"product","link":"https:\/\/cyprusbosch.com\/en\/product\/serie-4-camasir-makinesi-10-kg-1200-dev-dak-2\/","title":{"rendered":"Serie | 4 \u00c7ama\u015f\u0131r Makinesi 10 kg 1200 dev.\/dak."},"content":{"rendered":"<p>\u00dcr\u00fcn\u00fcn boyutlar\u0131: 845 x 598 x 588 mm<br \/>\nKapa\u011f\u0131 90 derece a\u00e7\u0131k oldu\u011funda \u00fcr\u00fcn derinli\u011fi: 1.049 mm<br \/>\ntambur hacmi: 70 litre<br \/>\n\u00fcst tablas\u0131z y\u00fckseklik: 0 mm<br \/>\nNet A\u011f\u0131rl\u0131k: 74,8 kg<br \/>\nElektrik kablosu uzunlu\u011fu: 160,0 cm<br \/>\n\u00dcr\u00fcn Tipi: Solo<br \/>\nRenk: Beyaz<br \/>\nProgramlar: Beyazlar\/renkliler program\u0131, Hassas program\u0131, Sentetikler program\u0131, Y\u00fcnl\u00fcler elde y\u0131kama program\u0131<br \/>\n\u0130lave y\u0131kama programlar\u0131: AllergyPlus &amp; Baby, Ba\u015flat\/Beklet tu\u015fu, Devir say\u0131s\u0131 se\u00e7imi, Durulama, Kalan s\u00fcre erteleme, K\u0131r\u0131\u015f\u0131kl\u0131k \u00f6nleme, Leke \u00c7\u0131karma, Mix, Perde, S\u0131cakl\u0131k se\u00e7imi, S\u0131kma-Bo\u015faltma, Steam, S\u00fcper-K\u0131sa 15\u2019\/30\u2032, Tambur temizlik, VarioSpeed, Yorgan<br \/>\nSu g\u00fcvenlik sistemi: \u00c7oklu su korumas\u0131<br \/>\n\u00c7\u0131kar\u0131labilir \u00fcst kapak: hay\u0131r<br \/>\nEnerji s\u0131n\u0131f\u0131: A<br \/>\nKapasite: 10,0 kg<br \/>\nMaksimum s\u0131kma devri: 1.200 rpm<br \/>\nKap\u0131 y\u00f6n\u00fc: Sol<\/p>","protected":false},"excerpt":{"rendered":"<p>\u00dcr\u00fcn\u00fcn boyutlar\u0131: 845 x 598 x 588 mm Kapa\u011f\u0131 90 derece a\u00e7\u0131k oldu\u011funda \u00fcr\u00fcn derinli\u011fi: 1.049 mm tambur hacmi: 70 litre \u00fcst tablas\u0131z y\u00fckseklik: 0 mm Net A\u011f\u0131rl\u0131k: 74,8 kg Elektrik kablosu uzunlu\u011fu: 160,0 cm \u00dcr\u00fcn Tipi: Solo Renk: Beyaz Programlar: Beyazlar\/renkliler program\u0131, Hassas program\u0131, Sentetikler program\u0131, Y\u00fcnl\u00fcler elde y\u0131kama program\u0131 \u0130lave y\u0131kama programlar\u0131: AllergyPlus [&hellip;]<\/p>","protected":false},"featured_media":10003,"comment_status":"open","ping_status":"closed","template":"","meta":{"om_disable_all_campaigns":false,"_monsterinsights_skip_tracking":false,"_monsterinsights_sitenote_active":false,"_monsterinsights_sitenote_note":"","_monsterinsights_sitenote_category":0,"_joinchat":[]},"product_brand":[],"product_cat":[186,189],"product_tag":[],"class_list":{"0":"post-8506","1":"product","2":"type-product","3":"status-publish","4":"has-post-thumbnail","6":"product_cat-camasir-makineleri","7":"product_cat-solo-camasir-makineleri","8":"ts_product_brand-bosch","10":"first","11":"instock","12":"shipping-taxable","13":"product-type-simple","14":"add-to-wishlist-after_add_to_cart"},"aioseo_notices":[],"_links":{"self":[{"href":"https:\/\/cyprusbosch.com\/en\/wp-json\/wp\/v2\/product\/8506","targetHints":{"allow":["GET"]}}],"collection":[{"href":"https:\/\/cyprusbosch.com\/en\/wp-json\/wp\/v2\/product"}],"about":[{"href":"https:\/\/cyprusbosch.com\/en\/wp-json\/wp\/v2\/types\/product"}],"replies":[{"embeddable":true,"href":"https:\/\/cyprusbosch.com\/en\/wp-json\/wp\/v2\/comments?post=8506"}],"wp:featuredmedia":[{"embeddable":true,"href":"https:\/\/cyprusbosch.com\/en\/wp-json\/wp\/v2\/media\/10003"}],"wp:attachment":[{"href":"https:\/\/cyprusbosch.com\/en\/wp-json\/wp\/v2\/media?parent=8506"}],"wp:term":[{"taxonomy":"product_brand","embeddable":true,"href":"https:\/\/cyprusbosch.com\/en\/wp-json\/wp\/v2\/product_brand?post=8506"},{"taxonomy":"product_cat","embeddable":true,"href":"https:\/\/cyprusbosch.com\/en\/wp-json\/wp\/v2\/product_cat?post=8506"},{"taxonomy":"product_tag","embeddable":true,"href":"https:\/\/cyprusbosch.com\/en\/wp-json\/wp\/v2\/product_tag?post=8506"}],"curies":[{"name":"wp","href":"https:\/\/api.w.org\/{rel}","templated":true}]}}