{"id":8551,"date":"2025-02-23T12:28:10","date_gmt":"2025-02-23T12:28:10","guid":{"rendered":"https:\/\/cyprusbosch.com\/?post_type=product&#038;p=8551"},"modified":"2025-06-28T09:15:44","modified_gmt":"2025-06-28T09:15:44","slug":"serie-6-camasir-makinesi-10-kg-1200-dev-dak","status":"publish","type":"product","link":"https:\/\/cyprusbosch.com\/en\/product\/serie-6-camasir-makinesi-10-kg-1200-dev-dak\/","title":{"rendered":"Serie 6 | \u00c7ama\u015f\u0131r Makinesi 10 kg 1200 dev.\/dak."},"content":{"rendered":"<p><span class=\"css-t5j14m\" data-testid=\"product-title-headline-value-class\">Serie 6<\/span> \u00c7ama\u015f\u0131r Makinesi 10kg 1200rpm Beyaz I-Dos Ak\u0131ll\u0131 dozaj sistemi Buharl\u0131 \u00dct\u00fcleme<\/p>","protected":false},"excerpt":{"rendered":"<p>Serie 6 \u00c7ama\u015f\u0131r Makinesi 10kg 1200rpm Beyaz I-Dos Ak\u0131ll\u0131 dozaj sistemi Buharl\u0131 \u00dct\u00fcleme<\/p>","protected":false},"featured_media":9992,"comment_status":"open","ping_status":"closed","template":"","meta":{"om_disable_all_campaigns":false,"_monsterinsights_skip_tracking":false,"_monsterinsights_sitenote_active":false,"_monsterinsights_sitenote_note":"","_monsterinsights_sitenote_category":0,"_joinchat":[]},"product_brand":[],"product_cat":[186,189],"product_tag":[],"class_list":{"0":"post-8551","1":"product","2":"type-product","3":"status-publish","4":"has-post-thumbnail","6":"product_cat-camasir-makineleri","7":"product_cat-solo-camasir-makineleri","8":"ts_product_brand-bosch","10":"first","11":"instock","12":"shipping-taxable","13":"product-type-simple","14":"add-to-wishlist-after_add_to_cart"},"aioseo_notices":[],"_links":{"self":[{"href":"https:\/\/cyprusbosch.com\/en\/wp-json\/wp\/v2\/product\/8551","targetHints":{"allow":["GET"]}}],"collection":[{"href":"https:\/\/cyprusbosch.com\/en\/wp-json\/wp\/v2\/product"}],"about":[{"href":"https:\/\/cyprusbosch.com\/en\/wp-json\/wp\/v2\/types\/product"}],"replies":[{"embeddable":true,"href":"https:\/\/cyprusbosch.com\/en\/wp-json\/wp\/v2\/comments?post=8551"}],"wp:featuredmedia":[{"embeddable":true,"href":"https:\/\/cyprusbosch.com\/en\/wp-json\/wp\/v2\/media\/9992"}],"wp:attachment":[{"href":"https:\/\/cyprusbosch.com\/en\/wp-json\/wp\/v2\/media?parent=8551"}],"wp:term":[{"taxonomy":"product_brand","embeddable":true,"href":"https:\/\/cyprusbosch.com\/en\/wp-json\/wp\/v2\/product_brand?post=8551"},{"taxonomy":"product_cat","embeddable":true,"href":"https:\/\/cyprusbosch.com\/en\/wp-json\/wp\/v2\/product_cat?post=8551"},{"taxonomy":"product_tag","embeddable":true,"href":"https:\/\/cyprusbosch.com\/en\/wp-json\/wp\/v2\/product_tag?post=8551"}],"curies":[{"name":"wp","href":"https:\/\/api.w.org\/{rel}","templated":true}]}}