{"id":8572,"date":"2025-02-23T13:00:06","date_gmt":"2025-02-23T13:00:06","guid":{"rendered":"https:\/\/cyprusbosch.com\/?post_type=product&#038;p=8572"},"modified":"2025-08-06T18:55:02","modified_gmt":"2025-08-06T18:55:02","slug":"serie-2-solo-mikrodalga-siyah-49-x-29-cm","status":"publish","type":"product","link":"https:\/\/cyprusbosch.com\/en\/product\/serie-2-solo-mikrodalga-siyah-49-x-29-cm\/","title":{"rendered":"Serie | 2 Solo Mikrodalga Siyah 49 x 29 cm"},"content":{"rendered":"<p>Genel Geni\u015flik: 495 mm<br \/>\nY\u00fckseklik: 290 mm<br \/>\nRenk: Siyah<br \/>\nAutoPilot<br \/>\nMontaj tipi: Solo<br \/>\nG\u00fc\u00e7 seviyeleri: 8<br \/>\nMikrodalga G\u00fcc\u00fc: 900 W<br \/>\nNet kapasite: 25 Lt<\/p>","protected":false},"excerpt":{"rendered":"<p>Genel Geni\u015flik: 495 mm Y\u00fckseklik: 290 mm Renk: Siyah AutoPilot Montaj tipi: Solo G\u00fc\u00e7 seviyeleri: 8 Mikrodalga G\u00fcc\u00fc: 900 W Net kapasite: 25 Lt<\/p>","protected":false},"featured_media":10053,"comment_status":"open","ping_status":"closed","template":"","meta":{"om_disable_all_campaigns":false,"_monsterinsights_skip_tracking":false,"_monsterinsights_sitenote_active":false,"_monsterinsights_sitenote_note":"","_monsterinsights_sitenote_category":0,"_joinchat":[]},"product_brand":[],"product_cat":[200,202],"product_tag":[],"class_list":{"0":"post-8572","1":"product","2":"type-product","3":"status-publish","4":"has-post-thumbnail","6":"product_cat-mikrodalga-firinlar","7":"product_cat-solo-mikrodalga-firinlar","8":"ts_product_brand-bosch","10":"first","11":"instock","12":"shipping-taxable","13":"product-type-simple","14":"add-to-wishlist-after_add_to_cart"},"aioseo_notices":[],"_links":{"self":[{"href":"https:\/\/cyprusbosch.com\/en\/wp-json\/wp\/v2\/product\/8572","targetHints":{"allow":["GET"]}}],"collection":[{"href":"https:\/\/cyprusbosch.com\/en\/wp-json\/wp\/v2\/product"}],"about":[{"href":"https:\/\/cyprusbosch.com\/en\/wp-json\/wp\/v2\/types\/product"}],"replies":[{"embeddable":true,"href":"https:\/\/cyprusbosch.com\/en\/wp-json\/wp\/v2\/comments?post=8572"}],"wp:featuredmedia":[{"embeddable":true,"href":"https:\/\/cyprusbosch.com\/en\/wp-json\/wp\/v2\/media\/10053"}],"wp:attachment":[{"href":"https:\/\/cyprusbosch.com\/en\/wp-json\/wp\/v2\/media?parent=8572"}],"wp:term":[{"taxonomy":"product_brand","embeddable":true,"href":"https:\/\/cyprusbosch.com\/en\/wp-json\/wp\/v2\/product_brand?post=8572"},{"taxonomy":"product_cat","embeddable":true,"href":"https:\/\/cyprusbosch.com\/en\/wp-json\/wp\/v2\/product_cat?post=8572"},{"taxonomy":"product_tag","embeddable":true,"href":"https:\/\/cyprusbosch.com\/en\/wp-json\/wp\/v2\/product_tag?post=8572"}],"curies":[{"name":"wp","href":"https:\/\/api.w.org\/{rel}","templated":true}]}}